{"id":638,"date":"2018-07-09T14:42:15","date_gmt":"2018-07-09T14:42:15","guid":{"rendered":"https:\/\/jmrpublicidad.com\/politica-de-privacidad\/"},"modified":"2023-03-24T16:10:37","modified_gmt":"2023-03-24T16:10:37","slug":"politica-de-privacitat","status":"publish","type":"page","link":"https:\/\/jmrpublicidad.com\/ca\/politica-de-privacitat\/","title":{"rendered":"Pol\u00edtica de Privacitat"},"content":{"rendered":"<div class=\"wpb-content-wrapper\"><p>[vc_row][vc_column][vc_column_text]<\/p>\n<h3>INFORMACI\u00d3 A l&#8217;USUARI:<\/h3>\n<p>Jordi MR, SL \u00e9s el responsable del tractament de les dades personals de l&#8217;Usuari i l&#8217;informa que aquestes dades seran tractades de conformitat amb el que es disposa en el Reglament (UE) 2016\/679 de 27 d&#8217;abril de 2016 (GDPR) relatiu a la protecci\u00f3 de les persones f\u00edsiques pel que fa al tractament de dades personals i a la lliure circulaci\u00f3 d&#8217;aquestes dades, per la qual cosa se li facilita la seg\u00fcent informaci\u00f3 del tractament:<\/p>\n<p><strong>Fi del tractament:<\/strong> mantenir una relaci\u00f3 comercial amb l&#8217;Usuari. Les operacions previstes per a realitzar el tractament s\u00f3n:<\/p>\n<p style=\"padding-left: 30px;\">Remissi\u00f3 de comunicacions comercials publicit\u00e0ries per email, comunitats socials o qualsevol altre mitj\u00e0 electr\u00f2nic o f\u00edsic, present o futur, que possibiliti realitzar comunicacions comercials. Aquestes comunicacions seran realitzades pel Jordi MR, SL i relacionades sobre els seus productes i serveis, o dels seus col\u00b7laboradors o prove\u00efdors amb els quals aquest hagi aconseguit algun acord de promoci\u00f3. En aquest cas, els tercers mai tindran acc\u00e9s a les dades personals.<\/p>\n<p style=\"padding-left: 30px;\">Realitzar estudis estad\u00edstics.<\/p>\n<p style=\"padding-left: 30px;\">Tramitar enc\u00e0rrecs, sol\u00b7licituds o qualsevol tipus de petici\u00f3 que sigui realitzada per l&#8217;usuari a trav\u00e9s de qualsevol de les formes de contacte que es posen a la seva disposici\u00f3.<\/p>\n<p style=\"padding-left: 30px;\">Remetre el butllet\u00ed de not\u00edcies de la p\u00e0gina web.<\/p>\n<p style=\"padding-left: 30px;\">Criteris de conservaci\u00f3 de les dades: es conservaran mentre existeixi un inter\u00e8s mutu per a mantenir la fi del tractament i quan ja no sigui necessari per a tal fi, se suprimiran amb mesures de seguretat adequades per a garantir la seudonimizaci\u00f3n de les dades o la destrucci\u00f3 total d&#8217;aquests.<\/p>\n<p><strong>Comunicaci\u00f3 de les dades:<\/strong> No es comunicaran les dades a tercers, excepte obligaci\u00f3 legal.<\/p>\n<p><strong>Drets que assisteixen a l&#8217;Usuari:<\/strong><\/p>\n<p style=\"padding-left: 30px;\">Dret a retirar el consentiment en qualsevol moment.<\/p>\n<p style=\"padding-left: 30px;\">Dret d&#8217;acc\u00e9s, rectificaci\u00f3, portabilitat i supressi\u00f3 de les seves dades i a la limitaci\u00f3 o oposici\u00f3 a l&#8217;el seu tractament.<\/p>\n<p style=\"padding-left: 30px;\">Dret a presentar una reclamaci\u00f3 davant l&#8217;autoritat de control (<a href=\"http:\/\/agpd.es\/\" data-saferedirecturl=\"https:\/\/www.google.com\/url?hl=es&amp;q=http:\/\/agpd.es&amp;source=gmail&amp;ust=1531233312200000&amp;usg=AFQjCNFHwV4qB-fUNT9TmWRGU7j7exh_mw\">agpd.es<\/a>) si considera que el tractament no s&#8217;ajusta a la normativa vigent.<\/p>\n<p><strong>Dades de contacte per a exercir els seus drets:<\/strong><\/p>\n<p style=\"padding-left: 30px;\">Adre\u00e7a postal: Jordi MR, SL Carrer Bronze, 24 &#8211; 08915 Badalona\u00a0(BARCELONA). Email: <a href=\"mailto:info@jmrpublicidad.com\">info@jmrpublicidad.com<\/a><\/p>\n<p>&nbsp;<\/p>\n<h3>CAR\u00c0CTER OBLIGATORI O FACULTATIU DE LA INFORMACI\u00d3 FACILITADA PER L&#8217;USUARI<\/h3>\n<p>Els Usuaris, mitjan\u00e7ant la marcaci\u00f3 de les caselles corresponents i entrada de dades en els camps, marcats amb un asterisc () en el formulari de contacte o presentats en formularis de desc\u00e0rrega, accepten expressament i de forma lliure i inequ\u00edvoca, que les seves dades s\u00f3n necess\u00e0ries per a atendre la seva petici\u00f3, per part del prestador, sent volunt\u00e0ria la inclusi\u00f3 de dades en els camps restants. L&#8217;Usuari garanteix que les dades personals facilitades a Jordi MR, SL s\u00f3n veraces i es fa responsable de comunicar qualsevol modificaci\u00f3 d&#8217;aquests.<\/p>\n<p>Jordi MR, SL informa i garanteix expressament als usuaris que les seves dades personals no seran cedits en cap cas a tercers, i que sempre que realitz\u00e9s algun tipus de cessi\u00f3 de dades personals, es demanar\u00e0 pr\u00e8viament el consentiment expr\u00e9s, informat i inequ\u00edvoc per part els Usuaris. Totes les dades sol\u00b7licitades a trav\u00e9s del lloc web s\u00f3n obligatoris, ja que s\u00f3n necessaris per a la prestaci\u00f3 d&#8217;un servei \u00f2ptim a l&#8217;Usuari. En cas que no siguin facilitats totes les dades, no es garanteix que la informaci\u00f3 i serveis facilitats siguin completament ajustats a les seves necessitats.<\/p>\n<p>&nbsp;<\/p>\n<h3>MESURES DE SEGURETAT<\/h3>\n<p>Que de conformitat amb el que es disposa en les normatives vigents en protecci\u00f3 de dades personals, Jordi MR, SL est\u00e0 complint amb totes les disposicions de les normatives GDPR per al tractament de les dades personals de la seva responsabilitat, i manifestament amb els principis descrits en l&#8217;article 5 del GDPR, pels quals s\u00f3n tractats de manera l\u00edcita, lleial i transparent en relaci\u00f3 amb l&#8217;interessat i adequats, pertinents i limitats al necessari en relaci\u00f3 amb les finalitats per als quals s\u00f3n tractats.<\/p>\n<p>Jordi MR, SL garanteix que ha implementat pol\u00edtiques t\u00e8cniques i organitzatives apropiades per a aplicar les mesures de seguretat que estableixen el GDPR amb la finalitat de protegir els drets i llibertats dels Usuaris i els ha comunicat la informaci\u00f3 adequada perqu\u00e8 puguin exercir-los<\/p>\n<p>&nbsp;<\/p>\n<h3>POL\u00cdTICA DE PRIVACITAT XARXES SOCIALS OFICIALS de Jordi MR, SL<\/h3>\n<p><strong>4.1 Informaci\u00f3 sobre el responsable del tractament de les dades allotjades en la p\u00e0gina i en la xarxa social:<\/strong><\/p>\n<p>En compliment del que es disposa en el Reglament (UE) 2016\/619 del Parlament Europeu i del Consell de 27 d&#8217;Abril de 2016 relatiu a la protecci\u00f3 de les persones f\u00edsiques pel que fa al tractament de les seves Dades Personals i a la Llei org\u00e0nica 15\/1999, de 13 de desembre, de Protecci\u00f3 de Dades de Car\u00e0cter Personal, Jordi MR, SL desitja posar en coneixement dels usuaris d&#8217;aquesta xarxa social la pol\u00edtica respecte del tractament i protecci\u00f3 de les dades de car\u00e0cter personal d&#8217;aquelles persones que volunt\u00e0riament accedeixen i utilitzen el nostre lloc web. L&#8217;acc\u00e9s i \u00fas per l&#8217;usuari d&#8217;aquesta p\u00e0gina suposa que accepta expressament aquesta pol\u00edtica de privacitat i que presta el seu consentiment per al tractament de les seves dades personals segons el que es preveu en aquesta.<\/p>\n<p><strong>4.2 Dades de menors d&#8217;edat o incapaces<\/strong><\/p>\n<p>L&#8217;acc\u00e9s i registre en aquesta xarxa social est\u00e0 prohibit als menors de catorze (14) anys. Per part seva, si l&#8217;usuari \u00e9s incapa\u00e7, Jordi MR, SL adverteix que ser\u00e0 necess\u00e0ria l&#8217;assist\u00e8ncia consentida del titular de la p\u00e0tria potestat o tutela de l&#8217;usuari o el seu representant legal per a l&#8217;acc\u00e9s i \u00fas d&#8217;aquesta p\u00e0gina i quedar\u00e0 expressament exonerada de qualsevol responsabilitat que pogu\u00e9s derivar-se de l&#8217;\u00fas de la seva p\u00e0gina oficial per menors i incapaces sent aquesta responsabilitat dels seus representants legals en cada cas.<\/p>\n<p><strong>4.3 Finalitats a qu\u00e8 es destinen les dades de car\u00e0cter personal, informaci\u00f3 i consentiment<\/strong><\/p>\n<p>Les dades personals proporcionades volunt\u00e0riament per l&#8217;usuari formaran part d&#8217;un tractament de dades responsabilitat de Jordi MR, SL amb la finalitat d&#8217;oferir-li informaci\u00f3 de l&#8217;entitat per e- mail, fax, SMS, MMS, comunitats socials o qualssevol altre mitj\u00e0 electr\u00f2nic o f\u00edsic, present o futur, que possibiliti realitzar comunicaci\u00f3 comercials, enviament de newsletter a aquells usuaris que se subscriguin, intercanviar informaci\u00f3 amb Jordi MR, SL i altres usuaris i establir comunicaci\u00f3 amb tercers. Des del moment en qu\u00e8 l&#8217;usuari utilitza la present p\u00e0gina oficial presta el seu consentiment lliure, inequ\u00edvoc, espec\u00edfic, informat i expr\u00e9s per al tractament de les seves dades personals per Jordi MR, SL per a la correcta prestaci\u00f3 d&#8217;aquests serveis d&#8217;acord amb el que s&#8217;estableix en la present pol\u00edtica.[\/vc_column_text][\/vc_column][\/vc_row]<\/p>\n<\/div>","protected":false},"excerpt":{"rendered":"<p>[vc_row][vc_column][vc_column_text] INFORMACI\u00d3 A l&#8217;USUARI: Jordi MR, SL \u00e9s el responsable del tractament de les dades personals de l&#8217;Usuari i l&#8217;informa que aquestes dades seran tractades de conformitat amb el que es disposa en el Reglament (UE) 2016\/679 de 27 d&#8217;abril&#8230;<\/p>\n","protected":false},"author":2,"featured_media":0,"parent":0,"menu_order":0,"comment_status":"closed","ping_status":"closed","template":"","meta":{"footnotes":""},"class_list":["post-638","page","type-page","status-publish","hentry"],"yoast_head":"<!-- This site is optimized with the Yoast SEO plugin v24.9 - https:\/\/yoast.com\/wordpress\/plugins\/seo\/ -->\n<title>Pol\u00edtica de Privacitat - JMR Publicidad especializada en el medio exterior en gran formato<\/title>\n<meta name=\"robots\" content=\"index, follow, max-snippet:-1, max-image-preview:large, max-video-preview:-1\" \/>\n<link rel=\"canonical\" href=\"https:\/\/jmrpublicidad.com\/ca\/politica-de-privacitat\/\" \/>\n<meta property=\"og:locale\" content=\"ca_ES\" \/>\n<meta property=\"og:type\" content=\"article\" \/>\n<meta property=\"og:title\" content=\"Pol\u00edtica de Privacitat - JMR Publicidad especializada en el medio exterior en gran formato\" \/>\n<meta property=\"og:description\" content=\"[vc_row][vc_column][vc_column_text] INFORMACI\u00d3 A l&#8217;USUARI: Jordi MR, SL \u00e9s el responsable del tractament de les dades personals de l&#8217;Usuari i l&#8217;informa que aquestes dades seran tractades de conformitat amb el que es disposa en el Reglament (UE) 2016\/679 de 27 d&#8217;abril...\" \/>\n<meta property=\"og:url\" content=\"https:\/\/jmrpublicidad.com\/ca\/politica-de-privacitat\/\" \/>\n<meta property=\"og:site_name\" content=\"JMR Publicidad especializada en el medio exterior en gran formato\" \/>\n<meta property=\"article:publisher\" content=\"https:\/\/www.facebook.com\/Jmrpublicidad\/\" \/>\n<meta property=\"article:modified_time\" content=\"2023-03-24T16:10:37+00:00\" \/>\n<meta name=\"twitter:card\" content=\"summary_large_image\" \/>\n<meta name=\"twitter:label1\" content=\"Temps estimat de lectura\" \/>\n\t<meta name=\"twitter:data1\" content=\"6 minuts\" \/>\n<script type=\"application\/ld+json\" class=\"yoast-schema-graph\">{\"@context\":\"https:\/\/schema.org\",\"@graph\":[{\"@type\":\"WebPage\",\"@id\":\"https:\/\/jmrpublicidad.com\/ca\/politica-de-privacitat\/\",\"url\":\"https:\/\/jmrpublicidad.com\/ca\/politica-de-privacitat\/\",\"name\":\"Pol\u00edtica de Privacitat - JMR Publicidad especializada en el medio exterior en gran formato\",\"isPartOf\":{\"@id\":\"https:\/\/jmrpublicidad.com\/#website\"},\"datePublished\":\"2018-07-09T14:42:15+00:00\",\"dateModified\":\"2023-03-24T16:10:37+00:00\",\"breadcrumb\":{\"@id\":\"https:\/\/jmrpublicidad.com\/ca\/politica-de-privacitat\/#breadcrumb\"},\"inLanguage\":\"ca\",\"potentialAction\":[{\"@type\":\"ReadAction\",\"target\":[\"https:\/\/jmrpublicidad.com\/ca\/politica-de-privacitat\/\"]}]},{\"@type\":\"BreadcrumbList\",\"@id\":\"https:\/\/jmrpublicidad.com\/ca\/politica-de-privacitat\/#breadcrumb\",\"itemListElement\":[{\"@type\":\"ListItem\",\"position\":1,\"name\":\"Portada\",\"item\":\"https:\/\/jmrpublicidad.com\/ca\/presentacion\/\"},{\"@type\":\"ListItem\",\"position\":2,\"name\":\"Pol\u00edtica de Privacitat\"}]},{\"@type\":\"WebSite\",\"@id\":\"https:\/\/jmrpublicidad.com\/#website\",\"url\":\"https:\/\/jmrpublicidad.com\/\",\"name\":\"JMR Publicidad especializada en el medio exterior en gran formato\",\"description\":\"\",\"publisher\":{\"@id\":\"https:\/\/jmrpublicidad.com\/#organization\"},\"potentialAction\":[{\"@type\":\"SearchAction\",\"target\":{\"@type\":\"EntryPoint\",\"urlTemplate\":\"https:\/\/jmrpublicidad.com\/?s={search_term_string}\"},\"query-input\":{\"@type\":\"PropertyValueSpecification\",\"valueRequired\":true,\"valueName\":\"search_term_string\"}}],\"inLanguage\":\"ca\"},{\"@type\":\"Organization\",\"@id\":\"https:\/\/jmrpublicidad.com\/#organization\",\"name\":\"JMR Publicidad\",\"url\":\"https:\/\/jmrpublicidad.com\/\",\"logo\":{\"@type\":\"ImageObject\",\"inLanguage\":\"ca\",\"@id\":\"https:\/\/jmrpublicidad.com\/#\/schema\/logo\/image\/\",\"url\":\"https:\/\/jmrpublicidad.com\/blog\/wp-content\/uploads\/2020\/03\/jmrpublicidad.png\",\"contentUrl\":\"https:\/\/jmrpublicidad.com\/blog\/wp-content\/uploads\/2020\/03\/jmrpublicidad.png\",\"width\":412,\"height\":115,\"caption\":\"JMR Publicidad\"},\"image\":{\"@id\":\"https:\/\/jmrpublicidad.com\/#\/schema\/logo\/image\/\"},\"sameAs\":[\"https:\/\/www.facebook.com\/Jmrpublicidad\/\"]}]}<\/script>\n<!-- \/ Yoast SEO plugin. -->","yoast_head_json":{"title":"Pol\u00edtica de Privacitat - JMR Publicidad especializada en el medio exterior en gran formato","robots":{"index":"index","follow":"follow","max-snippet":"max-snippet:-1","max-image-preview":"max-image-preview:large","max-video-preview":"max-video-preview:-1"},"canonical":"https:\/\/jmrpublicidad.com\/ca\/politica-de-privacitat\/","og_locale":"ca_ES","og_type":"article","og_title":"Pol\u00edtica de Privacitat - JMR Publicidad especializada en el medio exterior en gran formato","og_description":"[vc_row][vc_column][vc_column_text] INFORMACI\u00d3 A l&#8217;USUARI: Jordi MR, SL \u00e9s el responsable del tractament de les dades personals de l&#8217;Usuari i l&#8217;informa que aquestes dades seran tractades de conformitat amb el que es disposa en el Reglament (UE) 2016\/679 de 27 d&#8217;abril...","og_url":"https:\/\/jmrpublicidad.com\/ca\/politica-de-privacitat\/","og_site_name":"JMR Publicidad especializada en el medio exterior en gran formato","article_publisher":"https:\/\/www.facebook.com\/Jmrpublicidad\/","article_modified_time":"2023-03-24T16:10:37+00:00","twitter_card":"summary_large_image","twitter_misc":{"Temps estimat de lectura":"6 minuts"},"schema":{"@context":"https:\/\/schema.org","@graph":[{"@type":"WebPage","@id":"https:\/\/jmrpublicidad.com\/ca\/politica-de-privacitat\/","url":"https:\/\/jmrpublicidad.com\/ca\/politica-de-privacitat\/","name":"Pol\u00edtica de Privacitat - JMR Publicidad especializada en el medio exterior en gran formato","isPartOf":{"@id":"https:\/\/jmrpublicidad.com\/#website"},"datePublished":"2018-07-09T14:42:15+00:00","dateModified":"2023-03-24T16:10:37+00:00","breadcrumb":{"@id":"https:\/\/jmrpublicidad.com\/ca\/politica-de-privacitat\/#breadcrumb"},"inLanguage":"ca","potentialAction":[{"@type":"ReadAction","target":["https:\/\/jmrpublicidad.com\/ca\/politica-de-privacitat\/"]}]},{"@type":"BreadcrumbList","@id":"https:\/\/jmrpublicidad.com\/ca\/politica-de-privacitat\/#breadcrumb","itemListElement":[{"@type":"ListItem","position":1,"name":"Portada","item":"https:\/\/jmrpublicidad.com\/ca\/presentacion\/"},{"@type":"ListItem","position":2,"name":"Pol\u00edtica de Privacitat"}]},{"@type":"WebSite","@id":"https:\/\/jmrpublicidad.com\/#website","url":"https:\/\/jmrpublicidad.com\/","name":"JMR Publicidad especializada en el medio exterior en gran formato","description":"","publisher":{"@id":"https:\/\/jmrpublicidad.com\/#organization"},"potentialAction":[{"@type":"SearchAction","target":{"@type":"EntryPoint","urlTemplate":"https:\/\/jmrpublicidad.com\/?s={search_term_string}"},"query-input":{"@type":"PropertyValueSpecification","valueRequired":true,"valueName":"search_term_string"}}],"inLanguage":"ca"},{"@type":"Organization","@id":"https:\/\/jmrpublicidad.com\/#organization","name":"JMR Publicidad","url":"https:\/\/jmrpublicidad.com\/","logo":{"@type":"ImageObject","inLanguage":"ca","@id":"https:\/\/jmrpublicidad.com\/#\/schema\/logo\/image\/","url":"https:\/\/jmrpublicidad.com\/blog\/wp-content\/uploads\/2020\/03\/jmrpublicidad.png","contentUrl":"https:\/\/jmrpublicidad.com\/blog\/wp-content\/uploads\/2020\/03\/jmrpublicidad.png","width":412,"height":115,"caption":"JMR Publicidad"},"image":{"@id":"https:\/\/jmrpublicidad.com\/#\/schema\/logo\/image\/"},"sameAs":["https:\/\/www.facebook.com\/Jmrpublicidad\/"]}]}},"_links":{"self":[{"href":"https:\/\/jmrpublicidad.com\/ca\/wp-json\/wp\/v2\/pages\/638"}],"collection":[{"href":"https:\/\/jmrpublicidad.com\/ca\/wp-json\/wp\/v2\/pages"}],"about":[{"href":"https:\/\/jmrpublicidad.com\/ca\/wp-json\/wp\/v2\/types\/page"}],"author":[{"embeddable":true,"href":"https:\/\/jmrpublicidad.com\/ca\/wp-json\/wp\/v2\/users\/2"}],"replies":[{"embeddable":true,"href":"https:\/\/jmrpublicidad.com\/ca\/wp-json\/wp\/v2\/comments?post=638"}],"version-history":[{"count":4,"href":"https:\/\/jmrpublicidad.com\/ca\/wp-json\/wp\/v2\/pages\/638\/revisions"}],"predecessor-version":[{"id":743,"href":"https:\/\/jmrpublicidad.com\/ca\/wp-json\/wp\/v2\/pages\/638\/revisions\/743"}],"wp:attachment":[{"href":"https:\/\/jmrpublicidad.com\/ca\/wp-json\/wp\/v2\/media?parent=638"}],"curies":[{"name":"wp","href":"https:\/\/api.w.org\/{rel}","templated":true}]}}