{"id":636,"date":"2018-03-26T14:05:24","date_gmt":"2018-03-26T14:05:24","guid":{"rendered":"https:\/\/jmrpublicidad.com\/aviso-legal\/"},"modified":"2019-01-24T08:26:34","modified_gmt":"2019-01-24T08:26:34","slug":"avis-legal","status":"publish","type":"page","link":"https:\/\/jmrpublicidad.com\/ca\/avis-legal\/","title":{"rendered":"Av\u00eds legal"},"content":{"rendered":"<div class=\"wpb-content-wrapper\"><p>[vc_row][vc_column][vc_column_text]En relaci\u00f3 al compliment de la Llei de Protecci\u00f3 de Dades, l&#8217;informem que les dades personals facilitades per Vost\u00e8 en qualsevol dels formularis inclosos en aquest lloc web s\u00f3n inclosos en uns fitxers inform\u00e0tics propietat i responsabilitat de JMR Publicitat S.L, societat de nacionalitat Espanyola amb CIF B-61461547 i domicili social en C\/Joncar 47-51 local 12 08005, Barcelona (Espanya) i seran tractats per m\u00e8tode automatitzats amb l&#8217;\u00fanica finalitat de fer possible la gesti\u00f3 administrativa de les nostres relacions comercials, i\/o de permetre la realitzaci\u00f3 dels serveis explicats en aquest lloc web.<\/p>\n<p>Pot Vost\u00e8 exercir els drets d&#8217;acc\u00e9s, rectificaci\u00f3, cancel\u00b7laci\u00f3 i oposici\u00f3 que atorga la vigent llei 15\/1999 de Protecci\u00f3 de Dades, simplement notificant-ho per correu, fax, email o directament en el nostre lloc web.<\/p>\n<p>La finalitat fonamental d&#8217;aquest lloc web \u00e9s permetre la relaci\u00f3 de propostes de negoci i comercials entre empreses, per a aix\u00f2 guardem el correu electr\u00f2nic amb l&#8217;\u00fanica finalitat de permetre aquest contacte, entenent que aquest correu ha estat destinat per a relacions professionals, i no personals. Les dades contingudes en la Base de dades que permet la realitzaci\u00f3 d&#8217;aquest servei, es refereixen exclusivament a Empreses i Professionals, i no \u00e9s obligatori introduir cap dada de car\u00e0cter personal.[\/vc_column_text][\/vc_column][\/vc_row]<\/p>\n<\/div>","protected":false},"excerpt":{"rendered":"<p>[vc_row][vc_column][vc_column_text]En relaci\u00f3 al compliment de la Llei de Protecci\u00f3 de Dades, l&#8217;informem que les dades personals facilitades per Vost\u00e8 en qualsevol dels formularis inclosos en aquest lloc web s\u00f3n inclosos en uns fitxers inform\u00e0tics propietat i responsabilitat de JMR Publicitat&#8230;<\/p>\n","protected":false},"author":2,"featured_media":0,"parent":0,"menu_order":0,"comment_status":"closed","ping_status":"closed","template":"","meta":{"footnotes":""},"class_list":["post-636","page","type-page","status-publish","hentry"],"yoast_head":"<!-- This site is optimized with the Yoast SEO plugin v24.9 - https:\/\/yoast.com\/wordpress\/plugins\/seo\/ -->\n<title>Av\u00eds legal - JMR Publicidad especializada en el medio exterior en gran formato<\/title>\n<meta name=\"robots\" content=\"index, follow, max-snippet:-1, max-image-preview:large, max-video-preview:-1\" \/>\n<link rel=\"canonical\" href=\"https:\/\/jmrpublicidad.com\/ca\/avis-legal\/\" \/>\n<meta property=\"og:locale\" content=\"ca_ES\" \/>\n<meta property=\"og:type\" content=\"article\" \/>\n<meta property=\"og:title\" content=\"Av\u00eds legal - JMR Publicidad especializada en el medio exterior en gran formato\" \/>\n<meta property=\"og:description\" content=\"[vc_row][vc_column][vc_column_text]En relaci\u00f3 al compliment de la Llei de Protecci\u00f3 de Dades, l&#8217;informem que les dades personals facilitades per Vost\u00e8 en qualsevol dels formularis inclosos en aquest lloc web s\u00f3n inclosos en uns fitxers inform\u00e0tics propietat i responsabilitat de JMR Publicitat...\" \/>\n<meta property=\"og:url\" content=\"https:\/\/jmrpublicidad.com\/ca\/avis-legal\/\" \/>\n<meta property=\"og:site_name\" content=\"JMR Publicidad especializada en el medio exterior en gran formato\" \/>\n<meta property=\"article:publisher\" content=\"https:\/\/www.facebook.com\/Jmrpublicidad\/\" \/>\n<meta property=\"article:modified_time\" content=\"2019-01-24T08:26:34+00:00\" \/>\n<meta name=\"twitter:card\" content=\"summary_large_image\" \/>\n<meta name=\"twitter:label1\" content=\"Temps estimat de lectura\" \/>\n\t<meta name=\"twitter:data1\" content=\"1 minut\" \/>\n<script type=\"application\/ld+json\" class=\"yoast-schema-graph\">{\"@context\":\"https:\/\/schema.org\",\"@graph\":[{\"@type\":\"WebPage\",\"@id\":\"https:\/\/jmrpublicidad.com\/ca\/avis-legal\/\",\"url\":\"https:\/\/jmrpublicidad.com\/ca\/avis-legal\/\",\"name\":\"Av\u00eds legal - JMR Publicidad especializada en el medio exterior en gran formato\",\"isPartOf\":{\"@id\":\"https:\/\/jmrpublicidad.com\/#website\"},\"datePublished\":\"2018-03-26T14:05:24+00:00\",\"dateModified\":\"2019-01-24T08:26:34+00:00\",\"breadcrumb\":{\"@id\":\"https:\/\/jmrpublicidad.com\/ca\/avis-legal\/#breadcrumb\"},\"inLanguage\":\"ca\",\"potentialAction\":[{\"@type\":\"ReadAction\",\"target\":[\"https:\/\/jmrpublicidad.com\/ca\/avis-legal\/\"]}]},{\"@type\":\"BreadcrumbList\",\"@id\":\"https:\/\/jmrpublicidad.com\/ca\/avis-legal\/#breadcrumb\",\"itemListElement\":[{\"@type\":\"ListItem\",\"position\":1,\"name\":\"Portada\",\"item\":\"https:\/\/jmrpublicidad.com\/ca\/presentacion\/\"},{\"@type\":\"ListItem\",\"position\":2,\"name\":\"Av\u00eds legal\"}]},{\"@type\":\"WebSite\",\"@id\":\"https:\/\/jmrpublicidad.com\/#website\",\"url\":\"https:\/\/jmrpublicidad.com\/\",\"name\":\"JMR Publicidad especializada en el medio exterior en gran formato\",\"description\":\"\",\"publisher\":{\"@id\":\"https:\/\/jmrpublicidad.com\/#organization\"},\"potentialAction\":[{\"@type\":\"SearchAction\",\"target\":{\"@type\":\"EntryPoint\",\"urlTemplate\":\"https:\/\/jmrpublicidad.com\/?s={search_term_string}\"},\"query-input\":{\"@type\":\"PropertyValueSpecification\",\"valueRequired\":true,\"valueName\":\"search_term_string\"}}],\"inLanguage\":\"ca\"},{\"@type\":\"Organization\",\"@id\":\"https:\/\/jmrpublicidad.com\/#organization\",\"name\":\"JMR Publicidad\",\"url\":\"https:\/\/jmrpublicidad.com\/\",\"logo\":{\"@type\":\"ImageObject\",\"inLanguage\":\"ca\",\"@id\":\"https:\/\/jmrpublicidad.com\/#\/schema\/logo\/image\/\",\"url\":\"https:\/\/jmrpublicidad.com\/blog\/wp-content\/uploads\/2020\/03\/jmrpublicidad.png\",\"contentUrl\":\"https:\/\/jmrpublicidad.com\/blog\/wp-content\/uploads\/2020\/03\/jmrpublicidad.png\",\"width\":412,\"height\":115,\"caption\":\"JMR Publicidad\"},\"image\":{\"@id\":\"https:\/\/jmrpublicidad.com\/#\/schema\/logo\/image\/\"},\"sameAs\":[\"https:\/\/www.facebook.com\/Jmrpublicidad\/\"]}]}<\/script>\n<!-- \/ Yoast SEO plugin. -->","yoast_head_json":{"title":"Av\u00eds legal - JMR Publicidad especializada en el medio exterior en gran formato","robots":{"index":"index","follow":"follow","max-snippet":"max-snippet:-1","max-image-preview":"max-image-preview:large","max-video-preview":"max-video-preview:-1"},"canonical":"https:\/\/jmrpublicidad.com\/ca\/avis-legal\/","og_locale":"ca_ES","og_type":"article","og_title":"Av\u00eds legal - JMR Publicidad especializada en el medio exterior en gran formato","og_description":"[vc_row][vc_column][vc_column_text]En relaci\u00f3 al compliment de la Llei de Protecci\u00f3 de Dades, l&#8217;informem que les dades personals facilitades per Vost\u00e8 en qualsevol dels formularis inclosos en aquest lloc web s\u00f3n inclosos en uns fitxers inform\u00e0tics propietat i responsabilitat de JMR Publicitat...","og_url":"https:\/\/jmrpublicidad.com\/ca\/avis-legal\/","og_site_name":"JMR Publicidad especializada en el medio exterior en gran formato","article_publisher":"https:\/\/www.facebook.com\/Jmrpublicidad\/","article_modified_time":"2019-01-24T08:26:34+00:00","twitter_card":"summary_large_image","twitter_misc":{"Temps estimat de lectura":"1 minut"},"schema":{"@context":"https:\/\/schema.org","@graph":[{"@type":"WebPage","@id":"https:\/\/jmrpublicidad.com\/ca\/avis-legal\/","url":"https:\/\/jmrpublicidad.com\/ca\/avis-legal\/","name":"Av\u00eds legal - JMR Publicidad especializada en el medio exterior en gran formato","isPartOf":{"@id":"https:\/\/jmrpublicidad.com\/#website"},"datePublished":"2018-03-26T14:05:24+00:00","dateModified":"2019-01-24T08:26:34+00:00","breadcrumb":{"@id":"https:\/\/jmrpublicidad.com\/ca\/avis-legal\/#breadcrumb"},"inLanguage":"ca","potentialAction":[{"@type":"ReadAction","target":["https:\/\/jmrpublicidad.com\/ca\/avis-legal\/"]}]},{"@type":"BreadcrumbList","@id":"https:\/\/jmrpublicidad.com\/ca\/avis-legal\/#breadcrumb","itemListElement":[{"@type":"ListItem","position":1,"name":"Portada","item":"https:\/\/jmrpublicidad.com\/ca\/presentacion\/"},{"@type":"ListItem","position":2,"name":"Av\u00eds legal"}]},{"@type":"WebSite","@id":"https:\/\/jmrpublicidad.com\/#website","url":"https:\/\/jmrpublicidad.com\/","name":"JMR Publicidad especializada en el medio exterior en gran formato","description":"","publisher":{"@id":"https:\/\/jmrpublicidad.com\/#organization"},"potentialAction":[{"@type":"SearchAction","target":{"@type":"EntryPoint","urlTemplate":"https:\/\/jmrpublicidad.com\/?s={search_term_string}"},"query-input":{"@type":"PropertyValueSpecification","valueRequired":true,"valueName":"search_term_string"}}],"inLanguage":"ca"},{"@type":"Organization","@id":"https:\/\/jmrpublicidad.com\/#organization","name":"JMR Publicidad","url":"https:\/\/jmrpublicidad.com\/","logo":{"@type":"ImageObject","inLanguage":"ca","@id":"https:\/\/jmrpublicidad.com\/#\/schema\/logo\/image\/","url":"https:\/\/jmrpublicidad.com\/blog\/wp-content\/uploads\/2020\/03\/jmrpublicidad.png","contentUrl":"https:\/\/jmrpublicidad.com\/blog\/wp-content\/uploads\/2020\/03\/jmrpublicidad.png","width":412,"height":115,"caption":"JMR Publicidad"},"image":{"@id":"https:\/\/jmrpublicidad.com\/#\/schema\/logo\/image\/"},"sameAs":["https:\/\/www.facebook.com\/Jmrpublicidad\/"]}]}},"_links":{"self":[{"href":"https:\/\/jmrpublicidad.com\/ca\/wp-json\/wp\/v2\/pages\/636"}],"collection":[{"href":"https:\/\/jmrpublicidad.com\/ca\/wp-json\/wp\/v2\/pages"}],"about":[{"href":"https:\/\/jmrpublicidad.com\/ca\/wp-json\/wp\/v2\/types\/page"}],"author":[{"embeddable":true,"href":"https:\/\/jmrpublicidad.com\/ca\/wp-json\/wp\/v2\/users\/2"}],"replies":[{"embeddable":true,"href":"https:\/\/jmrpublicidad.com\/ca\/wp-json\/wp\/v2\/comments?post=636"}],"version-history":[{"count":1,"href":"https:\/\/jmrpublicidad.com\/ca\/wp-json\/wp\/v2\/pages\/636\/revisions"}],"predecessor-version":[{"id":637,"href":"https:\/\/jmrpublicidad.com\/ca\/wp-json\/wp\/v2\/pages\/636\/revisions\/637"}],"wp:attachment":[{"href":"https:\/\/jmrpublicidad.com\/ca\/wp-json\/wp\/v2\/media?parent=636"}],"curies":[{"name":"wp","href":"https:\/\/api.w.org\/{rel}","templated":true}]}}