{"id":600,"date":"2018-03-26T06:54:32","date_gmt":"2018-03-26T06:54:32","guid":{"rendered":"https:\/\/jmrpublicidad.com\/rotulacion-de-vehiculos\/"},"modified":"2019-01-23T13:07:56","modified_gmt":"2019-01-23T13:07:56","slug":"rotulacio-de-vehicles","status":"publish","type":"page","link":"https:\/\/jmrpublicidad.com\/ca\/rotulacio-de-vehicles\/","title":{"rendered":"Rotulaci\u00f3 de vehicles \/ Embarcacions esportives i d&#8217;esbarjo"},"content":{"rendered":"<div class=\"wpb-content-wrapper\"><p>[vc_row][vc_column][vc_column_text]Retolem vehicles industrials o comercials grans mitjans i petits, camions, autobusos, vehicles i embarcacions esportives i d&#8217;esbarjo.<\/p>\n<p>Retolem parcial o \u00edntegrament els vehicles industrials o comercials grans mitjans i petits, camions, autobusos, vehicles i embarcacions esportives i d&#8217;esbarjo.<\/p>\n<p>Retolem amb vinil de fosa i polim\u00e8ric de massa per a textos i figures, vinil de fosa i polim\u00e8ric opac o microperforado per a la impressi\u00f3 d&#8217;imatges en alta resoluci\u00f3 aplicat parcial o \u00edntegrament sobre xapa o cristall, lona impresa en alta per a camions o trailers.<\/p>\n<p>Vinils amb acabats en Mat o lluentor.<\/p>\n<p>Talli vinils en tra\u00e7ador.<\/p>\n<p>Retolem en taller o in situ.<\/p>\n<p>Imants especials per a vehicles o superf\u00edcies met\u00e0l\u00b7liques impresos en alta resoluci\u00f3, laminatges i amb opci\u00f3 a ser tallats amb tra\u00e7ador per a crear lletres, formes i figures.<\/p>\n<p>Projecte T\u00e8cnic i Pla de Seguretat Opcional.[\/vc_column_text]<div class=\"gallery-block-wrap  \"><div class=\"wpb_row vc_row-fluid gallery-block-container\"><div class=\"gallery-contents  margin-yes\"><div class=\"gallery-grid-sizer vc_col-sm-3\"><\/div><div class=\"element gallery-item vc_col-sm-6\"><div class=\"portfolio-container portfolio-gallery_style1\"><div class=\"portfolio-img\"><img decoding=\"async\" src=\"https:\/\/jmrpublicidad.com\/blog\/wp-content\/uploads\/2018\/03\/IMG_0619-570x570.jpg\" alt=\"\"><\/div><div class=\"portfolio-hover\"><div class=\"gallery-icons\"><div class=\"center-wrap\"><a href=\"https:\/\/jmrpublicidad.com\/blog\/wp-content\/uploads\/2018\/03\/IMG_0619.jpg\" class=\"port-icon-hover popup-gallery\" data-title=\"IMG_0619\"><i class=\"pixicon-plus\"><\/i><\/a><\/div><\/div><\/div><\/div><\/div><div class=\"element gallery-item vc_col-sm-3\"><div class=\"portfolio-container portfolio-gallery_style1\"><div class=\"portfolio-img\"><img decoding=\"async\" src=\"https:\/\/jmrpublicidad.com\/blog\/wp-content\/uploads\/2018\/03\/rotulacion-coche-270x270.jpg\" alt=\"\"><\/div><div class=\"portfolio-hover\"><div class=\"gallery-icons\"><div class=\"center-wrap\"><a href=\"https:\/\/jmrpublicidad.com\/blog\/wp-content\/uploads\/2018\/03\/rotulacion-coche.jpg\" class=\"port-icon-hover popup-gallery\" data-title=\"rotulacion-coche\"><i class=\"pixicon-plus\"><\/i><\/a><\/div><\/div><\/div><\/div><\/div><div class=\"element gallery-item vc_col-sm-3\"><div class=\"portfolio-container portfolio-gallery_style1\"><div class=\"portfolio-img\"><img decoding=\"async\" src=\"https:\/\/jmrpublicidad.com\/blog\/wp-content\/uploads\/2018\/03\/P5160035-270x270.jpg\" alt=\"\"><\/div><div class=\"portfolio-hover\"><div class=\"gallery-icons\"><div class=\"center-wrap\"><a href=\"https:\/\/jmrpublicidad.com\/blog\/wp-content\/uploads\/2018\/03\/P5160035.jpg\" class=\"port-icon-hover popup-gallery\" data-title=\"P5160035\"><i class=\"pixicon-plus\"><\/i><\/a><\/div><\/div><\/div><\/div><\/div><div class=\"element gallery-item vc_col-sm-3\"><div class=\"portfolio-container portfolio-gallery_style1\"><div class=\"portfolio-img\"><img decoding=\"async\" src=\"https:\/\/jmrpublicidad.com\/blog\/wp-content\/uploads\/2018\/03\/P5160034-270x270.jpg\" alt=\"\"><\/div><div class=\"portfolio-hover\"><div class=\"gallery-icons\"><div class=\"center-wrap\"><a href=\"https:\/\/jmrpublicidad.com\/blog\/wp-content\/uploads\/2018\/03\/P5160034.jpg\" class=\"port-icon-hover popup-gallery\" data-title=\"P5160034\"><i class=\"pixicon-plus\"><\/i><\/a><\/div><\/div><\/div><\/div><\/div><div class=\"element gallery-item vc_col-sm-3\"><div class=\"portfolio-container portfolio-gallery_style1\"><div class=\"portfolio-img\"><img decoding=\"async\" src=\"https:\/\/jmrpublicidad.com\/blog\/wp-content\/uploads\/2018\/03\/IMG_7261-270x270.jpg\" alt=\"\"><\/div><div class=\"portfolio-hover\"><div class=\"gallery-icons\"><div class=\"center-wrap\"><a href=\"https:\/\/jmrpublicidad.com\/blog\/wp-content\/uploads\/2018\/03\/IMG_7261.jpg\" class=\"port-icon-hover popup-gallery\" data-title=\"IMG_7261\"><i class=\"pixicon-plus\"><\/i><\/a><\/div><\/div><\/div><\/div><\/div><div class=\"element gallery-item vc_col-sm-3\"><div class=\"portfolio-container portfolio-gallery_style1\"><div class=\"portfolio-img\"><img decoding=\"async\" src=\"https:\/\/jmrpublicidad.com\/blog\/wp-content\/uploads\/2018\/03\/FullSizeRender-2-270x270.jpg\" alt=\"\"><\/div><div class=\"portfolio-hover\"><div class=\"gallery-icons\"><div class=\"center-wrap\"><a href=\"https:\/\/jmrpublicidad.com\/blog\/wp-content\/uploads\/2018\/03\/FullSizeRender-2.jpg\" class=\"port-icon-hover popup-gallery\" data-title=\"FullSizeRender-2\"><i class=\"pixicon-plus\"><\/i><\/a><\/div><\/div><\/div><\/div><\/div><div class=\"element gallery-item vc_col-sm-3\"><div class=\"portfolio-container portfolio-gallery_style1\"><div class=\"portfolio-img\"><img decoding=\"async\" src=\"https:\/\/jmrpublicidad.com\/blog\/wp-content\/uploads\/2018\/03\/FullSizeRender-1-270x270.jpg\" alt=\"\"><\/div><div class=\"portfolio-hover\"><div class=\"gallery-icons\"><div class=\"center-wrap\"><a href=\"https:\/\/jmrpublicidad.com\/blog\/wp-content\/uploads\/2018\/03\/FullSizeRender-1.jpg\" class=\"port-icon-hover popup-gallery\" data-title=\"FullSizeRender-1\"><i class=\"pixicon-plus\"><\/i><\/a><\/div><\/div><\/div><\/div><\/div><div class=\"element gallery-item vc_col-sm-6\"><div class=\"portfolio-container portfolio-gallery_style1\"><div class=\"portfolio-img\"><img decoding=\"async\" src=\"https:\/\/jmrpublicidad.com\/blog\/wp-content\/uploads\/2018\/03\/autobus-2-570x570.jpg\" alt=\"\"><\/div><div class=\"portfolio-hover\"><div class=\"gallery-icons\"><div class=\"center-wrap\"><a href=\"https:\/\/jmrpublicidad.com\/blog\/wp-content\/uploads\/2018\/03\/autobus-2.jpg\" class=\"port-icon-hover popup-gallery\" data-title=\"autobus-2\"><i class=\"pixicon-plus\"><\/i><\/a><\/div><\/div><\/div><\/div><\/div><div class=\"element gallery-item vc_col-sm-3\"><div class=\"portfolio-container portfolio-gallery_style1\"><div class=\"portfolio-img\"><img decoding=\"async\" src=\"https:\/\/jmrpublicidad.com\/blog\/wp-content\/uploads\/2018\/07\/260103a6-270x270.jpg\" alt=\"\"><\/div><div class=\"portfolio-hover\"><div class=\"gallery-icons\"><div class=\"center-wrap\"><a href=\"https:\/\/jmrpublicidad.com\/blog\/wp-content\/uploads\/2018\/07\/260103a6.jpg\" class=\"port-icon-hover popup-gallery\" data-title=\"260103a6\"><i class=\"pixicon-plus\"><\/i><\/a><\/div><\/div><\/div><\/div><\/div><div class=\"element gallery-item vc_col-sm-3\"><div class=\"portfolio-container portfolio-gallery_style1\"><div class=\"portfolio-img\"><img decoding=\"async\" src=\"https:\/\/jmrpublicidad.com\/blog\/wp-content\/uploads\/2018\/07\/f4f6b5cc-270x270.jpg\" alt=\"\"><\/div><div class=\"portfolio-hover\"><div class=\"gallery-icons\"><div class=\"center-wrap\"><a href=\"https:\/\/jmrpublicidad.com\/blog\/wp-content\/uploads\/2018\/07\/f4f6b5cc.jpg\" class=\"port-icon-hover popup-gallery\" data-title=\"f4f6b5cc\"><i class=\"pixicon-plus\"><\/i><\/a><\/div><\/div><\/div><\/div><\/div><div class=\"element gallery-item vc_col-sm-6\"><div class=\"portfolio-container portfolio-gallery_style1\"><div class=\"portfolio-img\"><img decoding=\"async\" src=\"https:\/\/jmrpublicidad.com\/blog\/wp-content\/uploads\/2018\/07\/IMG_3145-copia-570x570.jpg\" alt=\"\"><\/div><div class=\"portfolio-hover\"><div class=\"gallery-icons\"><div class=\"center-wrap\"><a href=\"https:\/\/jmrpublicidad.com\/blog\/wp-content\/uploads\/2018\/07\/IMG_3145-copia.jpg\" class=\"port-icon-hover popup-gallery\" data-title=\"IMG_3145 copia\"><i class=\"pixicon-plus\"><\/i><\/a><\/div><\/div><\/div><\/div><\/div><div class=\"element gallery-item vc_col-sm-3\"><div class=\"portfolio-container portfolio-gallery_style1\"><div class=\"portfolio-img\"><img decoding=\"async\" src=\"https:\/\/jmrpublicidad.com\/blog\/wp-content\/uploads\/2018\/07\/IMG_20180627_141951-copia-270x270.jpg\" alt=\"\"><\/div><div class=\"portfolio-hover\"><div class=\"gallery-icons\"><div class=\"center-wrap\"><a href=\"https:\/\/jmrpublicidad.com\/blog\/wp-content\/uploads\/2018\/07\/IMG_20180627_141951-copia.jpg\" class=\"port-icon-hover popup-gallery\" data-title=\"IMG_20180627_141951 copia\"><i class=\"pixicon-plus\"><\/i><\/a><\/div><\/div><\/div><\/div><\/div><div class=\"element gallery-item vc_col-sm-3\"><div class=\"portfolio-container portfolio-gallery_style1\"><div class=\"portfolio-img\"><img decoding=\"async\" src=\"https:\/\/jmrpublicidad.com\/blog\/wp-content\/uploads\/2018\/07\/IMG_20180627_142022-copia-270x270.jpg\" alt=\"\"><\/div><div class=\"portfolio-hover\"><div class=\"gallery-icons\"><div class=\"center-wrap\"><a href=\"https:\/\/jmrpublicidad.com\/blog\/wp-content\/uploads\/2018\/07\/IMG_20180627_142022-copia.jpg\" class=\"port-icon-hover popup-gallery\" data-title=\"IMG_20180627_142022 copia\"><i class=\"pixicon-plus\"><\/i><\/a><\/div><\/div><\/div><\/div><\/div><\/div><\/div><\/div>[\/vc_column][\/vc_row]<\/p>\n<\/div>","protected":false},"excerpt":{"rendered":"<p>[vc_row][vc_column][vc_column_text]Retolem vehicles industrials o comercials grans mitjans i petits, camions, autobusos, vehicles i embarcacions esportives i d&#8217;esbarjo. Retolem parcial o \u00edntegrament els vehicles industrials o comercials grans mitjans i petits, camions, autobusos, vehicles i embarcacions esportives i d&#8217;esbarjo. Retolem amb&#8230;<\/p>\n","protected":false},"author":2,"featured_media":0,"parent":0,"menu_order":8,"comment_status":"closed","ping_status":"closed","template":"","meta":{"footnotes":""},"class_list":["post-600","page","type-page","status-publish","hentry"],"yoast_head":"<!-- This site is optimized with the Yoast SEO plugin v24.9 - https:\/\/yoast.com\/wordpress\/plugins\/seo\/ -->\n<title>Rotulaci\u00f3 de vehicles \/ Embarcacions esportives i d&#039;esbarjo - JMR Publicidad especializada en el medio exterior en gran formato<\/title>\n<meta name=\"robots\" content=\"index, follow, max-snippet:-1, max-image-preview:large, max-video-preview:-1\" \/>\n<link rel=\"canonical\" href=\"https:\/\/jmrpublicidad.com\/ca\/rotulacio-de-vehicles\/\" \/>\n<meta property=\"og:locale\" content=\"ca_ES\" \/>\n<meta property=\"og:type\" content=\"article\" \/>\n<meta property=\"og:title\" content=\"Rotulaci\u00f3 de vehicles \/ Embarcacions esportives i d&#039;esbarjo - JMR Publicidad especializada en el medio exterior en gran formato\" \/>\n<meta property=\"og:description\" content=\"[vc_row][vc_column][vc_column_text]Retolem vehicles industrials o comercials grans mitjans i petits, camions, autobusos, vehicles i embarcacions esportives i d&#8217;esbarjo. Retolem parcial o \u00edntegrament els vehicles industrials o comercials grans mitjans i petits, camions, autobusos, vehicles i embarcacions esportives i d&#8217;esbarjo. Retolem amb...\" \/>\n<meta property=\"og:url\" content=\"https:\/\/jmrpublicidad.com\/ca\/rotulacio-de-vehicles\/\" \/>\n<meta property=\"og:site_name\" content=\"JMR Publicidad especializada en el medio exterior en gran formato\" \/>\n<meta property=\"article:publisher\" content=\"https:\/\/www.facebook.com\/Jmrpublicidad\/\" \/>\n<meta property=\"article:modified_time\" content=\"2019-01-23T13:07:56+00:00\" \/>\n<meta name=\"twitter:card\" content=\"summary_large_image\" \/>\n<meta name=\"twitter:label1\" content=\"Temps estimat de lectura\" \/>\n\t<meta name=\"twitter:data1\" content=\"1 minut\" \/>\n<script type=\"application\/ld+json\" class=\"yoast-schema-graph\">{\"@context\":\"https:\/\/schema.org\",\"@graph\":[{\"@type\":\"WebPage\",\"@id\":\"https:\/\/jmrpublicidad.com\/ca\/rotulacio-de-vehicles\/\",\"url\":\"https:\/\/jmrpublicidad.com\/ca\/rotulacio-de-vehicles\/\",\"name\":\"Rotulaci\u00f3 de vehicles \/ Embarcacions esportives i d'esbarjo - JMR Publicidad especializada en el medio exterior en gran formato\",\"isPartOf\":{\"@id\":\"https:\/\/jmrpublicidad.com\/#website\"},\"datePublished\":\"2018-03-26T06:54:32+00:00\",\"dateModified\":\"2019-01-23T13:07:56+00:00\",\"breadcrumb\":{\"@id\":\"https:\/\/jmrpublicidad.com\/ca\/rotulacio-de-vehicles\/#breadcrumb\"},\"inLanguage\":\"ca\",\"potentialAction\":[{\"@type\":\"ReadAction\",\"target\":[\"https:\/\/jmrpublicidad.com\/ca\/rotulacio-de-vehicles\/\"]}]},{\"@type\":\"BreadcrumbList\",\"@id\":\"https:\/\/jmrpublicidad.com\/ca\/rotulacio-de-vehicles\/#breadcrumb\",\"itemListElement\":[{\"@type\":\"ListItem\",\"position\":1,\"name\":\"Portada\",\"item\":\"https:\/\/jmrpublicidad.com\/ca\/presentacion\/\"},{\"@type\":\"ListItem\",\"position\":2,\"name\":\"Rotulaci\u00f3 de vehicles \/ Embarcacions esportives i d&#8217;esbarjo\"}]},{\"@type\":\"WebSite\",\"@id\":\"https:\/\/jmrpublicidad.com\/#website\",\"url\":\"https:\/\/jmrpublicidad.com\/\",\"name\":\"JMR Publicidad especializada en el medio exterior en gran formato\",\"description\":\"\",\"publisher\":{\"@id\":\"https:\/\/jmrpublicidad.com\/#organization\"},\"potentialAction\":[{\"@type\":\"SearchAction\",\"target\":{\"@type\":\"EntryPoint\",\"urlTemplate\":\"https:\/\/jmrpublicidad.com\/?s={search_term_string}\"},\"query-input\":{\"@type\":\"PropertyValueSpecification\",\"valueRequired\":true,\"valueName\":\"search_term_string\"}}],\"inLanguage\":\"ca\"},{\"@type\":\"Organization\",\"@id\":\"https:\/\/jmrpublicidad.com\/#organization\",\"name\":\"JMR Publicidad\",\"url\":\"https:\/\/jmrpublicidad.com\/\",\"logo\":{\"@type\":\"ImageObject\",\"inLanguage\":\"ca\",\"@id\":\"https:\/\/jmrpublicidad.com\/#\/schema\/logo\/image\/\",\"url\":\"https:\/\/jmrpublicidad.com\/blog\/wp-content\/uploads\/2020\/03\/jmrpublicidad.png\",\"contentUrl\":\"https:\/\/jmrpublicidad.com\/blog\/wp-content\/uploads\/2020\/03\/jmrpublicidad.png\",\"width\":412,\"height\":115,\"caption\":\"JMR Publicidad\"},\"image\":{\"@id\":\"https:\/\/jmrpublicidad.com\/#\/schema\/logo\/image\/\"},\"sameAs\":[\"https:\/\/www.facebook.com\/Jmrpublicidad\/\"]}]}<\/script>\n<!-- \/ Yoast SEO plugin. -->","yoast_head_json":{"title":"Rotulaci\u00f3 de vehicles \/ Embarcacions esportives i d'esbarjo - JMR Publicidad especializada en el medio exterior en gran formato","robots":{"index":"index","follow":"follow","max-snippet":"max-snippet:-1","max-image-preview":"max-image-preview:large","max-video-preview":"max-video-preview:-1"},"canonical":"https:\/\/jmrpublicidad.com\/ca\/rotulacio-de-vehicles\/","og_locale":"ca_ES","og_type":"article","og_title":"Rotulaci\u00f3 de vehicles \/ Embarcacions esportives i d'esbarjo - JMR Publicidad especializada en el medio exterior en gran formato","og_description":"[vc_row][vc_column][vc_column_text]Retolem vehicles industrials o comercials grans mitjans i petits, camions, autobusos, vehicles i embarcacions esportives i d&#8217;esbarjo. Retolem parcial o \u00edntegrament els vehicles industrials o comercials grans mitjans i petits, camions, autobusos, vehicles i embarcacions esportives i d&#8217;esbarjo. Retolem amb...","og_url":"https:\/\/jmrpublicidad.com\/ca\/rotulacio-de-vehicles\/","og_site_name":"JMR Publicidad especializada en el medio exterior en gran formato","article_publisher":"https:\/\/www.facebook.com\/Jmrpublicidad\/","article_modified_time":"2019-01-23T13:07:56+00:00","twitter_card":"summary_large_image","twitter_misc":{"Temps estimat de lectura":"1 minut"},"schema":{"@context":"https:\/\/schema.org","@graph":[{"@type":"WebPage","@id":"https:\/\/jmrpublicidad.com\/ca\/rotulacio-de-vehicles\/","url":"https:\/\/jmrpublicidad.com\/ca\/rotulacio-de-vehicles\/","name":"Rotulaci\u00f3 de vehicles \/ Embarcacions esportives i d'esbarjo - JMR Publicidad especializada en el medio exterior en gran formato","isPartOf":{"@id":"https:\/\/jmrpublicidad.com\/#website"},"datePublished":"2018-03-26T06:54:32+00:00","dateModified":"2019-01-23T13:07:56+00:00","breadcrumb":{"@id":"https:\/\/jmrpublicidad.com\/ca\/rotulacio-de-vehicles\/#breadcrumb"},"inLanguage":"ca","potentialAction":[{"@type":"ReadAction","target":["https:\/\/jmrpublicidad.com\/ca\/rotulacio-de-vehicles\/"]}]},{"@type":"BreadcrumbList","@id":"https:\/\/jmrpublicidad.com\/ca\/rotulacio-de-vehicles\/#breadcrumb","itemListElement":[{"@type":"ListItem","position":1,"name":"Portada","item":"https:\/\/jmrpublicidad.com\/ca\/presentacion\/"},{"@type":"ListItem","position":2,"name":"Rotulaci\u00f3 de vehicles \/ Embarcacions esportives i d&#8217;esbarjo"}]},{"@type":"WebSite","@id":"https:\/\/jmrpublicidad.com\/#website","url":"https:\/\/jmrpublicidad.com\/","name":"JMR Publicidad especializada en el medio exterior en gran formato","description":"","publisher":{"@id":"https:\/\/jmrpublicidad.com\/#organization"},"potentialAction":[{"@type":"SearchAction","target":{"@type":"EntryPoint","urlTemplate":"https:\/\/jmrpublicidad.com\/?s={search_term_string}"},"query-input":{"@type":"PropertyValueSpecification","valueRequired":true,"valueName":"search_term_string"}}],"inLanguage":"ca"},{"@type":"Organization","@id":"https:\/\/jmrpublicidad.com\/#organization","name":"JMR Publicidad","url":"https:\/\/jmrpublicidad.com\/","logo":{"@type":"ImageObject","inLanguage":"ca","@id":"https:\/\/jmrpublicidad.com\/#\/schema\/logo\/image\/","url":"https:\/\/jmrpublicidad.com\/blog\/wp-content\/uploads\/2020\/03\/jmrpublicidad.png","contentUrl":"https:\/\/jmrpublicidad.com\/blog\/wp-content\/uploads\/2020\/03\/jmrpublicidad.png","width":412,"height":115,"caption":"JMR Publicidad"},"image":{"@id":"https:\/\/jmrpublicidad.com\/#\/schema\/logo\/image\/"},"sameAs":["https:\/\/www.facebook.com\/Jmrpublicidad\/"]}]}},"_links":{"self":[{"href":"https:\/\/jmrpublicidad.com\/ca\/wp-json\/wp\/v2\/pages\/600"}],"collection":[{"href":"https:\/\/jmrpublicidad.com\/ca\/wp-json\/wp\/v2\/pages"}],"about":[{"href":"https:\/\/jmrpublicidad.com\/ca\/wp-json\/wp\/v2\/types\/page"}],"author":[{"embeddable":true,"href":"https:\/\/jmrpublicidad.com\/ca\/wp-json\/wp\/v2\/users\/2"}],"replies":[{"embeddable":true,"href":"https:\/\/jmrpublicidad.com\/ca\/wp-json\/wp\/v2\/comments?post=600"}],"version-history":[{"count":1,"href":"https:\/\/jmrpublicidad.com\/ca\/wp-json\/wp\/v2\/pages\/600\/revisions"}],"predecessor-version":[{"id":602,"href":"https:\/\/jmrpublicidad.com\/ca\/wp-json\/wp\/v2\/pages\/600\/revisions\/602"}],"wp:attachment":[{"href":"https:\/\/jmrpublicidad.com\/ca\/wp-json\/wp\/v2\/media?parent=600"}],"curies":[{"name":"wp","href":"https:\/\/api.w.org\/{rel}","templated":true}]}}