{"id":594,"date":"2018-03-26T06:52:35","date_gmt":"2018-03-26T06:52:35","guid":{"rendered":"https:\/\/jmrpublicidad.com\/rotulos-luminosos\/"},"modified":"2023-10-20T10:55:08","modified_gmt":"2023-10-20T10:55:08","slug":"rotuls-lluminosos","status":"publish","type":"page","link":"https:\/\/jmrpublicidad.com\/ca\/rotuls-lluminosos\/","title":{"rendered":"R\u00f2tuls \/ Lluminosos"},"content":{"rendered":"<div class=\"wpb-content-wrapper\"><p>[vc_row][vc_column][vc_column_text]Fabriquem lletres corp\u00f2ries de PVC, metacrilat, alumini, acer inoxidable,\u2026. Amb o sense volum\u2026 pintades o tractades\u2026amb o sense estructura\u2026 amb o sense llum\u2026. per a fa\u00e7ana, paret o terrat\u2026. de diverses mesures, formes i qualitats.<\/p>\n<p>Fabriquem caixes de llum o r\u00e8tols il\u00b7luminats interiorment amb leds, amb frontal de metacrilat, d&#8217;alumini, d&#8217;acer inoxidable, de lona\u2026 amb o sense estructura\u2026 per a fa\u00e7ana, paret o terrat\u2026 de diverses mesures, formes i qualitats\u2026 Imatge amb vinil trasllu\u00eft de massa o d&#8217;impressi\u00f3 digital en alta, amb lona trasllu\u00efda,&#8230;.<\/p>\n<p>Fabriquem safates\/r\u00e8tols de metacrilat, d&#8217;alumini, d&#8217;acer inoxidable\u2026 amb o sense estructura\u2026 per a fa\u00e7ana, paret o terrat\u2026 de diverses mesures, formes i qualitats\u2026. Imatge amb vinil polim\u00e8ric de massa o en impressi\u00f3 digital en alta\u2026 opci\u00f3 d&#8217;Il\u00b7luminaci\u00f3 amb focus de Leds o similar.<\/p>\n<p>Cort materials amb fresadora o laser industrial asi com el tipus de soldadura (d&#8217;alta freq\u00fc\u00e8ncia, d&#8217;inducci\u00f3,\u2026.).<\/p>\n<p>Retolem in situ logotips i imagotipos, lletres, missatges o textos en fa\u00e7anes de locals comercials, despatxos, naus industrials, edificis de cristall, parets llises interiors o exteriors,\u2026<\/p>\n<p>Muntem o instal\u00b7lem els r\u00e8tols o lluminosos mitjan\u00e7ant cargols, amb estructura de ferro formada per tubs, platines, etc.<\/p>\n<p>Projecte T\u00e8cnic i Pla de Seguretat Opcional.<br \/>\nPancarta o lona Frontlit, Mesh o microperforada, Backlite o trasllu\u00efda, Blackout o doble cara\u2026<\/p>\n<p>Poden anar termosoldadas perimetralment o en beina (superior i inferior), refor\u00e7ades amb cuir o pl\u00e0stic, amb o sense traus de pl\u00e0stic, llaut\u00f3 o acer.<\/p>\n<p>Banderola o b\u00e0ner amb beina i trau impresa a doble cara.<\/p>\n<p>Muntem o instal\u00b7lem lones o pancartes amb o sense estructura perimetral, amb cargols quimica, brides de pl\u00e0stic o de metall, cinchas, corda de vela,\u2026.<br \/>\nOpci\u00f3 d&#8217;Il\u00b7luminaci\u00f3 amb focus de Leds o similar.<\/p>\n<p>Projecte T\u00e8cnic i Pla de Seguretat Opcional.[\/vc_column_text]<div class=\"gallery-block-wrap  \"><div class=\"wpb_row vc_row-fluid gallery-block-container\"><div class=\"gallery-contents  margin-yes\"><div class=\"gallery-grid-sizer vc_col-sm-3\"><\/div><div class=\"element gallery-item vc_col-sm-6\"><div class=\"portfolio-container portfolio-gallery_style1\"><div class=\"portfolio-img\"><img decoding=\"async\" src=\"https:\/\/jmrpublicidad.com\/blog\/wp-content\/uploads\/2023\/08\/15.31.19-570x570.webp\" alt=\"\"><\/div><div class=\"portfolio-hover\"><div class=\"gallery-icons\"><div class=\"center-wrap\"><a href=\"https:\/\/jmrpublicidad.com\/blog\/wp-content\/uploads\/2023\/08\/15.31.19.webp\" class=\"port-icon-hover popup-gallery\" data-title=\"15.31.19\"><i class=\"pixicon-plus\"><\/i><\/a><\/div><\/div><\/div><\/div><\/div><div class=\"element gallery-item vc_col-sm-3\"><div class=\"portfolio-container portfolio-gallery_style1\"><div class=\"portfolio-img\"><img decoding=\"async\" src=\"https:\/\/jmrpublicidad.com\/blog\/wp-content\/uploads\/2023\/08\/15.31.45-270x270.webp\" alt=\"\"><\/div><div class=\"portfolio-hover\"><div class=\"gallery-icons\"><div class=\"center-wrap\"><a href=\"https:\/\/jmrpublicidad.com\/blog\/wp-content\/uploads\/2023\/08\/15.31.45.webp\" class=\"port-icon-hover popup-gallery\" data-title=\"15.31.45\"><i class=\"pixicon-plus\"><\/i><\/a><\/div><\/div><\/div><\/div><\/div><div class=\"element gallery-item vc_col-sm-3\"><div class=\"portfolio-container portfolio-gallery_style1\"><div class=\"portfolio-img\"><img decoding=\"async\" src=\"https:\/\/jmrpublicidad.com\/blog\/wp-content\/uploads\/2018\/07\/IMG_4590-copia-270x270.jpg\" alt=\"\"><\/div><div class=\"portfolio-hover\"><div class=\"gallery-icons\"><div class=\"center-wrap\"><a href=\"https:\/\/jmrpublicidad.com\/blog\/wp-content\/uploads\/2018\/07\/IMG_4590-copia.jpg\" class=\"port-icon-hover popup-gallery\" data-title=\"IMG_4590 copia\"><i class=\"pixicon-plus\"><\/i><\/a><\/div><\/div><\/div><\/div><\/div><div class=\"element gallery-item vc_col-sm-3\"><div class=\"portfolio-container portfolio-gallery_style1\"><div class=\"portfolio-img\"><img decoding=\"async\" src=\"https:\/\/jmrpublicidad.com\/blog\/wp-content\/uploads\/2018\/07\/IMG_5390-copia-270x270.jpg\" alt=\"\"><\/div><div class=\"portfolio-hover\"><div class=\"gallery-icons\"><div class=\"center-wrap\"><a href=\"https:\/\/jmrpublicidad.com\/blog\/wp-content\/uploads\/2018\/07\/IMG_5390-copia.jpg\" class=\"port-icon-hover popup-gallery\" data-title=\"IMG_5390 copia\"><i class=\"pixicon-plus\"><\/i><\/a><\/div><\/div><\/div><\/div><\/div><div class=\"element gallery-item vc_col-sm-3\"><div class=\"portfolio-container portfolio-gallery_style1\"><div class=\"portfolio-img\"><img decoding=\"async\" src=\"https:\/\/jmrpublicidad.com\/blog\/wp-content\/uploads\/2018\/07\/IMG_4585-copia-270x270.jpg\" alt=\"\"><\/div><div class=\"portfolio-hover\"><div class=\"gallery-icons\"><div class=\"center-wrap\"><a href=\"https:\/\/jmrpublicidad.com\/blog\/wp-content\/uploads\/2018\/07\/IMG_4585-copia.jpg\" class=\"port-icon-hover popup-gallery\" data-title=\"IMG_4585 copia\"><i class=\"pixicon-plus\"><\/i><\/a><\/div><\/div><\/div><\/div><\/div><\/div><\/div><\/div><div class=\"gallery-block-wrap  \"><div class=\"wpb_row vc_row-fluid gallery-block-container\"><div class=\"gallery-contents  margin-yes\"><div class=\"gallery-grid-sizer vc_col-sm-3\"><\/div><div class=\"element gallery-item vc_col-sm-6\"><div class=\"portfolio-container portfolio-gallery_style1\"><div class=\"portfolio-img\"><img decoding=\"async\" src=\"https:\/\/jmrpublicidad.com\/blog\/wp-content\/uploads\/2018\/03\/via-celere.jpg\" alt=\"\"><\/div><div class=\"portfolio-hover\"><div class=\"gallery-icons\"><div class=\"center-wrap\"><a href=\"https:\/\/jmrpublicidad.com\/blog\/wp-content\/uploads\/2018\/03\/via-celere.jpg\" class=\"port-icon-hover popup-gallery\" data-title=\"via-celere\"><i class=\"pixicon-plus\"><\/i><\/a><\/div><\/div><\/div><\/div><\/div><div class=\"element gallery-item vc_col-sm-3\"><div class=\"portfolio-container portfolio-gallery_style1\"><div class=\"portfolio-img\"><img decoding=\"async\" src=\"https:\/\/jmrpublicidad.com\/blog\/wp-content\/uploads\/2018\/03\/kids-270x270.jpg\" alt=\"\"><\/div><div class=\"portfolio-hover\"><div class=\"gallery-icons\"><div class=\"center-wrap\"><a href=\"https:\/\/jmrpublicidad.com\/blog\/wp-content\/uploads\/2018\/03\/kids.jpg\" class=\"port-icon-hover popup-gallery\" data-title=\"kids\"><i class=\"pixicon-plus\"><\/i><\/a><\/div><\/div><\/div><\/div><\/div><div class=\"element gallery-item vc_col-sm-3\"><div class=\"portfolio-container portfolio-gallery_style1\"><div class=\"portfolio-img\"><img decoding=\"async\" src=\"https:\/\/jmrpublicidad.com\/blog\/wp-content\/uploads\/2018\/03\/DSC_0090-270x270.jpg\" alt=\"\"><\/div><div class=\"portfolio-hover\"><div class=\"gallery-icons\"><div class=\"center-wrap\"><a href=\"https:\/\/jmrpublicidad.com\/blog\/wp-content\/uploads\/2018\/03\/DSC_0090.jpg\" class=\"port-icon-hover popup-gallery\" data-title=\"DSC_0090\"><i class=\"pixicon-plus\"><\/i><\/a><\/div><\/div><\/div><\/div><\/div><div class=\"element gallery-item vc_col-sm-3\"><div class=\"portfolio-container portfolio-gallery_style1\"><div class=\"portfolio-img\"><img decoding=\"async\" src=\"https:\/\/jmrpublicidad.com\/blog\/wp-content\/uploads\/2018\/03\/IMG_0350-270x270.jpg\" alt=\"\"><\/div><div class=\"portfolio-hover\"><div class=\"gallery-icons\"><div class=\"center-wrap\"><a href=\"https:\/\/jmrpublicidad.com\/blog\/wp-content\/uploads\/2018\/03\/IMG_0350.jpg\" class=\"port-icon-hover popup-gallery\" data-title=\"IMG_0350\"><i class=\"pixicon-plus\"><\/i><\/a><\/div><\/div><\/div><\/div><\/div><div class=\"element gallery-item vc_col-sm-3\"><div class=\"portfolio-container portfolio-gallery_style1\"><div class=\"portfolio-img\"><img decoding=\"async\" src=\"https:\/\/jmrpublicidad.com\/blog\/wp-content\/uploads\/2018\/03\/IMG_02891-270x270.jpg\" alt=\"\"><\/div><div class=\"portfolio-hover\"><div class=\"gallery-icons\"><div class=\"center-wrap\"><a href=\"https:\/\/jmrpublicidad.com\/blog\/wp-content\/uploads\/2018\/03\/IMG_02891.jpg\" class=\"port-icon-hover popup-gallery\" data-title=\"IMG_02891\"><i class=\"pixicon-plus\"><\/i><\/a><\/div><\/div><\/div><\/div><\/div><div class=\"element gallery-item vc_col-sm-3\"><div class=\"portfolio-container portfolio-gallery_style1\"><div class=\"portfolio-img\"><img decoding=\"async\" src=\"https:\/\/jmrpublicidad.com\/blog\/wp-content\/uploads\/2018\/03\/DSCF0510-270x270.jpg\" alt=\"\"><\/div><div class=\"portfolio-hover\"><div class=\"gallery-icons\"><div class=\"center-wrap\"><a href=\"https:\/\/jmrpublicidad.com\/blog\/wp-content\/uploads\/2018\/03\/DSCF0510.jpg\" class=\"port-icon-hover popup-gallery\" data-title=\"DSCF0510\"><i class=\"pixicon-plus\"><\/i><\/a><\/div><\/div><\/div><\/div><\/div><div class=\"element gallery-item vc_col-sm-3\"><div class=\"portfolio-container portfolio-gallery_style1\"><div class=\"portfolio-img\"><img decoding=\"async\" src=\"https:\/\/jmrpublicidad.com\/blog\/wp-content\/uploads\/2018\/03\/basf-09-03-2011-006-270x270.jpg\" alt=\"\"><\/div><div class=\"portfolio-hover\"><div class=\"gallery-icons\"><div class=\"center-wrap\"><a href=\"https:\/\/jmrpublicidad.com\/blog\/wp-content\/uploads\/2018\/03\/basf-09-03-2011-006.jpg\" class=\"port-icon-hover popup-gallery\" data-title=\"basf-09-03-2011-006\"><i class=\"pixicon-plus\"><\/i><\/a><\/div><\/div><\/div><\/div><\/div><div class=\"element gallery-item vc_col-sm-6\"><div class=\"portfolio-container portfolio-gallery_style1\"><div class=\"portfolio-img\"><img decoding=\"async\" src=\"https:\/\/jmrpublicidad.com\/blog\/wp-content\/uploads\/2018\/03\/20122010134-570x570.jpg\" alt=\"\"><\/div><div class=\"portfolio-hover\"><div class=\"gallery-icons\"><div class=\"center-wrap\"><a href=\"https:\/\/jmrpublicidad.com\/blog\/wp-content\/uploads\/2018\/03\/20122010134.jpg\" class=\"port-icon-hover popup-gallery\" data-title=\"20122010134\"><i class=\"pixicon-plus\"><\/i><\/a><\/div><\/div><\/div><\/div><\/div><div class=\"element gallery-item vc_col-sm-3\"><div class=\"portfolio-container portfolio-gallery_style1\"><div class=\"portfolio-img\"><img decoding=\"async\" src=\"https:\/\/jmrpublicidad.com\/blog\/wp-content\/uploads\/2018\/03\/26-09-2011-002-270x270.jpg\" alt=\"\"><\/div><div class=\"portfolio-hover\"><div class=\"gallery-icons\"><div class=\"center-wrap\"><a href=\"https:\/\/jmrpublicidad.com\/blog\/wp-content\/uploads\/2018\/03\/26-09-2011-002.jpg\" class=\"port-icon-hover popup-gallery\" data-title=\"26-09-2011-002\"><i class=\"pixicon-plus\"><\/i><\/a><\/div><\/div><\/div><\/div><\/div><div class=\"element gallery-item vc_col-sm-3\"><div class=\"portfolio-container portfolio-gallery_style1\"><div class=\"portfolio-img\"><img decoding=\"async\" src=\"https:\/\/jmrpublicidad.com\/blog\/wp-content\/uploads\/2018\/07\/IMG_2925-copia-270x270.jpg\" alt=\"\"><\/div><div class=\"portfolio-hover\"><div class=\"gallery-icons\"><div class=\"center-wrap\"><a href=\"https:\/\/jmrpublicidad.com\/blog\/wp-content\/uploads\/2018\/07\/IMG_2925-copia.jpg\" class=\"port-icon-hover popup-gallery\" data-title=\"IMG_2925 copia\"><i class=\"pixicon-plus\"><\/i><\/a><\/div><\/div><\/div><\/div><\/div><div class=\"element gallery-item vc_col-sm-6\"><div class=\"portfolio-container portfolio-gallery_style1\"><div class=\"portfolio-img\"><img decoding=\"async\" src=\"https:\/\/jmrpublicidad.com\/blog\/wp-content\/uploads\/2018\/07\/IMG_3157-copia-570x570.jpg\" alt=\"\"><\/div><div class=\"portfolio-hover\"><div class=\"gallery-icons\"><div class=\"center-wrap\"><a href=\"https:\/\/jmrpublicidad.com\/blog\/wp-content\/uploads\/2018\/07\/IMG_3157-copia.jpg\" class=\"port-icon-hover popup-gallery\" data-title=\"IMG_3157 copia\"><i class=\"pixicon-plus\"><\/i><\/a><\/div><\/div><\/div><\/div><\/div><div class=\"element gallery-item vc_col-sm-3\"><div class=\"portfolio-container portfolio-gallery_style1\"><div class=\"portfolio-img\"><img decoding=\"async\" src=\"https:\/\/jmrpublicidad.com\/blog\/wp-content\/uploads\/2018\/07\/IMG_3565-copia-270x270.jpg\" alt=\"\"><\/div><div class=\"portfolio-hover\"><div class=\"gallery-icons\"><div class=\"center-wrap\"><a href=\"https:\/\/jmrpublicidad.com\/blog\/wp-content\/uploads\/2018\/07\/IMG_3565-copia.jpg\" class=\"port-icon-hover popup-gallery\" data-title=\"IMG_3565 copia\"><i class=\"pixicon-plus\"><\/i><\/a><\/div><\/div><\/div><\/div><\/div><div class=\"element gallery-item vc_col-sm-3\"><div class=\"portfolio-container portfolio-gallery_style1\"><div class=\"portfolio-img\"><img decoding=\"async\" src=\"https:\/\/jmrpublicidad.com\/blog\/wp-content\/uploads\/2018\/07\/IMG_4270-copia-270x270.jpg\" alt=\"\"><\/div><div class=\"portfolio-hover\"><div class=\"gallery-icons\"><div class=\"center-wrap\"><a href=\"https:\/\/jmrpublicidad.com\/blog\/wp-content\/uploads\/2018\/07\/IMG_4270-copia.jpg\" class=\"port-icon-hover popup-gallery\" data-title=\"IMG_4270 copia\"><i class=\"pixicon-plus\"><\/i><\/a><\/div><\/div><\/div><\/div><\/div><\/div><\/div><\/div>[\/vc_column][\/vc_row]<\/p>\n<\/div>","protected":false},"excerpt":{"rendered":"<p>[vc_row][vc_column][vc_column_text]Fabriquem lletres corp\u00f2ries de PVC, metacrilat, alumini, acer inoxidable,\u2026. Amb o sense volum\u2026 pintades o tractades\u2026amb o sense estructura\u2026 amb o sense llum\u2026. per a fa\u00e7ana, paret o terrat\u2026. de diverses mesures, formes i qualitats. Fabriquem caixes de llum o&#8230;<\/p>\n","protected":false},"author":2,"featured_media":0,"parent":0,"menu_order":5,"comment_status":"closed","ping_status":"closed","template":"","meta":{"footnotes":""},"class_list":["post-594","page","type-page","status-publish","hentry"],"yoast_head":"<!-- This site is optimized with the Yoast SEO plugin v24.9 - https:\/\/yoast.com\/wordpress\/plugins\/seo\/ -->\n<title>R\u00f2tuls \/ Lluminosos - JMR Publicidad especializada en el medio exterior en gran formato<\/title>\n<meta name=\"robots\" content=\"index, follow, max-snippet:-1, max-image-preview:large, max-video-preview:-1\" \/>\n<link rel=\"canonical\" href=\"https:\/\/jmrpublicidad.com\/ca\/rotuls-lluminosos\/\" \/>\n<meta property=\"og:locale\" content=\"ca_ES\" \/>\n<meta property=\"og:type\" content=\"article\" \/>\n<meta property=\"og:title\" content=\"R\u00f2tuls \/ Lluminosos - JMR Publicidad especializada en el medio exterior en gran formato\" \/>\n<meta property=\"og:description\" content=\"[vc_row][vc_column][vc_column_text]Fabriquem lletres corp\u00f2ries de PVC, metacrilat, alumini, acer inoxidable,\u2026. Amb o sense volum\u2026 pintades o tractades\u2026amb o sense estructura\u2026 amb o sense llum\u2026. per a fa\u00e7ana, paret o terrat\u2026. de diverses mesures, formes i qualitats. Fabriquem caixes de llum o...\" \/>\n<meta property=\"og:url\" content=\"https:\/\/jmrpublicidad.com\/ca\/rotuls-lluminosos\/\" \/>\n<meta property=\"og:site_name\" content=\"JMR Publicidad especializada en el medio exterior en gran formato\" \/>\n<meta property=\"article:publisher\" content=\"https:\/\/www.facebook.com\/Jmrpublicidad\/\" \/>\n<meta property=\"article:modified_time\" content=\"2023-10-20T10:55:08+00:00\" \/>\n<meta name=\"twitter:card\" content=\"summary_large_image\" \/>\n<meta name=\"twitter:label1\" content=\"Temps estimat de lectura\" \/>\n\t<meta name=\"twitter:data1\" content=\"2 minuts\" \/>\n<script type=\"application\/ld+json\" class=\"yoast-schema-graph\">{\"@context\":\"https:\/\/schema.org\",\"@graph\":[{\"@type\":\"WebPage\",\"@id\":\"https:\/\/jmrpublicidad.com\/ca\/rotuls-lluminosos\/\",\"url\":\"https:\/\/jmrpublicidad.com\/ca\/rotuls-lluminosos\/\",\"name\":\"R\u00f2tuls \/ Lluminosos - JMR Publicidad especializada en el medio exterior en gran formato\",\"isPartOf\":{\"@id\":\"https:\/\/jmrpublicidad.com\/#website\"},\"datePublished\":\"2018-03-26T06:52:35+00:00\",\"dateModified\":\"2023-10-20T10:55:08+00:00\",\"breadcrumb\":{\"@id\":\"https:\/\/jmrpublicidad.com\/ca\/rotuls-lluminosos\/#breadcrumb\"},\"inLanguage\":\"ca\",\"potentialAction\":[{\"@type\":\"ReadAction\",\"target\":[\"https:\/\/jmrpublicidad.com\/ca\/rotuls-lluminosos\/\"]}]},{\"@type\":\"BreadcrumbList\",\"@id\":\"https:\/\/jmrpublicidad.com\/ca\/rotuls-lluminosos\/#breadcrumb\",\"itemListElement\":[{\"@type\":\"ListItem\",\"position\":1,\"name\":\"Portada\",\"item\":\"https:\/\/jmrpublicidad.com\/ca\/presentacion\/\"},{\"@type\":\"ListItem\",\"position\":2,\"name\":\"R\u00f2tuls \/ Lluminosos\"}]},{\"@type\":\"WebSite\",\"@id\":\"https:\/\/jmrpublicidad.com\/#website\",\"url\":\"https:\/\/jmrpublicidad.com\/\",\"name\":\"JMR Publicidad especializada en el medio exterior en gran formato\",\"description\":\"\",\"publisher\":{\"@id\":\"https:\/\/jmrpublicidad.com\/#organization\"},\"potentialAction\":[{\"@type\":\"SearchAction\",\"target\":{\"@type\":\"EntryPoint\",\"urlTemplate\":\"https:\/\/jmrpublicidad.com\/?s={search_term_string}\"},\"query-input\":{\"@type\":\"PropertyValueSpecification\",\"valueRequired\":true,\"valueName\":\"search_term_string\"}}],\"inLanguage\":\"ca\"},{\"@type\":\"Organization\",\"@id\":\"https:\/\/jmrpublicidad.com\/#organization\",\"name\":\"JMR Publicidad\",\"url\":\"https:\/\/jmrpublicidad.com\/\",\"logo\":{\"@type\":\"ImageObject\",\"inLanguage\":\"ca\",\"@id\":\"https:\/\/jmrpublicidad.com\/#\/schema\/logo\/image\/\",\"url\":\"https:\/\/jmrpublicidad.com\/blog\/wp-content\/uploads\/2020\/03\/jmrpublicidad.png\",\"contentUrl\":\"https:\/\/jmrpublicidad.com\/blog\/wp-content\/uploads\/2020\/03\/jmrpublicidad.png\",\"width\":412,\"height\":115,\"caption\":\"JMR Publicidad\"},\"image\":{\"@id\":\"https:\/\/jmrpublicidad.com\/#\/schema\/logo\/image\/\"},\"sameAs\":[\"https:\/\/www.facebook.com\/Jmrpublicidad\/\"]}]}<\/script>\n<!-- \/ Yoast SEO plugin. -->","yoast_head_json":{"title":"R\u00f2tuls \/ Lluminosos - JMR Publicidad especializada en el medio exterior en gran formato","robots":{"index":"index","follow":"follow","max-snippet":"max-snippet:-1","max-image-preview":"max-image-preview:large","max-video-preview":"max-video-preview:-1"},"canonical":"https:\/\/jmrpublicidad.com\/ca\/rotuls-lluminosos\/","og_locale":"ca_ES","og_type":"article","og_title":"R\u00f2tuls \/ Lluminosos - JMR Publicidad especializada en el medio exterior en gran formato","og_description":"[vc_row][vc_column][vc_column_text]Fabriquem lletres corp\u00f2ries de PVC, metacrilat, alumini, acer inoxidable,\u2026. Amb o sense volum\u2026 pintades o tractades\u2026amb o sense estructura\u2026 amb o sense llum\u2026. per a fa\u00e7ana, paret o terrat\u2026. de diverses mesures, formes i qualitats. Fabriquem caixes de llum o...","og_url":"https:\/\/jmrpublicidad.com\/ca\/rotuls-lluminosos\/","og_site_name":"JMR Publicidad especializada en el medio exterior en gran formato","article_publisher":"https:\/\/www.facebook.com\/Jmrpublicidad\/","article_modified_time":"2023-10-20T10:55:08+00:00","twitter_card":"summary_large_image","twitter_misc":{"Temps estimat de lectura":"2 minuts"},"schema":{"@context":"https:\/\/schema.org","@graph":[{"@type":"WebPage","@id":"https:\/\/jmrpublicidad.com\/ca\/rotuls-lluminosos\/","url":"https:\/\/jmrpublicidad.com\/ca\/rotuls-lluminosos\/","name":"R\u00f2tuls \/ Lluminosos - JMR Publicidad especializada en el medio exterior en gran formato","isPartOf":{"@id":"https:\/\/jmrpublicidad.com\/#website"},"datePublished":"2018-03-26T06:52:35+00:00","dateModified":"2023-10-20T10:55:08+00:00","breadcrumb":{"@id":"https:\/\/jmrpublicidad.com\/ca\/rotuls-lluminosos\/#breadcrumb"},"inLanguage":"ca","potentialAction":[{"@type":"ReadAction","target":["https:\/\/jmrpublicidad.com\/ca\/rotuls-lluminosos\/"]}]},{"@type":"BreadcrumbList","@id":"https:\/\/jmrpublicidad.com\/ca\/rotuls-lluminosos\/#breadcrumb","itemListElement":[{"@type":"ListItem","position":1,"name":"Portada","item":"https:\/\/jmrpublicidad.com\/ca\/presentacion\/"},{"@type":"ListItem","position":2,"name":"R\u00f2tuls \/ Lluminosos"}]},{"@type":"WebSite","@id":"https:\/\/jmrpublicidad.com\/#website","url":"https:\/\/jmrpublicidad.com\/","name":"JMR Publicidad especializada en el medio exterior en gran formato","description":"","publisher":{"@id":"https:\/\/jmrpublicidad.com\/#organization"},"potentialAction":[{"@type":"SearchAction","target":{"@type":"EntryPoint","urlTemplate":"https:\/\/jmrpublicidad.com\/?s={search_term_string}"},"query-input":{"@type":"PropertyValueSpecification","valueRequired":true,"valueName":"search_term_string"}}],"inLanguage":"ca"},{"@type":"Organization","@id":"https:\/\/jmrpublicidad.com\/#organization","name":"JMR Publicidad","url":"https:\/\/jmrpublicidad.com\/","logo":{"@type":"ImageObject","inLanguage":"ca","@id":"https:\/\/jmrpublicidad.com\/#\/schema\/logo\/image\/","url":"https:\/\/jmrpublicidad.com\/blog\/wp-content\/uploads\/2020\/03\/jmrpublicidad.png","contentUrl":"https:\/\/jmrpublicidad.com\/blog\/wp-content\/uploads\/2020\/03\/jmrpublicidad.png","width":412,"height":115,"caption":"JMR Publicidad"},"image":{"@id":"https:\/\/jmrpublicidad.com\/#\/schema\/logo\/image\/"},"sameAs":["https:\/\/www.facebook.com\/Jmrpublicidad\/"]}]}},"_links":{"self":[{"href":"https:\/\/jmrpublicidad.com\/ca\/wp-json\/wp\/v2\/pages\/594"}],"collection":[{"href":"https:\/\/jmrpublicidad.com\/ca\/wp-json\/wp\/v2\/pages"}],"about":[{"href":"https:\/\/jmrpublicidad.com\/ca\/wp-json\/wp\/v2\/types\/page"}],"author":[{"embeddable":true,"href":"https:\/\/jmrpublicidad.com\/ca\/wp-json\/wp\/v2\/users\/2"}],"replies":[{"embeddable":true,"href":"https:\/\/jmrpublicidad.com\/ca\/wp-json\/wp\/v2\/comments?post=594"}],"version-history":[{"count":5,"href":"https:\/\/jmrpublicidad.com\/ca\/wp-json\/wp\/v2\/pages\/594\/revisions"}],"predecessor-version":[{"id":798,"href":"https:\/\/jmrpublicidad.com\/ca\/wp-json\/wp\/v2\/pages\/594\/revisions\/798"}],"wp:attachment":[{"href":"https:\/\/jmrpublicidad.com\/ca\/wp-json\/wp\/v2\/media?parent=594"}],"curies":[{"name":"wp","href":"https:\/\/api.w.org\/{rel}","templated":true}]}}