{"id":588,"date":"2018-03-26T06:52:02","date_gmt":"2018-03-26T06:52:02","guid":{"rendered":"https:\/\/jmrpublicidad.com\/pancartas-lonas\/"},"modified":"2019-01-23T12:58:08","modified_gmt":"2019-01-23T12:58:08","slug":"pancartes-lones","status":"publish","type":"page","link":"https:\/\/jmrpublicidad.com\/ca\/pancartes-lones\/","title":{"rendered":"Pancartes \/ Lones"},"content":{"rendered":"<div class=\"wpb-content-wrapper\"><p>[vc_row][vc_column][vc_column_text]Fabriquem i imprimim lones o pancartes de petit o gran format, per a interior o exterior, en alta o baixa resoluci\u00f3, confeccionades a mesura de (en Cm): 100\u00d770, 200\u00d7100, 250\u00d7250, 270\u00d7200, 300\u00d7150; 300\u00d7200; 350\u00d7120; 350\u00d7150; 400\u00d7200; 400\u00d7300; 600\u00d7300, 400\u00d7400; 600\u00d7400, 800\u00d7300; 800\u00d7400; 1200\u00d7300; 1200\u00d7400; 1200\u00d7500; 1600\u00d7300; 1600\u00d7400; 1600\u00d7500; 1600\u00d7600\u2026..<\/p>\n<p>Pancarta o lona Frontlit, Mesh o microperforada, Backlite o trasllu\u00efda, Blackout o doble cara\u2026<\/p>\n<p>Poden anar termosoldadas perimetralment o en beina (superior i inferior), refor\u00e7ades amb cuir o pl\u00e0stic, amb o sense traus de pl\u00e0stic, llaut\u00f3 o acer.<\/p>\n<p>Banderola o b\u00e0ner amb beina i trau impresa a doble cara.<\/p>\n<p>Muntem o instal\u00b7lem lones o pancartes amb o sense estructura perimetral, amb cargols quimica, brides de pl\u00e0stic o de metall, cinchas, corda de vela,\u2026.<br \/>\nOpci\u00f3 d&#8217;Il\u00b7luminaci\u00f3 amb focus de Leds o similar.<\/p>\n<p>Projecte T\u00e8cnic i Pla de Seguretat Opcional.[\/vc_column_text]<div class=\"gallery-block-wrap  \"><div class=\"wpb_row vc_row-fluid gallery-block-container\"><div class=\"gallery-contents  margin-yes\"><div class=\"gallery-grid-sizer vc_col-sm-3\"><\/div><div class=\"element gallery-item vc_col-sm-6\"><div class=\"portfolio-container portfolio-gallery_style1\"><div class=\"portfolio-img\"><img decoding=\"async\" src=\"https:\/\/jmrpublicidad.com\/blog\/wp-content\/uploads\/2018\/03\/copcisa-valla-y-lona.jpg\" alt=\"\"><\/div><div class=\"portfolio-hover\"><div class=\"gallery-icons\"><div class=\"center-wrap\"><a href=\"https:\/\/jmrpublicidad.com\/blog\/wp-content\/uploads\/2018\/03\/copcisa-valla-y-lona.jpg\" class=\"port-icon-hover popup-gallery\" data-title=\"copcisa-valla-y-lona\"><i class=\"pixicon-plus\"><\/i><\/a><\/div><\/div><\/div><\/div><\/div><div class=\"element gallery-item vc_col-sm-3\"><div class=\"portfolio-container portfolio-gallery_style1\"><div class=\"portfolio-img\"><img decoding=\"async\" src=\"https:\/\/jmrpublicidad.com\/blog\/wp-content\/uploads\/2018\/03\/lona-acsa-270x270.jpg\" alt=\"\"><\/div><div class=\"portfolio-hover\"><div class=\"gallery-icons\"><div class=\"center-wrap\"><a href=\"https:\/\/jmrpublicidad.com\/blog\/wp-content\/uploads\/2018\/03\/lona-acsa.jpg\" class=\"port-icon-hover popup-gallery\" data-title=\"lona-acsa\"><i class=\"pixicon-plus\"><\/i><\/a><\/div><\/div><\/div><\/div><\/div><div class=\"element gallery-item vc_col-sm-3\"><div class=\"portfolio-container portfolio-gallery_style1\"><div class=\"portfolio-img\"><img decoding=\"async\" src=\"https:\/\/jmrpublicidad.com\/blog\/wp-content\/uploads\/2018\/03\/Pont-de-vilomara_1-1-270x270.jpg\" alt=\"\"><\/div><div class=\"portfolio-hover\"><div class=\"gallery-icons\"><div class=\"center-wrap\"><a href=\"https:\/\/jmrpublicidad.com\/blog\/wp-content\/uploads\/2018\/03\/Pont-de-vilomara_1-1.jpg\" class=\"port-icon-hover popup-gallery\" data-title=\"Pont-de-vilomara_1-1\"><i class=\"pixicon-plus\"><\/i><\/a><\/div><\/div><\/div><\/div><\/div><div class=\"element gallery-item vc_col-sm-3\"><div class=\"portfolio-container portfolio-gallery_style1\"><div class=\"portfolio-img\"><img decoding=\"async\" src=\"https:\/\/jmrpublicidad.com\/blog\/wp-content\/uploads\/2018\/03\/lona-messena-270x270.jpg\" alt=\"\"><\/div><div class=\"portfolio-hover\"><div class=\"gallery-icons\"><div class=\"center-wrap\"><a href=\"https:\/\/jmrpublicidad.com\/blog\/wp-content\/uploads\/2018\/03\/lona-messena.jpg\" class=\"port-icon-hover popup-gallery\" data-title=\"lona-messena\"><i class=\"pixicon-plus\"><\/i><\/a><\/div><\/div><\/div><\/div><\/div><div class=\"element gallery-item vc_col-sm-3\"><div class=\"portfolio-container portfolio-gallery_style1\"><div class=\"portfolio-img\"><img decoding=\"async\" src=\"https:\/\/jmrpublicidad.com\/blog\/wp-content\/uploads\/2018\/03\/lona-grupo-pipeline-270x270.jpg\" alt=\"\"><\/div><div class=\"portfolio-hover\"><div class=\"gallery-icons\"><div class=\"center-wrap\"><a href=\"https:\/\/jmrpublicidad.com\/blog\/wp-content\/uploads\/2018\/03\/lona-grupo-pipeline.jpg\" class=\"port-icon-hover popup-gallery\" data-title=\"lona-grupo-pipeline\"><i class=\"pixicon-plus\"><\/i><\/a><\/div><\/div><\/div><\/div><\/div><div class=\"element gallery-item vc_col-sm-3\"><div class=\"portfolio-container portfolio-gallery_style1\"><div class=\"portfolio-img\"><img decoding=\"async\" src=\"https:\/\/jmrpublicidad.com\/blog\/wp-content\/uploads\/2018\/03\/lona-factory-basis-sabadell-270x270.jpg\" alt=\"\"><\/div><div class=\"portfolio-hover\"><div class=\"gallery-icons\"><div class=\"center-wrap\"><a href=\"https:\/\/jmrpublicidad.com\/blog\/wp-content\/uploads\/2018\/03\/lona-factory-basis-sabadell.jpg\" class=\"port-icon-hover popup-gallery\" data-title=\"lona-factory-basis-sabadell\"><i class=\"pixicon-plus\"><\/i><\/a><\/div><\/div><\/div><\/div><\/div><div class=\"element gallery-item vc_col-sm-3\"><div class=\"portfolio-container portfolio-gallery_style1\"><div class=\"portfolio-img\"><img decoding=\"async\" src=\"https:\/\/jmrpublicidad.com\/blog\/wp-content\/uploads\/2018\/03\/lona-factory-basic-270x270.jpg\" alt=\"\"><\/div><div class=\"portfolio-hover\"><div class=\"gallery-icons\"><div class=\"center-wrap\"><a href=\"https:\/\/jmrpublicidad.com\/blog\/wp-content\/uploads\/2018\/03\/lona-factory-basic.jpg\" class=\"port-icon-hover popup-gallery\" data-title=\"lona-factory-basic\"><i class=\"pixicon-plus\"><\/i><\/a><\/div><\/div><\/div><\/div><\/div><div class=\"element gallery-item vc_col-sm-6\"><div class=\"portfolio-container portfolio-gallery_style1\"><div class=\"portfolio-img\"><img decoding=\"async\" src=\"https:\/\/jmrpublicidad.com\/blog\/wp-content\/uploads\/2018\/03\/lona-con-cable-tensor-grup-paulistano.jpg\" alt=\"\"><\/div><div class=\"portfolio-hover\"><div class=\"gallery-icons\"><div class=\"center-wrap\"><a href=\"https:\/\/jmrpublicidad.com\/blog\/wp-content\/uploads\/2018\/03\/lona-con-cable-tensor-grup-paulistano.jpg\" class=\"port-icon-hover popup-gallery\" data-title=\"lona-con-cable-tensor-grup-paulistano\"><i class=\"pixicon-plus\"><\/i><\/a><\/div><\/div><\/div><\/div><\/div><div class=\"element gallery-item vc_col-sm-3\"><div class=\"portfolio-container portfolio-gallery_style1\"><div class=\"portfolio-img\"><img decoding=\"async\" src=\"https:\/\/jmrpublicidad.com\/blog\/wp-content\/uploads\/2018\/03\/la-foto2-270x270.jpg\" alt=\"\"><\/div><div class=\"portfolio-hover\"><div class=\"gallery-icons\"><div class=\"center-wrap\"><a href=\"https:\/\/jmrpublicidad.com\/blog\/wp-content\/uploads\/2018\/03\/la-foto2.jpg\" class=\"port-icon-hover popup-gallery\" data-title=\"la-foto2\"><i class=\"pixicon-plus\"><\/i><\/a><\/div><\/div><\/div><\/div><\/div><div class=\"element gallery-item vc_col-sm-3\"><div class=\"portfolio-container portfolio-gallery_style1\"><div class=\"portfolio-img\"><img decoding=\"async\" src=\"https:\/\/jmrpublicidad.com\/blog\/wp-content\/uploads\/2018\/03\/la-foto-270x270.jpg\" alt=\"\"><\/div><div class=\"portfolio-hover\"><div class=\"gallery-icons\"><div class=\"center-wrap\"><a href=\"https:\/\/jmrpublicidad.com\/blog\/wp-content\/uploads\/2018\/03\/la-foto.jpg\" class=\"port-icon-hover popup-gallery\" data-title=\"la-foto\"><i class=\"pixicon-plus\"><\/i><\/a><\/div><\/div><\/div><\/div><\/div><div class=\"element gallery-item vc_col-sm-6\"><div class=\"portfolio-container portfolio-gallery_style1\"><div class=\"portfolio-img\"><img decoding=\"async\" src=\"https:\/\/jmrpublicidad.com\/blog\/wp-content\/uploads\/2018\/07\/BULLPADEL-PHOTOCALL-1.jpg\" alt=\"\"><\/div><div class=\"portfolio-hover\"><div class=\"gallery-icons\"><div class=\"center-wrap\"><a href=\"https:\/\/jmrpublicidad.com\/blog\/wp-content\/uploads\/2018\/07\/BULLPADEL-PHOTOCALL-1.jpg\" class=\"port-icon-hover popup-gallery\" data-title=\"BULLPADEL PHOTOCALL\"><i class=\"pixicon-plus\"><\/i><\/a><\/div><\/div><\/div><\/div><\/div><div class=\"element gallery-item vc_col-sm-3\"><div class=\"portfolio-container portfolio-gallery_style1\"><div class=\"portfolio-img\"><img decoding=\"async\" src=\"https:\/\/jmrpublicidad.com\/blog\/wp-content\/uploads\/2018\/07\/file1-1-copia-1-270x270.jpeg\" alt=\"\"><\/div><div class=\"portfolio-hover\"><div class=\"gallery-icons\"><div class=\"center-wrap\"><a href=\"https:\/\/jmrpublicidad.com\/blog\/wp-content\/uploads\/2018\/07\/file1-1-copia-1.jpeg\" class=\"port-icon-hover popup-gallery\" data-title=\"file1-1 copia\"><i class=\"pixicon-plus\"><\/i><\/a><\/div><\/div><\/div><\/div><\/div><div class=\"element gallery-item vc_col-sm-3\"><div class=\"portfolio-container portfolio-gallery_style1\"><div class=\"portfolio-img\"><img decoding=\"async\" src=\"https:\/\/jmrpublicidad.com\/blog\/wp-content\/uploads\/2018\/07\/IMG_3014-copia-1-270x270.jpg\" alt=\"\"><\/div><div class=\"portfolio-hover\"><div class=\"gallery-icons\"><div class=\"center-wrap\"><a href=\"https:\/\/jmrpublicidad.com\/blog\/wp-content\/uploads\/2018\/07\/IMG_3014-copia-1.jpg\" class=\"port-icon-hover popup-gallery\" data-title=\"IMG_3014 copia\"><i class=\"pixicon-plus\"><\/i><\/a><\/div><\/div><\/div><\/div><\/div><div class=\"element gallery-item vc_col-sm-3\"><div class=\"portfolio-container portfolio-gallery_style1\"><div class=\"portfolio-img\"><img decoding=\"async\" src=\"https:\/\/jmrpublicidad.com\/blog\/wp-content\/uploads\/2018\/07\/IMG_3427-copia-1-270x270.jpg\" alt=\"\"><\/div><div class=\"portfolio-hover\"><div class=\"gallery-icons\"><div class=\"center-wrap\"><a href=\"https:\/\/jmrpublicidad.com\/blog\/wp-content\/uploads\/2018\/07\/IMG_3427-copia-1.jpg\" class=\"port-icon-hover popup-gallery\" data-title=\"IMG_3427 copia\"><i class=\"pixicon-plus\"><\/i><\/a><\/div><\/div><\/div><\/div><\/div><div class=\"element gallery-item vc_col-sm-3\"><div class=\"portfolio-container portfolio-gallery_style1\"><div class=\"portfolio-img\"><img decoding=\"async\" src=\"https:\/\/jmrpublicidad.com\/blog\/wp-content\/uploads\/2018\/07\/IMG_20170308_132217-copia-1-270x270.jpg\" alt=\"\"><\/div><div class=\"portfolio-hover\"><div class=\"gallery-icons\"><div class=\"center-wrap\"><a href=\"https:\/\/jmrpublicidad.com\/blog\/wp-content\/uploads\/2018\/07\/IMG_20170308_132217-copia-1.jpg\" class=\"port-icon-hover popup-gallery\" data-title=\"IMG_20170308_132217 copia\"><i class=\"pixicon-plus\"><\/i><\/a><\/div><\/div><\/div><\/div><\/div><div class=\"element gallery-item vc_col-sm-3\"><div class=\"portfolio-container portfolio-gallery_style1\"><div class=\"portfolio-img\"><img decoding=\"async\" src=\"https:\/\/jmrpublicidad.com\/blog\/wp-content\/uploads\/2018\/07\/IMG-0641-copia-1-270x270.jpg\" alt=\"\"><\/div><div class=\"portfolio-hover\"><div class=\"gallery-icons\"><div class=\"center-wrap\"><a href=\"https:\/\/jmrpublicidad.com\/blog\/wp-content\/uploads\/2018\/07\/IMG-0641-copia-1.jpg\" class=\"port-icon-hover popup-gallery\" data-title=\"IMG-0641 copia\"><i class=\"pixicon-plus\"><\/i><\/a><\/div><\/div><\/div><\/div><\/div><div class=\"element gallery-item vc_col-sm-3\"><div class=\"portfolio-container portfolio-gallery_style1\"><div class=\"portfolio-img\"><img decoding=\"async\" src=\"https:\/\/jmrpublicidad.com\/blog\/wp-content\/uploads\/2018\/07\/IMG-8013-copia-1-270x270.jpg\" alt=\"\"><\/div><div class=\"portfolio-hover\"><div class=\"gallery-icons\"><div class=\"center-wrap\"><a href=\"https:\/\/jmrpublicidad.com\/blog\/wp-content\/uploads\/2018\/07\/IMG-8013-copia-1.jpg\" class=\"port-icon-hover popup-gallery\" data-title=\"IMG-8013 copia\"><i class=\"pixicon-plus\"><\/i><\/a><\/div><\/div><\/div><\/div><\/div><\/div><\/div><\/div>[\/vc_column][\/vc_row]<\/p>\n<\/div>","protected":false},"excerpt":{"rendered":"<p>[vc_row][vc_column][vc_column_text]Fabriquem i imprimim lones o pancartes de petit o gran format, per a interior o exterior, en alta o baixa resoluci\u00f3, confeccionades a mesura de (en Cm): 100\u00d770, 200\u00d7100, 250\u00d7250, 270\u00d7200, 300\u00d7150; 300\u00d7200; 350\u00d7120; 350\u00d7150; 400\u00d7200; 400\u00d7300; 600\u00d7300, 400\u00d7400; 600\u00d7400,&#8230;<\/p>\n","protected":false},"author":2,"featured_media":0,"parent":0,"menu_order":4,"comment_status":"closed","ping_status":"closed","template":"","meta":{"footnotes":""},"class_list":["post-588","page","type-page","status-publish","hentry"],"yoast_head":"<!-- This site is optimized with the Yoast SEO plugin v24.9 - https:\/\/yoast.com\/wordpress\/plugins\/seo\/ -->\n<title>Pancartes \/ Lones - JMR Publicidad especializada en el medio exterior en gran formato<\/title>\n<meta name=\"robots\" content=\"index, follow, max-snippet:-1, max-image-preview:large, max-video-preview:-1\" \/>\n<link rel=\"canonical\" href=\"https:\/\/jmrpublicidad.com\/ca\/pancartes-lones\/\" \/>\n<meta property=\"og:locale\" content=\"ca_ES\" \/>\n<meta property=\"og:type\" content=\"article\" \/>\n<meta property=\"og:title\" content=\"Pancartes \/ Lones - JMR Publicidad especializada en el medio exterior en gran formato\" \/>\n<meta property=\"og:description\" content=\"[vc_row][vc_column][vc_column_text]Fabriquem i imprimim lones o pancartes de petit o gran format, per a interior o exterior, en alta o baixa resoluci\u00f3, confeccionades a mesura de (en Cm): 100\u00d770, 200\u00d7100, 250\u00d7250, 270\u00d7200, 300\u00d7150; 300\u00d7200; 350\u00d7120; 350\u00d7150; 400\u00d7200; 400\u00d7300; 600\u00d7300, 400\u00d7400; 600\u00d7400,...\" \/>\n<meta property=\"og:url\" content=\"https:\/\/jmrpublicidad.com\/ca\/pancartes-lones\/\" \/>\n<meta property=\"og:site_name\" content=\"JMR Publicidad especializada en el medio exterior en gran formato\" \/>\n<meta property=\"article:publisher\" content=\"https:\/\/www.facebook.com\/Jmrpublicidad\/\" \/>\n<meta property=\"article:modified_time\" content=\"2019-01-23T12:58:08+00:00\" \/>\n<meta name=\"twitter:card\" content=\"summary_large_image\" \/>\n<meta name=\"twitter:label1\" content=\"Temps estimat de lectura\" \/>\n\t<meta name=\"twitter:data1\" content=\"1 minut\" \/>\n<script type=\"application\/ld+json\" class=\"yoast-schema-graph\">{\"@context\":\"https:\/\/schema.org\",\"@graph\":[{\"@type\":\"WebPage\",\"@id\":\"https:\/\/jmrpublicidad.com\/ca\/pancartes-lones\/\",\"url\":\"https:\/\/jmrpublicidad.com\/ca\/pancartes-lones\/\",\"name\":\"Pancartes \/ Lones - JMR Publicidad especializada en el medio exterior en gran formato\",\"isPartOf\":{\"@id\":\"https:\/\/jmrpublicidad.com\/#website\"},\"datePublished\":\"2018-03-26T06:52:02+00:00\",\"dateModified\":\"2019-01-23T12:58:08+00:00\",\"breadcrumb\":{\"@id\":\"https:\/\/jmrpublicidad.com\/ca\/pancartes-lones\/#breadcrumb\"},\"inLanguage\":\"ca\",\"potentialAction\":[{\"@type\":\"ReadAction\",\"target\":[\"https:\/\/jmrpublicidad.com\/ca\/pancartes-lones\/\"]}]},{\"@type\":\"BreadcrumbList\",\"@id\":\"https:\/\/jmrpublicidad.com\/ca\/pancartes-lones\/#breadcrumb\",\"itemListElement\":[{\"@type\":\"ListItem\",\"position\":1,\"name\":\"Portada\",\"item\":\"https:\/\/jmrpublicidad.com\/ca\/presentacion\/\"},{\"@type\":\"ListItem\",\"position\":2,\"name\":\"Pancartes \/ Lones\"}]},{\"@type\":\"WebSite\",\"@id\":\"https:\/\/jmrpublicidad.com\/#website\",\"url\":\"https:\/\/jmrpublicidad.com\/\",\"name\":\"JMR Publicidad especializada en el medio exterior en gran formato\",\"description\":\"\",\"publisher\":{\"@id\":\"https:\/\/jmrpublicidad.com\/#organization\"},\"potentialAction\":[{\"@type\":\"SearchAction\",\"target\":{\"@type\":\"EntryPoint\",\"urlTemplate\":\"https:\/\/jmrpublicidad.com\/?s={search_term_string}\"},\"query-input\":{\"@type\":\"PropertyValueSpecification\",\"valueRequired\":true,\"valueName\":\"search_term_string\"}}],\"inLanguage\":\"ca\"},{\"@type\":\"Organization\",\"@id\":\"https:\/\/jmrpublicidad.com\/#organization\",\"name\":\"JMR Publicidad\",\"url\":\"https:\/\/jmrpublicidad.com\/\",\"logo\":{\"@type\":\"ImageObject\",\"inLanguage\":\"ca\",\"@id\":\"https:\/\/jmrpublicidad.com\/#\/schema\/logo\/image\/\",\"url\":\"https:\/\/jmrpublicidad.com\/blog\/wp-content\/uploads\/2020\/03\/jmrpublicidad.png\",\"contentUrl\":\"https:\/\/jmrpublicidad.com\/blog\/wp-content\/uploads\/2020\/03\/jmrpublicidad.png\",\"width\":412,\"height\":115,\"caption\":\"JMR Publicidad\"},\"image\":{\"@id\":\"https:\/\/jmrpublicidad.com\/#\/schema\/logo\/image\/\"},\"sameAs\":[\"https:\/\/www.facebook.com\/Jmrpublicidad\/\"]}]}<\/script>\n<!-- \/ Yoast SEO plugin. -->","yoast_head_json":{"title":"Pancartes \/ Lones - JMR Publicidad especializada en el medio exterior en gran formato","robots":{"index":"index","follow":"follow","max-snippet":"max-snippet:-1","max-image-preview":"max-image-preview:large","max-video-preview":"max-video-preview:-1"},"canonical":"https:\/\/jmrpublicidad.com\/ca\/pancartes-lones\/","og_locale":"ca_ES","og_type":"article","og_title":"Pancartes \/ Lones - JMR Publicidad especializada en el medio exterior en gran formato","og_description":"[vc_row][vc_column][vc_column_text]Fabriquem i imprimim lones o pancartes de petit o gran format, per a interior o exterior, en alta o baixa resoluci\u00f3, confeccionades a mesura de (en Cm): 100\u00d770, 200\u00d7100, 250\u00d7250, 270\u00d7200, 300\u00d7150; 300\u00d7200; 350\u00d7120; 350\u00d7150; 400\u00d7200; 400\u00d7300; 600\u00d7300, 400\u00d7400; 600\u00d7400,...","og_url":"https:\/\/jmrpublicidad.com\/ca\/pancartes-lones\/","og_site_name":"JMR Publicidad especializada en el medio exterior en gran formato","article_publisher":"https:\/\/www.facebook.com\/Jmrpublicidad\/","article_modified_time":"2019-01-23T12:58:08+00:00","twitter_card":"summary_large_image","twitter_misc":{"Temps estimat de lectura":"1 minut"},"schema":{"@context":"https:\/\/schema.org","@graph":[{"@type":"WebPage","@id":"https:\/\/jmrpublicidad.com\/ca\/pancartes-lones\/","url":"https:\/\/jmrpublicidad.com\/ca\/pancartes-lones\/","name":"Pancartes \/ Lones - JMR Publicidad especializada en el medio exterior en gran formato","isPartOf":{"@id":"https:\/\/jmrpublicidad.com\/#website"},"datePublished":"2018-03-26T06:52:02+00:00","dateModified":"2019-01-23T12:58:08+00:00","breadcrumb":{"@id":"https:\/\/jmrpublicidad.com\/ca\/pancartes-lones\/#breadcrumb"},"inLanguage":"ca","potentialAction":[{"@type":"ReadAction","target":["https:\/\/jmrpublicidad.com\/ca\/pancartes-lones\/"]}]},{"@type":"BreadcrumbList","@id":"https:\/\/jmrpublicidad.com\/ca\/pancartes-lones\/#breadcrumb","itemListElement":[{"@type":"ListItem","position":1,"name":"Portada","item":"https:\/\/jmrpublicidad.com\/ca\/presentacion\/"},{"@type":"ListItem","position":2,"name":"Pancartes \/ Lones"}]},{"@type":"WebSite","@id":"https:\/\/jmrpublicidad.com\/#website","url":"https:\/\/jmrpublicidad.com\/","name":"JMR Publicidad especializada en el medio exterior en gran formato","description":"","publisher":{"@id":"https:\/\/jmrpublicidad.com\/#organization"},"potentialAction":[{"@type":"SearchAction","target":{"@type":"EntryPoint","urlTemplate":"https:\/\/jmrpublicidad.com\/?s={search_term_string}"},"query-input":{"@type":"PropertyValueSpecification","valueRequired":true,"valueName":"search_term_string"}}],"inLanguage":"ca"},{"@type":"Organization","@id":"https:\/\/jmrpublicidad.com\/#organization","name":"JMR Publicidad","url":"https:\/\/jmrpublicidad.com\/","logo":{"@type":"ImageObject","inLanguage":"ca","@id":"https:\/\/jmrpublicidad.com\/#\/schema\/logo\/image\/","url":"https:\/\/jmrpublicidad.com\/blog\/wp-content\/uploads\/2020\/03\/jmrpublicidad.png","contentUrl":"https:\/\/jmrpublicidad.com\/blog\/wp-content\/uploads\/2020\/03\/jmrpublicidad.png","width":412,"height":115,"caption":"JMR Publicidad"},"image":{"@id":"https:\/\/jmrpublicidad.com\/#\/schema\/logo\/image\/"},"sameAs":["https:\/\/www.facebook.com\/Jmrpublicidad\/"]}]}},"_links":{"self":[{"href":"https:\/\/jmrpublicidad.com\/ca\/wp-json\/wp\/v2\/pages\/588"}],"collection":[{"href":"https:\/\/jmrpublicidad.com\/ca\/wp-json\/wp\/v2\/pages"}],"about":[{"href":"https:\/\/jmrpublicidad.com\/ca\/wp-json\/wp\/v2\/types\/page"}],"author":[{"embeddable":true,"href":"https:\/\/jmrpublicidad.com\/ca\/wp-json\/wp\/v2\/users\/2"}],"replies":[{"embeddable":true,"href":"https:\/\/jmrpublicidad.com\/ca\/wp-json\/wp\/v2\/comments?post=588"}],"version-history":[{"count":1,"href":"https:\/\/jmrpublicidad.com\/ca\/wp-json\/wp\/v2\/pages\/588\/revisions"}],"predecessor-version":[{"id":590,"href":"https:\/\/jmrpublicidad.com\/ca\/wp-json\/wp\/v2\/pages\/588\/revisions\/590"}],"wp:attachment":[{"href":"https:\/\/jmrpublicidad.com\/ca\/wp-json\/wp\/v2\/media?parent=588"}],"curies":[{"name":"wp","href":"https:\/\/api.w.org\/{rel}","templated":true}]}}