{"id":584,"date":"2018-03-26T06:51:35","date_gmt":"2018-03-26T06:51:35","guid":{"rendered":"https:\/\/jmrpublicidad.com\/senaletica-soportes\/"},"modified":"2019-01-23T12:55:01","modified_gmt":"2019-01-23T12:55:01","slug":"senyalistica-suports","status":"publish","type":"page","link":"https:\/\/jmrpublicidad.com\/ca\/senyalistica-suports\/","title":{"rendered":"Senyal\u00edstica \/ Suports"},"content":{"rendered":"<div class=\"wpb-content-wrapper\"><p>[vc_row][vc_column][vc_column_text]Fabriquem suports de senyalitzaci\u00f3 interior d&#8217;emerg\u00e8ncia i evacuaci\u00f3 fotoluminiscents, corporatius indicatius, informatius, etc. de PVC, metacrilat, alumini, acer inoxidable, pintats sobre superf\u00edcie llisa de diverses mesures i qualitats.<\/p>\n<p>Fabriquem suports de senyalitzaci\u00f3 exterior d&#8217;emerg\u00e8ncia i evacuaci\u00f3 fotoluminiscents, corporatius, informatius, etc de PVC, metacrilat, alumini, acer inoxidable, acer galvanitzat, fusta, \u2026<\/p>\n<p>Fabriquem suports de senyalitzaci\u00f3 d&#8217;interior\/exterior amb caixa d&#8217;alumini il\u00b7luminat amb leds<\/p>\n<p>Muntem o instal\u00b7lem els suports de senyalitzaci\u00f3 mitjan\u00e7ant cargols, cadena, amb estructura de ferro formada per tubs, estructura de fusta, platines, etc.<\/p>\n<p>Projecte T\u00e8cnic i Pla de Seguretat Opcional.[\/vc_column_text]<div class=\"gallery-block-wrap  \"><div class=\"wpb_row vc_row-fluid gallery-block-container\"><div class=\"gallery-contents  margin-yes\"><div class=\"gallery-grid-sizer vc_col-sm-3\"><\/div><div class=\"element gallery-item vc_col-sm-6\"><div class=\"portfolio-container portfolio-gallery_style1\"><div class=\"portfolio-img\"><img decoding=\"async\" src=\"https:\/\/jmrpublicidad.com\/blog\/wp-content\/uploads\/2018\/03\/IMG_6851.jpg\" alt=\"\"><\/div><div class=\"portfolio-hover\"><div class=\"gallery-icons\"><div class=\"center-wrap\"><a href=\"https:\/\/jmrpublicidad.com\/blog\/wp-content\/uploads\/2018\/03\/IMG_6851.jpg\" class=\"port-icon-hover popup-gallery\" data-title=\"IMG_6851\"><i class=\"pixicon-plus\"><\/i><\/a><\/div><\/div><\/div><\/div><\/div><div class=\"element gallery-item vc_col-sm-3\"><div class=\"portfolio-container portfolio-gallery_style1\"><div class=\"portfolio-img\"><img decoding=\"async\" src=\"https:\/\/jmrpublicidad.com\/blog\/wp-content\/uploads\/2018\/03\/sant-feliu-8-270x270.jpg\" alt=\"\"><\/div><div class=\"portfolio-hover\"><div class=\"gallery-icons\"><div class=\"center-wrap\"><a href=\"https:\/\/jmrpublicidad.com\/blog\/wp-content\/uploads\/2018\/03\/sant-feliu-8.jpg\" class=\"port-icon-hover popup-gallery\" data-title=\"sant-feliu-8\"><i class=\"pixicon-plus\"><\/i><\/a><\/div><\/div><\/div><\/div><\/div><div class=\"element gallery-item vc_col-sm-3\"><div class=\"portfolio-container portfolio-gallery_style1\"><div class=\"portfolio-img\"><img decoding=\"async\" src=\"https:\/\/jmrpublicidad.com\/blog\/wp-content\/uploads\/2018\/03\/IMAG0843-270x270.jpg\" alt=\"\"><\/div><div class=\"portfolio-hover\"><div class=\"gallery-icons\"><div class=\"center-wrap\"><a href=\"https:\/\/jmrpublicidad.com\/blog\/wp-content\/uploads\/2018\/03\/IMAG0843.jpg\" class=\"port-icon-hover popup-gallery\" data-title=\"IMAG0843\"><i class=\"pixicon-plus\"><\/i><\/a><\/div><\/div><\/div><\/div><\/div><div class=\"element gallery-item vc_col-sm-3\"><div class=\"portfolio-container portfolio-gallery_style1\"><div class=\"portfolio-img\"><img decoding=\"async\" src=\"https:\/\/jmrpublicidad.com\/blog\/wp-content\/uploads\/2018\/03\/IMAG0457-270x270.jpg\" alt=\"\"><\/div><div class=\"portfolio-hover\"><div class=\"gallery-icons\"><div class=\"center-wrap\"><a href=\"https:\/\/jmrpublicidad.com\/blog\/wp-content\/uploads\/2018\/03\/IMAG0457.jpg\" class=\"port-icon-hover popup-gallery\" data-title=\"IMAG0457\"><i class=\"pixicon-plus\"><\/i><\/a><\/div><\/div><\/div><\/div><\/div><div class=\"element gallery-item vc_col-sm-3\"><div class=\"portfolio-container portfolio-gallery_style1\"><div class=\"portfolio-img\"><img decoding=\"async\" src=\"https:\/\/jmrpublicidad.com\/blog\/wp-content\/uploads\/2018\/03\/Fotos-01-10-12-008-270x270.jpg\" alt=\"\"><\/div><div class=\"portfolio-hover\"><div class=\"gallery-icons\"><div class=\"center-wrap\"><a href=\"https:\/\/jmrpublicidad.com\/blog\/wp-content\/uploads\/2018\/03\/Fotos-01-10-12-008.jpg\" class=\"port-icon-hover popup-gallery\" data-title=\"Fotos-01-10-12-008\"><i class=\"pixicon-plus\"><\/i><\/a><\/div><\/div><\/div><\/div><\/div><div class=\"element gallery-item vc_col-sm-3\"><div class=\"portfolio-container portfolio-gallery_style1\"><div class=\"portfolio-img\"><img decoding=\"async\" src=\"https:\/\/jmrpublicidad.com\/blog\/wp-content\/uploads\/2018\/03\/Fotos-24-01-13-016-270x270.jpg\" alt=\"\"><\/div><div class=\"portfolio-hover\"><div class=\"gallery-icons\"><div class=\"center-wrap\"><a href=\"https:\/\/jmrpublicidad.com\/blog\/wp-content\/uploads\/2018\/03\/Fotos-24-01-13-016.jpg\" class=\"port-icon-hover popup-gallery\" data-title=\"Fotos-24-01-13-016\"><i class=\"pixicon-plus\"><\/i><\/a><\/div><\/div><\/div><\/div><\/div><div class=\"element gallery-item vc_col-sm-3\"><div class=\"portfolio-container portfolio-gallery_style1\"><div class=\"portfolio-img\"><img decoding=\"async\" src=\"https:\/\/jmrpublicidad.com\/blog\/wp-content\/uploads\/2018\/03\/Fotos-15-02-13-019-270x270.jpg\" alt=\"\"><\/div><div class=\"portfolio-hover\"><div class=\"gallery-icons\"><div class=\"center-wrap\"><a href=\"https:\/\/jmrpublicidad.com\/blog\/wp-content\/uploads\/2018\/03\/Fotos-15-02-13-019.jpg\" class=\"port-icon-hover popup-gallery\" data-title=\"Fotos-15-02-13-019\"><i class=\"pixicon-plus\"><\/i><\/a><\/div><\/div><\/div><\/div><\/div><div class=\"element gallery-item vc_col-sm-6\"><div class=\"portfolio-container portfolio-gallery_style1\"><div class=\"portfolio-img\"><img decoding=\"async\" src=\"https:\/\/jmrpublicidad.com\/blog\/wp-content\/uploads\/2018\/03\/Fotos-05-02-13-004-570x570.jpg\" alt=\"\"><\/div><div class=\"portfolio-hover\"><div class=\"gallery-icons\"><div class=\"center-wrap\"><a href=\"https:\/\/jmrpublicidad.com\/blog\/wp-content\/uploads\/2018\/03\/Fotos-05-02-13-004.jpg\" class=\"port-icon-hover popup-gallery\" data-title=\"Fotos-05-02-13-004\"><i class=\"pixicon-plus\"><\/i><\/a><\/div><\/div><\/div><\/div><\/div><div class=\"element gallery-item vc_col-sm-3\"><div class=\"portfolio-container portfolio-gallery_style1\"><div class=\"portfolio-img\"><img decoding=\"async\" src=\"https:\/\/jmrpublicidad.com\/blog\/wp-content\/uploads\/2018\/03\/2013-02-14-11.36.17-270x270.jpg\" alt=\"\"><\/div><div class=\"portfolio-hover\"><div class=\"gallery-icons\"><div class=\"center-wrap\"><a href=\"https:\/\/jmrpublicidad.com\/blog\/wp-content\/uploads\/2018\/03\/2013-02-14-11.36.17.jpg\" class=\"port-icon-hover popup-gallery\" data-title=\"2013-02-14-11.36.17\"><i class=\"pixicon-plus\"><\/i><\/a><\/div><\/div><\/div><\/div><\/div><div class=\"element gallery-item vc_col-sm-3\"><div class=\"portfolio-container portfolio-gallery_style1\"><div class=\"portfolio-img\"><img decoding=\"async\" src=\"https:\/\/jmrpublicidad.com\/blog\/wp-content\/uploads\/2018\/07\/IMG_4063-copia-270x270.jpg\" alt=\"\"><\/div><div class=\"portfolio-hover\"><div class=\"gallery-icons\"><div class=\"center-wrap\"><a href=\"https:\/\/jmrpublicidad.com\/blog\/wp-content\/uploads\/2018\/07\/IMG_4063-copia.jpg\" class=\"port-icon-hover popup-gallery\" data-title=\"IMG_4063 copia\"><i class=\"pixicon-plus\"><\/i><\/a><\/div><\/div><\/div><\/div><\/div><div class=\"element gallery-item vc_col-sm-6\"><div class=\"portfolio-container portfolio-gallery_style1\"><div class=\"portfolio-img\"><img decoding=\"async\" src=\"https:\/\/jmrpublicidad.com\/blog\/wp-content\/uploads\/2018\/07\/IMG_20160321_115752-copia-570x570.jpg\" alt=\"\"><\/div><div class=\"portfolio-hover\"><div class=\"gallery-icons\"><div class=\"center-wrap\"><a href=\"https:\/\/jmrpublicidad.com\/blog\/wp-content\/uploads\/2018\/07\/IMG_20160321_115752-copia.jpg\" class=\"port-icon-hover popup-gallery\" data-title=\"IMG_20160321_115752 copia\"><i class=\"pixicon-plus\"><\/i><\/a><\/div><\/div><\/div><\/div><\/div><div class=\"element gallery-item vc_col-sm-3\"><div class=\"portfolio-container portfolio-gallery_style1\"><div class=\"portfolio-img\"><img decoding=\"async\" src=\"https:\/\/jmrpublicidad.com\/blog\/wp-content\/uploads\/2018\/07\/IMG_20170505_121949-copia-270x270.jpg\" alt=\"\"><\/div><div class=\"portfolio-hover\"><div class=\"gallery-icons\"><div class=\"center-wrap\"><a href=\"https:\/\/jmrpublicidad.com\/blog\/wp-content\/uploads\/2018\/07\/IMG_20170505_121949-copia.jpg\" class=\"port-icon-hover popup-gallery\" data-title=\"IMG_20170505_121949 copia\"><i class=\"pixicon-plus\"><\/i><\/a><\/div><\/div><\/div><\/div><\/div><div class=\"element gallery-item vc_col-sm-3\"><div class=\"portfolio-container portfolio-gallery_style1\"><div class=\"portfolio-img\"><img decoding=\"async\" src=\"https:\/\/jmrpublicidad.com\/blog\/wp-content\/uploads\/2018\/07\/IMG_20170627_144547-copia-270x270.jpg\" alt=\"\"><\/div><div class=\"portfolio-hover\"><div class=\"gallery-icons\"><div class=\"center-wrap\"><a href=\"https:\/\/jmrpublicidad.com\/blog\/wp-content\/uploads\/2018\/07\/IMG_20170627_144547-copia.jpg\" class=\"port-icon-hover popup-gallery\" data-title=\"IMG_20170627_144547 copia\"><i class=\"pixicon-plus\"><\/i><\/a><\/div><\/div><\/div><\/div><\/div><div class=\"element gallery-item vc_col-sm-3\"><div class=\"portfolio-container portfolio-gallery_style1\"><div class=\"portfolio-img\"><img decoding=\"async\" src=\"https:\/\/jmrpublicidad.com\/blog\/wp-content\/uploads\/2018\/07\/IMG-0229-copia-270x270.jpg\" alt=\"\"><\/div><div class=\"portfolio-hover\"><div class=\"gallery-icons\"><div class=\"center-wrap\"><a href=\"https:\/\/jmrpublicidad.com\/blog\/wp-content\/uploads\/2018\/07\/IMG-0229-copia.jpg\" class=\"port-icon-hover popup-gallery\" data-title=\"IMG-0229 copia\"><i class=\"pixicon-plus\"><\/i><\/a><\/div><\/div><\/div><\/div><\/div><\/div><\/div><\/div>[\/vc_column][\/vc_row]<\/p>\n<\/div>","protected":false},"excerpt":{"rendered":"<p>[vc_row][vc_column][vc_column_text]Fabriquem suports de senyalitzaci\u00f3 interior d&#8217;emerg\u00e8ncia i evacuaci\u00f3 fotoluminiscents, corporatius indicatius, informatius, etc. de PVC, metacrilat, alumini, acer inoxidable, pintats sobre superf\u00edcie llisa de diverses mesures i qualitats. Fabriquem suports de senyalitzaci\u00f3 exterior d&#8217;emerg\u00e8ncia i evacuaci\u00f3 fotoluminiscents, corporatius, informatius, etc&#8230;<\/p>\n","protected":false},"author":2,"featured_media":0,"parent":0,"menu_order":3,"comment_status":"closed","ping_status":"closed","template":"","meta":{"footnotes":""},"class_list":["post-584","page","type-page","status-publish","hentry"],"yoast_head":"<!-- This site is optimized with the Yoast SEO plugin v24.9 - https:\/\/yoast.com\/wordpress\/plugins\/seo\/ -->\n<title>Senyal\u00edstica \/ Suports - JMR Publicidad especializada en el medio exterior en gran formato<\/title>\n<meta name=\"robots\" content=\"index, follow, max-snippet:-1, max-image-preview:large, max-video-preview:-1\" \/>\n<link rel=\"canonical\" href=\"https:\/\/jmrpublicidad.com\/ca\/senyalistica-suports\/\" \/>\n<meta property=\"og:locale\" content=\"ca_ES\" \/>\n<meta property=\"og:type\" content=\"article\" \/>\n<meta property=\"og:title\" content=\"Senyal\u00edstica \/ Suports - JMR Publicidad especializada en el medio exterior en gran formato\" \/>\n<meta property=\"og:description\" content=\"[vc_row][vc_column][vc_column_text]Fabriquem suports de senyalitzaci\u00f3 interior d&#8217;emerg\u00e8ncia i evacuaci\u00f3 fotoluminiscents, corporatius indicatius, informatius, etc. de PVC, metacrilat, alumini, acer inoxidable, pintats sobre superf\u00edcie llisa de diverses mesures i qualitats. Fabriquem suports de senyalitzaci\u00f3 exterior d&#8217;emerg\u00e8ncia i evacuaci\u00f3 fotoluminiscents, corporatius, informatius, etc...\" \/>\n<meta property=\"og:url\" content=\"https:\/\/jmrpublicidad.com\/ca\/senyalistica-suports\/\" \/>\n<meta property=\"og:site_name\" content=\"JMR Publicidad especializada en el medio exterior en gran formato\" \/>\n<meta property=\"article:publisher\" content=\"https:\/\/www.facebook.com\/Jmrpublicidad\/\" \/>\n<meta property=\"article:modified_time\" content=\"2019-01-23T12:55:01+00:00\" \/>\n<meta name=\"twitter:card\" content=\"summary_large_image\" \/>\n<meta name=\"twitter:label1\" content=\"Temps estimat de lectura\" \/>\n\t<meta name=\"twitter:data1\" content=\"1 minut\" \/>\n<script type=\"application\/ld+json\" class=\"yoast-schema-graph\">{\"@context\":\"https:\/\/schema.org\",\"@graph\":[{\"@type\":\"WebPage\",\"@id\":\"https:\/\/jmrpublicidad.com\/ca\/senyalistica-suports\/\",\"url\":\"https:\/\/jmrpublicidad.com\/ca\/senyalistica-suports\/\",\"name\":\"Senyal\u00edstica \/ Suports - JMR Publicidad especializada en el medio exterior en gran formato\",\"isPartOf\":{\"@id\":\"https:\/\/jmrpublicidad.com\/#website\"},\"datePublished\":\"2018-03-26T06:51:35+00:00\",\"dateModified\":\"2019-01-23T12:55:01+00:00\",\"breadcrumb\":{\"@id\":\"https:\/\/jmrpublicidad.com\/ca\/senyalistica-suports\/#breadcrumb\"},\"inLanguage\":\"ca\",\"potentialAction\":[{\"@type\":\"ReadAction\",\"target\":[\"https:\/\/jmrpublicidad.com\/ca\/senyalistica-suports\/\"]}]},{\"@type\":\"BreadcrumbList\",\"@id\":\"https:\/\/jmrpublicidad.com\/ca\/senyalistica-suports\/#breadcrumb\",\"itemListElement\":[{\"@type\":\"ListItem\",\"position\":1,\"name\":\"Portada\",\"item\":\"https:\/\/jmrpublicidad.com\/ca\/presentacion\/\"},{\"@type\":\"ListItem\",\"position\":2,\"name\":\"Senyal\u00edstica \/ Suports\"}]},{\"@type\":\"WebSite\",\"@id\":\"https:\/\/jmrpublicidad.com\/#website\",\"url\":\"https:\/\/jmrpublicidad.com\/\",\"name\":\"JMR Publicidad especializada en el medio exterior en gran formato\",\"description\":\"\",\"publisher\":{\"@id\":\"https:\/\/jmrpublicidad.com\/#organization\"},\"potentialAction\":[{\"@type\":\"SearchAction\",\"target\":{\"@type\":\"EntryPoint\",\"urlTemplate\":\"https:\/\/jmrpublicidad.com\/?s={search_term_string}\"},\"query-input\":{\"@type\":\"PropertyValueSpecification\",\"valueRequired\":true,\"valueName\":\"search_term_string\"}}],\"inLanguage\":\"ca\"},{\"@type\":\"Organization\",\"@id\":\"https:\/\/jmrpublicidad.com\/#organization\",\"name\":\"JMR Publicidad\",\"url\":\"https:\/\/jmrpublicidad.com\/\",\"logo\":{\"@type\":\"ImageObject\",\"inLanguage\":\"ca\",\"@id\":\"https:\/\/jmrpublicidad.com\/#\/schema\/logo\/image\/\",\"url\":\"https:\/\/jmrpublicidad.com\/blog\/wp-content\/uploads\/2020\/03\/jmrpublicidad.png\",\"contentUrl\":\"https:\/\/jmrpublicidad.com\/blog\/wp-content\/uploads\/2020\/03\/jmrpublicidad.png\",\"width\":412,\"height\":115,\"caption\":\"JMR Publicidad\"},\"image\":{\"@id\":\"https:\/\/jmrpublicidad.com\/#\/schema\/logo\/image\/\"},\"sameAs\":[\"https:\/\/www.facebook.com\/Jmrpublicidad\/\"]}]}<\/script>\n<!-- \/ Yoast SEO plugin. -->","yoast_head_json":{"title":"Senyal\u00edstica \/ Suports - JMR Publicidad especializada en el medio exterior en gran formato","robots":{"index":"index","follow":"follow","max-snippet":"max-snippet:-1","max-image-preview":"max-image-preview:large","max-video-preview":"max-video-preview:-1"},"canonical":"https:\/\/jmrpublicidad.com\/ca\/senyalistica-suports\/","og_locale":"ca_ES","og_type":"article","og_title":"Senyal\u00edstica \/ Suports - JMR Publicidad especializada en el medio exterior en gran formato","og_description":"[vc_row][vc_column][vc_column_text]Fabriquem suports de senyalitzaci\u00f3 interior d&#8217;emerg\u00e8ncia i evacuaci\u00f3 fotoluminiscents, corporatius indicatius, informatius, etc. de PVC, metacrilat, alumini, acer inoxidable, pintats sobre superf\u00edcie llisa de diverses mesures i qualitats. Fabriquem suports de senyalitzaci\u00f3 exterior d&#8217;emerg\u00e8ncia i evacuaci\u00f3 fotoluminiscents, corporatius, informatius, etc...","og_url":"https:\/\/jmrpublicidad.com\/ca\/senyalistica-suports\/","og_site_name":"JMR Publicidad especializada en el medio exterior en gran formato","article_publisher":"https:\/\/www.facebook.com\/Jmrpublicidad\/","article_modified_time":"2019-01-23T12:55:01+00:00","twitter_card":"summary_large_image","twitter_misc":{"Temps estimat de lectura":"1 minut"},"schema":{"@context":"https:\/\/schema.org","@graph":[{"@type":"WebPage","@id":"https:\/\/jmrpublicidad.com\/ca\/senyalistica-suports\/","url":"https:\/\/jmrpublicidad.com\/ca\/senyalistica-suports\/","name":"Senyal\u00edstica \/ Suports - JMR Publicidad especializada en el medio exterior en gran formato","isPartOf":{"@id":"https:\/\/jmrpublicidad.com\/#website"},"datePublished":"2018-03-26T06:51:35+00:00","dateModified":"2019-01-23T12:55:01+00:00","breadcrumb":{"@id":"https:\/\/jmrpublicidad.com\/ca\/senyalistica-suports\/#breadcrumb"},"inLanguage":"ca","potentialAction":[{"@type":"ReadAction","target":["https:\/\/jmrpublicidad.com\/ca\/senyalistica-suports\/"]}]},{"@type":"BreadcrumbList","@id":"https:\/\/jmrpublicidad.com\/ca\/senyalistica-suports\/#breadcrumb","itemListElement":[{"@type":"ListItem","position":1,"name":"Portada","item":"https:\/\/jmrpublicidad.com\/ca\/presentacion\/"},{"@type":"ListItem","position":2,"name":"Senyal\u00edstica \/ Suports"}]},{"@type":"WebSite","@id":"https:\/\/jmrpublicidad.com\/#website","url":"https:\/\/jmrpublicidad.com\/","name":"JMR Publicidad especializada en el medio exterior en gran formato","description":"","publisher":{"@id":"https:\/\/jmrpublicidad.com\/#organization"},"potentialAction":[{"@type":"SearchAction","target":{"@type":"EntryPoint","urlTemplate":"https:\/\/jmrpublicidad.com\/?s={search_term_string}"},"query-input":{"@type":"PropertyValueSpecification","valueRequired":true,"valueName":"search_term_string"}}],"inLanguage":"ca"},{"@type":"Organization","@id":"https:\/\/jmrpublicidad.com\/#organization","name":"JMR Publicidad","url":"https:\/\/jmrpublicidad.com\/","logo":{"@type":"ImageObject","inLanguage":"ca","@id":"https:\/\/jmrpublicidad.com\/#\/schema\/logo\/image\/","url":"https:\/\/jmrpublicidad.com\/blog\/wp-content\/uploads\/2020\/03\/jmrpublicidad.png","contentUrl":"https:\/\/jmrpublicidad.com\/blog\/wp-content\/uploads\/2020\/03\/jmrpublicidad.png","width":412,"height":115,"caption":"JMR Publicidad"},"image":{"@id":"https:\/\/jmrpublicidad.com\/#\/schema\/logo\/image\/"},"sameAs":["https:\/\/www.facebook.com\/Jmrpublicidad\/"]}]}},"_links":{"self":[{"href":"https:\/\/jmrpublicidad.com\/ca\/wp-json\/wp\/v2\/pages\/584"}],"collection":[{"href":"https:\/\/jmrpublicidad.com\/ca\/wp-json\/wp\/v2\/pages"}],"about":[{"href":"https:\/\/jmrpublicidad.com\/ca\/wp-json\/wp\/v2\/types\/page"}],"author":[{"embeddable":true,"href":"https:\/\/jmrpublicidad.com\/ca\/wp-json\/wp\/v2\/users\/2"}],"replies":[{"embeddable":true,"href":"https:\/\/jmrpublicidad.com\/ca\/wp-json\/wp\/v2\/comments?post=584"}],"version-history":[{"count":2,"href":"https:\/\/jmrpublicidad.com\/ca\/wp-json\/wp\/v2\/pages\/584\/revisions"}],"predecessor-version":[{"id":587,"href":"https:\/\/jmrpublicidad.com\/ca\/wp-json\/wp\/v2\/pages\/584\/revisions\/587"}],"wp:attachment":[{"href":"https:\/\/jmrpublicidad.com\/ca\/wp-json\/wp\/v2\/media?parent=584"}],"curies":[{"name":"wp","href":"https:\/\/api.w.org\/{rel}","templated":true}]}}