{"id":581,"date":"2018-03-26T06:51:01","date_gmt":"2018-03-26T06:51:01","guid":{"rendered":"https:\/\/jmrpublicidad.com\/monopostes-totems\/"},"modified":"2019-01-23T12:28:45","modified_gmt":"2019-01-23T12:28:45","slug":"monopostes-totems","status":"publish","type":"page","link":"https:\/\/jmrpublicidad.com\/ca\/monopostes-totems\/","title":{"rendered":"Monopostes \/ Totems"},"content":{"rendered":"<div class=\"wpb-content-wrapper\"><p>[vc_row][vc_column][vc_column_text]Fabriquem monopostes publicitaris o de promoci\u00f3 a dues o tres cares, de xapa d&#8217;acer de (en Cm): 300\u00d7200; 400\u00d7200; 400\u00d7300; 400\u00d7400; 800\u00d7300; 800\u00d7400; 800\u00d7500; 1040\u00d7300: 1040\u00d7400; 1040\u00d7500; 1200\u00d7300; 1200\u00d7400; 1200\u00d7500;\u2026..<\/p>\n<p>Fabriquem t\u00f2tems corporatius, de senyalitzaci\u00f3 o informatius de xapa d&#8217;acer o alumini, de (en Cm): 200\u00d7100: 300\u00d7100; 400\u00d7120; 500\u00d7150; 600\u00d7200;\u2026..<\/p>\n<p>Muntem o instal\u00b7lem els monopostes i totems amb fust cil\u00edndric de ferro, tubs, tubs estructurals, IPN, IPN estructurals, platines\u2026.<\/p>\n<p>Opci\u00f3 d&#8217;Il\u00b7luminaci\u00f3 amb leds interior o exterior suport.<\/p>\n<p>Projecte T\u00e8cnic i Pla de Seguretat.[\/vc_column_text]<div class=\"gallery-block-wrap  \"><div class=\"wpb_row vc_row-fluid gallery-block-container\"><div class=\"gallery-contents  margin-yes\"><div class=\"gallery-grid-sizer vc_col-sm-3\"><\/div><div class=\"element gallery-item vc_col-sm-6\"><div class=\"portfolio-container portfolio-gallery_style1\"><div class=\"portfolio-img\"><img decoding=\"async\" src=\"https:\/\/jmrpublicidad.com\/blog\/wp-content\/uploads\/2018\/03\/caseta-y-totem-23feb-013-570x570.jpg\" alt=\"\"><\/div><div class=\"portfolio-hover\"><div class=\"gallery-icons\"><div class=\"center-wrap\"><a href=\"https:\/\/jmrpublicidad.com\/blog\/wp-content\/uploads\/2018\/03\/caseta-y-totem-23feb-013.jpg\" class=\"port-icon-hover popup-gallery\" data-title=\"caseta-y-totem-23feb-013\"><i class=\"pixicon-plus\"><\/i><\/a><\/div><\/div><\/div><\/div><\/div><div class=\"element gallery-item vc_col-sm-3\"><div class=\"portfolio-container portfolio-gallery_style1\"><div class=\"portfolio-img\"><img decoding=\"async\" src=\"https:\/\/jmrpublicidad.com\/blog\/wp-content\/uploads\/2018\/03\/deixalleria-1-270x270.jpg\" alt=\"\"><\/div><div class=\"portfolio-hover\"><div class=\"gallery-icons\"><div class=\"center-wrap\"><a href=\"https:\/\/jmrpublicidad.com\/blog\/wp-content\/uploads\/2018\/03\/deixalleria-1.jpg\" class=\"port-icon-hover popup-gallery\" data-title=\"deixalleria-1\"><i class=\"pixicon-plus\"><\/i><\/a><\/div><\/div><\/div><\/div><\/div><div class=\"element gallery-item vc_col-sm-3\"><div class=\"portfolio-container portfolio-gallery_style1\"><div class=\"portfolio-img\"><img decoding=\"async\" src=\"https:\/\/jmrpublicidad.com\/blog\/wp-content\/uploads\/2018\/03\/Lubasa-Vallecas-12-270x270.jpg\" alt=\"\"><\/div><div class=\"portfolio-hover\"><div class=\"gallery-icons\"><div class=\"center-wrap\"><a href=\"https:\/\/jmrpublicidad.com\/blog\/wp-content\/uploads\/2018\/03\/Lubasa-Vallecas-12.jpg\" class=\"port-icon-hover popup-gallery\" data-title=\"Lubasa-Vallecas-12\"><i class=\"pixicon-plus\"><\/i><\/a><\/div><\/div><\/div><\/div><\/div><div class=\"element gallery-item vc_col-sm-3\"><div class=\"portfolio-container portfolio-gallery_style1\"><div class=\"portfolio-img\"><img decoding=\"async\" src=\"https:\/\/jmrpublicidad.com\/blog\/wp-content\/uploads\/2018\/03\/metropolitan-house-SJD-11-270x270.jpg\" alt=\"\"><\/div><div class=\"portfolio-hover\"><div class=\"gallery-icons\"><div class=\"center-wrap\"><a href=\"https:\/\/jmrpublicidad.com\/blog\/wp-content\/uploads\/2018\/03\/metropolitan-house-SJD-11.jpg\" class=\"port-icon-hover popup-gallery\" data-title=\"metropolitan-house-SJD-11\"><i class=\"pixicon-plus\"><\/i><\/a><\/div><\/div><\/div><\/div><\/div><div class=\"element gallery-item vc_col-sm-3\"><div class=\"portfolio-container portfolio-gallery_style1\"><div class=\"portfolio-img\"><img decoding=\"async\" src=\"https:\/\/jmrpublicidad.com\/blog\/wp-content\/uploads\/2018\/03\/monoposte-granvisual-guadalajara-270x270.jpg\" alt=\"\"><\/div><div class=\"portfolio-hover\"><div class=\"gallery-icons\"><div class=\"center-wrap\"><a href=\"https:\/\/jmrpublicidad.com\/blog\/wp-content\/uploads\/2018\/03\/monoposte-granvisual-guadalajara.jpg\" class=\"port-icon-hover popup-gallery\" data-title=\"monoposte-granvisual-guadalajara\"><i class=\"pixicon-plus\"><\/i><\/a><\/div><\/div><\/div><\/div><\/div><div class=\"element gallery-item vc_col-sm-3\"><div class=\"portfolio-container portfolio-gallery_style1\"><div class=\"portfolio-img\"><img decoding=\"async\" src=\"https:\/\/jmrpublicidad.com\/blog\/wp-content\/uploads\/2018\/03\/P4060032-270x270.jpg\" alt=\"\"><\/div><div class=\"portfolio-hover\"><div class=\"gallery-icons\"><div class=\"center-wrap\"><a href=\"https:\/\/jmrpublicidad.com\/blog\/wp-content\/uploads\/2018\/03\/P4060032.jpg\" class=\"port-icon-hover popup-gallery\" data-title=\"P4060032\"><i class=\"pixicon-plus\"><\/i><\/a><\/div><\/div><\/div><\/div><\/div><div class=\"element gallery-item vc_col-sm-3\"><div class=\"portfolio-container portfolio-gallery_style1\"><div class=\"portfolio-img\"><img decoding=\"async\" src=\"https:\/\/jmrpublicidad.com\/blog\/wp-content\/uploads\/2018\/03\/WP_20131129_005_21-270x270.jpg\" alt=\"\"><\/div><div class=\"portfolio-hover\"><div class=\"gallery-icons\"><div class=\"center-wrap\"><a href=\"https:\/\/jmrpublicidad.com\/blog\/wp-content\/uploads\/2018\/03\/WP_20131129_005_21.jpg\" class=\"port-icon-hover popup-gallery\" data-title=\"WP_20131129_005_21\"><i class=\"pixicon-plus\"><\/i><\/a><\/div><\/div><\/div><\/div><\/div><div class=\"element gallery-item vc_col-sm-6\"><div class=\"portfolio-container portfolio-gallery_style1\"><div class=\"portfolio-img\"><img decoding=\"async\" src=\"https:\/\/jmrpublicidad.com\/blog\/wp-content\/uploads\/2018\/03\/WP_20131210_007_21-570x570.jpg\" alt=\"\"><\/div><div class=\"portfolio-hover\"><div class=\"gallery-icons\"><div class=\"center-wrap\"><a href=\"https:\/\/jmrpublicidad.com\/blog\/wp-content\/uploads\/2018\/03\/WP_20131210_007_21.jpg\" class=\"port-icon-hover popup-gallery\" data-title=\"WP_20131210_007_21\"><i class=\"pixicon-plus\"><\/i><\/a><\/div><\/div><\/div><\/div><\/div><div class=\"element gallery-item vc_col-sm-3\"><div class=\"portfolio-container portfolio-gallery_style1\"><div class=\"portfolio-img\"><img decoding=\"async\" src=\"https:\/\/jmrpublicidad.com\/blog\/wp-content\/uploads\/2018\/03\/WP_20140124_001-270x270.jpg\" alt=\"\"><\/div><div class=\"portfolio-hover\"><div class=\"gallery-icons\"><div class=\"center-wrap\"><a href=\"https:\/\/jmrpublicidad.com\/blog\/wp-content\/uploads\/2018\/03\/WP_20140124_001.jpg\" class=\"port-icon-hover popup-gallery\" data-title=\"WP_20140124_001\"><i class=\"pixicon-plus\"><\/i><\/a><\/div><\/div><\/div><\/div><\/div><div class=\"element gallery-item vc_col-sm-3\"><div class=\"portfolio-container portfolio-gallery_style1\"><div class=\"portfolio-img\"><img decoding=\"async\" src=\"https:\/\/jmrpublicidad.com\/blog\/wp-content\/uploads\/2018\/07\/a684118e-270x270.jpg\" alt=\"\"><\/div><div class=\"portfolio-hover\"><div class=\"gallery-icons\"><div class=\"center-wrap\"><a href=\"https:\/\/jmrpublicidad.com\/blog\/wp-content\/uploads\/2018\/07\/a684118e.jpg\" class=\"port-icon-hover popup-gallery\" data-title=\"a684118e\"><i class=\"pixicon-plus\"><\/i><\/a><\/div><\/div><\/div><\/div><\/div><div class=\"element gallery-item vc_col-sm-6\"><div class=\"portfolio-container portfolio-gallery_style1\"><div class=\"portfolio-img\"><img decoding=\"async\" src=\"https:\/\/jmrpublicidad.com\/blog\/wp-content\/uploads\/2018\/07\/TOTEM-LLAVE-ORO-570x570.png\" alt=\"\"><\/div><div class=\"portfolio-hover\"><div class=\"gallery-icons\"><div class=\"center-wrap\"><a href=\"https:\/\/jmrpublicidad.com\/blog\/wp-content\/uploads\/2018\/07\/TOTEM-LLAVE-ORO.png\" class=\"port-icon-hover popup-gallery\" data-title=\"TOTEM LLAVE ORO\"><i class=\"pixicon-plus\"><\/i><\/a><\/div><\/div><\/div><\/div><\/div><\/div><\/div><\/div>[\/vc_column][\/vc_row]<\/p>\n<\/div>","protected":false},"excerpt":{"rendered":"<p>[vc_row][vc_column][vc_column_text]Fabriquem monopostes publicitaris o de promoci\u00f3 a dues o tres cares, de xapa d&#8217;acer de (en Cm): 300\u00d7200; 400\u00d7200; 400\u00d7300; 400\u00d7400; 800\u00d7300; 800\u00d7400; 800\u00d7500; 1040\u00d7300: 1040\u00d7400; 1040\u00d7500; 1200\u00d7300; 1200\u00d7400; 1200\u00d7500;\u2026.. Fabriquem t\u00f2tems corporatius, de senyalitzaci\u00f3 o informatius de xapa d&#8217;acer&#8230;<\/p>\n","protected":false},"author":2,"featured_media":0,"parent":0,"menu_order":2,"comment_status":"closed","ping_status":"closed","template":"","meta":{"footnotes":""},"class_list":["post-581","page","type-page","status-publish","hentry"],"yoast_head":"<!-- This site is optimized with the Yoast SEO plugin v24.9 - https:\/\/yoast.com\/wordpress\/plugins\/seo\/ -->\n<title>Monopostes \/ Totems - JMR Publicidad especializada en el medio exterior en gran formato<\/title>\n<meta name=\"robots\" content=\"index, follow, max-snippet:-1, max-image-preview:large, max-video-preview:-1\" \/>\n<link rel=\"canonical\" href=\"https:\/\/jmrpublicidad.com\/ca\/monopostes-totems\/\" \/>\n<meta property=\"og:locale\" content=\"ca_ES\" \/>\n<meta property=\"og:type\" content=\"article\" \/>\n<meta property=\"og:title\" content=\"Monopostes \/ Totems - JMR Publicidad especializada en el medio exterior en gran formato\" \/>\n<meta property=\"og:description\" content=\"[vc_row][vc_column][vc_column_text]Fabriquem monopostes publicitaris o de promoci\u00f3 a dues o tres cares, de xapa d&#8217;acer de (en Cm): 300\u00d7200; 400\u00d7200; 400\u00d7300; 400\u00d7400; 800\u00d7300; 800\u00d7400; 800\u00d7500; 1040\u00d7300: 1040\u00d7400; 1040\u00d7500; 1200\u00d7300; 1200\u00d7400; 1200\u00d7500;\u2026.. Fabriquem t\u00f2tems corporatius, de senyalitzaci\u00f3 o informatius de xapa d&#8217;acer...\" \/>\n<meta property=\"og:url\" content=\"https:\/\/jmrpublicidad.com\/ca\/monopostes-totems\/\" \/>\n<meta property=\"og:site_name\" content=\"JMR Publicidad especializada en el medio exterior en gran formato\" \/>\n<meta property=\"article:publisher\" content=\"https:\/\/www.facebook.com\/Jmrpublicidad\/\" \/>\n<meta property=\"article:modified_time\" content=\"2019-01-23T12:28:45+00:00\" \/>\n<meta name=\"twitter:card\" content=\"summary_large_image\" \/>\n<script type=\"application\/ld+json\" class=\"yoast-schema-graph\">{\"@context\":\"https:\/\/schema.org\",\"@graph\":[{\"@type\":\"WebPage\",\"@id\":\"https:\/\/jmrpublicidad.com\/ca\/monopostes-totems\/\",\"url\":\"https:\/\/jmrpublicidad.com\/ca\/monopostes-totems\/\",\"name\":\"Monopostes \/ Totems - JMR Publicidad especializada en el medio exterior en gran formato\",\"isPartOf\":{\"@id\":\"https:\/\/jmrpublicidad.com\/#website\"},\"datePublished\":\"2018-03-26T06:51:01+00:00\",\"dateModified\":\"2019-01-23T12:28:45+00:00\",\"breadcrumb\":{\"@id\":\"https:\/\/jmrpublicidad.com\/ca\/monopostes-totems\/#breadcrumb\"},\"inLanguage\":\"ca\",\"potentialAction\":[{\"@type\":\"ReadAction\",\"target\":[\"https:\/\/jmrpublicidad.com\/ca\/monopostes-totems\/\"]}]},{\"@type\":\"BreadcrumbList\",\"@id\":\"https:\/\/jmrpublicidad.com\/ca\/monopostes-totems\/#breadcrumb\",\"itemListElement\":[{\"@type\":\"ListItem\",\"position\":1,\"name\":\"Portada\",\"item\":\"https:\/\/jmrpublicidad.com\/ca\/presentacion\/\"},{\"@type\":\"ListItem\",\"position\":2,\"name\":\"Monopostes \/ Totems\"}]},{\"@type\":\"WebSite\",\"@id\":\"https:\/\/jmrpublicidad.com\/#website\",\"url\":\"https:\/\/jmrpublicidad.com\/\",\"name\":\"JMR Publicidad especializada en el medio exterior en gran formato\",\"description\":\"\",\"publisher\":{\"@id\":\"https:\/\/jmrpublicidad.com\/#organization\"},\"potentialAction\":[{\"@type\":\"SearchAction\",\"target\":{\"@type\":\"EntryPoint\",\"urlTemplate\":\"https:\/\/jmrpublicidad.com\/?s={search_term_string}\"},\"query-input\":{\"@type\":\"PropertyValueSpecification\",\"valueRequired\":true,\"valueName\":\"search_term_string\"}}],\"inLanguage\":\"ca\"},{\"@type\":\"Organization\",\"@id\":\"https:\/\/jmrpublicidad.com\/#organization\",\"name\":\"JMR Publicidad\",\"url\":\"https:\/\/jmrpublicidad.com\/\",\"logo\":{\"@type\":\"ImageObject\",\"inLanguage\":\"ca\",\"@id\":\"https:\/\/jmrpublicidad.com\/#\/schema\/logo\/image\/\",\"url\":\"https:\/\/jmrpublicidad.com\/blog\/wp-content\/uploads\/2020\/03\/jmrpublicidad.png\",\"contentUrl\":\"https:\/\/jmrpublicidad.com\/blog\/wp-content\/uploads\/2020\/03\/jmrpublicidad.png\",\"width\":412,\"height\":115,\"caption\":\"JMR Publicidad\"},\"image\":{\"@id\":\"https:\/\/jmrpublicidad.com\/#\/schema\/logo\/image\/\"},\"sameAs\":[\"https:\/\/www.facebook.com\/Jmrpublicidad\/\"]}]}<\/script>\n<!-- \/ Yoast SEO plugin. -->","yoast_head_json":{"title":"Monopostes \/ Totems - JMR Publicidad especializada en el medio exterior en gran formato","robots":{"index":"index","follow":"follow","max-snippet":"max-snippet:-1","max-image-preview":"max-image-preview:large","max-video-preview":"max-video-preview:-1"},"canonical":"https:\/\/jmrpublicidad.com\/ca\/monopostes-totems\/","og_locale":"ca_ES","og_type":"article","og_title":"Monopostes \/ Totems - JMR Publicidad especializada en el medio exterior en gran formato","og_description":"[vc_row][vc_column][vc_column_text]Fabriquem monopostes publicitaris o de promoci\u00f3 a dues o tres cares, de xapa d&#8217;acer de (en Cm): 300\u00d7200; 400\u00d7200; 400\u00d7300; 400\u00d7400; 800\u00d7300; 800\u00d7400; 800\u00d7500; 1040\u00d7300: 1040\u00d7400; 1040\u00d7500; 1200\u00d7300; 1200\u00d7400; 1200\u00d7500;\u2026.. Fabriquem t\u00f2tems corporatius, de senyalitzaci\u00f3 o informatius de xapa d&#8217;acer...","og_url":"https:\/\/jmrpublicidad.com\/ca\/monopostes-totems\/","og_site_name":"JMR Publicidad especializada en el medio exterior en gran formato","article_publisher":"https:\/\/www.facebook.com\/Jmrpublicidad\/","article_modified_time":"2019-01-23T12:28:45+00:00","twitter_card":"summary_large_image","schema":{"@context":"https:\/\/schema.org","@graph":[{"@type":"WebPage","@id":"https:\/\/jmrpublicidad.com\/ca\/monopostes-totems\/","url":"https:\/\/jmrpublicidad.com\/ca\/monopostes-totems\/","name":"Monopostes \/ Totems - JMR Publicidad especializada en el medio exterior en gran formato","isPartOf":{"@id":"https:\/\/jmrpublicidad.com\/#website"},"datePublished":"2018-03-26T06:51:01+00:00","dateModified":"2019-01-23T12:28:45+00:00","breadcrumb":{"@id":"https:\/\/jmrpublicidad.com\/ca\/monopostes-totems\/#breadcrumb"},"inLanguage":"ca","potentialAction":[{"@type":"ReadAction","target":["https:\/\/jmrpublicidad.com\/ca\/monopostes-totems\/"]}]},{"@type":"BreadcrumbList","@id":"https:\/\/jmrpublicidad.com\/ca\/monopostes-totems\/#breadcrumb","itemListElement":[{"@type":"ListItem","position":1,"name":"Portada","item":"https:\/\/jmrpublicidad.com\/ca\/presentacion\/"},{"@type":"ListItem","position":2,"name":"Monopostes \/ Totems"}]},{"@type":"WebSite","@id":"https:\/\/jmrpublicidad.com\/#website","url":"https:\/\/jmrpublicidad.com\/","name":"JMR Publicidad especializada en el medio exterior en gran formato","description":"","publisher":{"@id":"https:\/\/jmrpublicidad.com\/#organization"},"potentialAction":[{"@type":"SearchAction","target":{"@type":"EntryPoint","urlTemplate":"https:\/\/jmrpublicidad.com\/?s={search_term_string}"},"query-input":{"@type":"PropertyValueSpecification","valueRequired":true,"valueName":"search_term_string"}}],"inLanguage":"ca"},{"@type":"Organization","@id":"https:\/\/jmrpublicidad.com\/#organization","name":"JMR Publicidad","url":"https:\/\/jmrpublicidad.com\/","logo":{"@type":"ImageObject","inLanguage":"ca","@id":"https:\/\/jmrpublicidad.com\/#\/schema\/logo\/image\/","url":"https:\/\/jmrpublicidad.com\/blog\/wp-content\/uploads\/2020\/03\/jmrpublicidad.png","contentUrl":"https:\/\/jmrpublicidad.com\/blog\/wp-content\/uploads\/2020\/03\/jmrpublicidad.png","width":412,"height":115,"caption":"JMR Publicidad"},"image":{"@id":"https:\/\/jmrpublicidad.com\/#\/schema\/logo\/image\/"},"sameAs":["https:\/\/www.facebook.com\/Jmrpublicidad\/"]}]}},"_links":{"self":[{"href":"https:\/\/jmrpublicidad.com\/ca\/wp-json\/wp\/v2\/pages\/581"}],"collection":[{"href":"https:\/\/jmrpublicidad.com\/ca\/wp-json\/wp\/v2\/pages"}],"about":[{"href":"https:\/\/jmrpublicidad.com\/ca\/wp-json\/wp\/v2\/types\/page"}],"author":[{"embeddable":true,"href":"https:\/\/jmrpublicidad.com\/ca\/wp-json\/wp\/v2\/users\/2"}],"replies":[{"embeddable":true,"href":"https:\/\/jmrpublicidad.com\/ca\/wp-json\/wp\/v2\/comments?post=581"}],"version-history":[{"count":1,"href":"https:\/\/jmrpublicidad.com\/ca\/wp-json\/wp\/v2\/pages\/581\/revisions"}],"predecessor-version":[{"id":583,"href":"https:\/\/jmrpublicidad.com\/ca\/wp-json\/wp\/v2\/pages\/581\/revisions\/583"}],"wp:attachment":[{"href":"https:\/\/jmrpublicidad.com\/ca\/wp-json\/wp\/v2\/media?parent=581"}],"curies":[{"name":"wp","href":"https:\/\/api.w.org\/{rel}","templated":true}]}}