{"id":563,"date":"2018-03-26T07:00:39","date_gmt":"2018-03-26T07:00:39","guid":{"rendered":"https:\/\/jmrpublicidad.com\/presentacion\/"},"modified":"2019-01-24T10:38:47","modified_gmt":"2019-01-24T10:38:47","slug":"presentacion","status":"publish","type":"page","link":"https:\/\/jmrpublicidad.com\/ca\/","title":{"rendered":"Empresa"},"content":{"rendered":"<div class=\"wpb-content-wrapper\"><p>[vc_row full_width=&#8221;stretch_row_content_no_spaces&#8221; lvca_dark_bg=&#8221;true&#8221; css=&#8221;.vc_custom_1525347477624{background-position: center !important;background-repeat: no-repeat !important;background-size: cover !important;}&#8221; el_class=&#8221;nopadding&#8221;][vc_column el_class=&#8221;no-margin-bottom nopadding&#8221;][vc_column_text el_class=&#8221;nopadding&#8221;]<img loading=\"lazy\" decoding=\"async\" class=\"alignnone wp-image-669 size-full\" src=\"https:\/\/jmrpublicidad.com\/blog\/wp-content\/uploads\/2019\/01\/claim.jpg\" alt=\"\" width=\"5669\" height=\"1008\" srcset=\"https:\/\/jmrpublicidad.com\/blog\/wp-content\/uploads\/2019\/01\/claim.jpg 5669w, https:\/\/jmrpublicidad.com\/blog\/wp-content\/uploads\/2019\/01\/claim-300x53.jpg 300w, https:\/\/jmrpublicidad.com\/blog\/wp-content\/uploads\/2019\/01\/claim-768x137.jpg 768w, https:\/\/jmrpublicidad.com\/blog\/wp-content\/uploads\/2019\/01\/claim-1024x182.jpg 1024w\" sizes=\"(max-width: 5669px) 100vw, 5669px\" \/>[\/vc_column_text][\/vc_column][\/vc_row][vc_row full_width=&#8221;stretch_row_content&#8221; css=&#8221;.vc_custom_1526297356673{background-image: url(https:\/\/jmrpublicidad.com\/blog\/wp-content\/uploads\/2018\/05\/bg-20aniversario.jpg?id=415) !important;background-position: center !important;background-repeat: no-repeat !important;background-size: cover !important;}&#8221;][vc_column][vc_row_inner][vc_column_inner width=&#8221;1\/3&#8243;][vc_column_text]<a class=\"button-product\" title=\"\" href=\"https:\/\/jmrpublicidad.com\/ca\/tanques-cartelleres\/\"><img decoding=\"async\" src=\"https:\/\/jmrpublicidad.com\/blog\/wp-content\/uploads\/2018\/05\/icon-vallas.png\" \/><strong>Tanques\/Carterelles<\/strong><\/a>[\/vc_column_text][\/vc_column_inner][vc_column_inner width=&#8221;1\/3&#8243;][vc_column_text]<a class=\"button-product\" title=\"\" href=\"https:\/\/jmrpublicidad.com\/ca\/monopostes-totems\/\"><img decoding=\"async\" src=\"https:\/\/jmrpublicidad.com\/blog\/wp-content\/uploads\/2018\/05\/icon-totems.png\" \/><strong>Monopostes \/ Totems<\/strong><\/a>[\/vc_column_text][\/vc_column_inner][vc_column_inner width=&#8221;1\/3&#8243;][vc_column_text]<a class=\"button-product\" title=\"\" href=\"https:\/\/jmrpublicidad.com\/ca\/senyalistica-suports\/\"><img decoding=\"async\" src=\"https:\/\/jmrpublicidad.com\/blog\/wp-content\/uploads\/2018\/04\/icon-senaletica.png\" \/><strong>Senyal\u00edstica\/Suports<\/strong><\/a>[\/vc_column_text][\/vc_column_inner][\/vc_row_inner][vc_row_inner][vc_column_inner width=&#8221;1\/3&#8243;][vc_column_text]<a class=\"button-product\" title=\"\" href=\"https:\/\/jmrpublicidad.com\/ca\/pancartes-lones\/\"><img decoding=\"async\" src=\"https:\/\/jmrpublicidad.com\/blog\/wp-content\/uploads\/2018\/04\/icon-pancartas.png\" \/><strong>Pancartes\/Lones<\/strong><\/a>[\/vc_column_text][\/vc_column_inner][vc_column_inner width=&#8221;1\/3&#8243;][vc_column_text]<a class=\"button-product\" title=\"\" href=\"https:\/\/jmrpublicidad.com\/ca\/plaques-plafons-cartells\/\"><img decoding=\"async\" src=\"https:\/\/jmrpublicidad.com\/blog\/wp-content\/uploads\/2018\/04\/icon-placas.png\" \/><strong>Plaques\/Plafons\/Cartells<\/strong><\/a>[\/vc_column_text][\/vc_column_inner][vc_column_inner width=&#8221;1\/3&#8243;][vc_column_text]<a class=\"button-product\" title=\"\" href=\"https:\/\/jmrpublicidad.com\/ca\/rotuls-lluminosos\/\"><img decoding=\"async\" src=\"https:\/\/jmrpublicidad.com\/blog\/wp-content\/uploads\/2018\/05\/icon-rotulos.png\" \/><strong>R\u00f2tuls\/Lluminosos<\/strong><\/a>[\/vc_column_text][\/vc_column_inner][\/vc_row_inner][vc_row_inner][vc_column_inner width=&#8221;1\/3&#8243;][vc_column_text]<a class=\"button-product\" title=\"\" href=\"https:\/\/jmrpublicidad.com\/ca\/tancaments-perimetral\/\"><img decoding=\"async\" src=\"https:\/\/jmrpublicidad.com\/blog\/wp-content\/uploads\/2018\/04\/icon-cerramientos.png\" \/><strong>Tancaments\/Perimetral<\/strong><\/a>[\/vc_column_text][\/vc_column_inner][vc_column_inner width=&#8221;1\/3&#8243;][vc_column_text]<\/p>\n<div style=\"display: initial;\"><a class=\"button-product\" title=\"\" href=\"https:\/\/jmrpublicidad.com\/ca\/rotulacio-de-vehicles\/\"><img decoding=\"async\" src=\"https:\/\/jmrpublicidad.com\/blog\/wp-content\/uploads\/2018\/04\/icon-vehiculos.png\" \/><strong>Rotulaci\u00f3 de Vehicles<br \/>\nEmbarcacions Esportives<br \/>\ni d&#8217;Esbarjo<\/strong><\/a><\/div>\n<p>[\/vc_column_text][\/vc_column_inner][vc_column_inner width=&#8221;1\/3&#8243;][vc_column_text]<a class=\"button-product\" title=\"\" href=\"https:\/\/jmrpublicidad.com\/ca\/punts-de-venta-oficines\/\"><img decoding=\"async\" src=\"https:\/\/jmrpublicidad.com\/blog\/wp-content\/uploads\/2018\/04\/icon-venta.png\" \/><strong>Punts de vendes\/Oficines<\/strong><\/a>[\/vc_column_text][\/vc_column_inner][\/vc_row_inner][vc_row_inner][vc_column_inner width=&#8221;1\/3&#8243;][vc_column_text]<a class=\"button-product\" title=\"\" href=\"https:\/\/jmrpublicidad.com\/ca\/vinils-impressio-digital-tall\/\"><img decoding=\"async\" src=\"https:\/\/jmrpublicidad.com\/blog\/wp-content\/uploads\/2018\/04\/icon-vinilos.png\" \/><strong>Vinils Impressi\u00f3 Digital\/Tall<\/strong><\/a>[\/vc_column_text][\/vc_column_inner][vc_column_inner width=&#8221;1\/3&#8243;][vc_column_text]<a class=\"button-product\" title=\"\" href=\"https:\/\/jmrpublicidad.com\/ca\/right-hand\/\"><img decoding=\"async\" src=\"https:\/\/jmrpublicidad.com\/blog\/wp-content\/uploads\/2018\/05\/icon-right-hand.png\" \/><strong>Right Hand<\/strong><\/a>[\/vc_column_text][\/vc_column_inner][vc_column_inner width=&#8221;1\/3&#8243;][vc_column_text]<a class=\"button-product\" title=\"\" href=\"https:\/\/jmrpublicidad.com\/ca\/suports-de-lloguer\/\"><img decoding=\"async\" src=\"https:\/\/jmrpublicidad.com\/blog\/wp-content\/uploads\/2018\/05\/icon-alquiler.png\" \/><strong>Suports de Lloguer<\/strong><\/a>[\/vc_column_text][\/vc_column_inner][\/vc_row_inner][vc_row_inner][vc_column_inner width=&#8221;1\/3&#8243;][\/vc_column_inner][vc_column_inner width=&#8221;1\/3&#8243;][vc_column_text]<a class=\"button-product\" title=\"\" href=\"https:\/\/jmrpublicidad.com\/ca\/disseny\/\"><img decoding=\"async\" src=\"https:\/\/jmrpublicidad.com\/blog\/wp-content\/uploads\/2018\/05\/icon-design.png\" \/><strong>Disseny<\/strong><\/a>[\/vc_column_text][\/vc_column_inner][vc_column_inner width=&#8221;1\/3&#8243;][\/vc_column_inner][\/vc_row_inner][\/vc_column][\/vc_row][vc_row css=&#8221;.vc_custom_1522169416688{padding-bottom: 10px !important;}&#8221;][vc_column width=&#8221;1\/2&#8243;][vc_column_text]<strong>jmrpublicidad<\/strong>\u00a0\u00e9s una companyia especialitzada en el medi exterior de petit i gran format, amb m\u00e9s de 19 anys d&#8217;experi\u00e8ncia en el sector de la publicitat exterior. Aquestes dues d\u00e8cades ens han perm\u00e8s col\u00b7laborar estreta i conjuntament amb un gran nombre de societats de diversos sectors econ\u00f2mics, amb els quals, amb el pas de temps, han anat dipositant a poc a poc la seva confian\u00e7a amb nosaltres, ja sigui per la qualitat dels nostres productes com pels serveis professionals oferts.<\/p>\n<p><img loading=\"lazy\" decoding=\"async\" class=\"alignnone wp-image-666 size-full\" style=\"width: 100%;\" src=\"https:\/\/jmrpublicidad.com\/blog\/wp-content\/uploads\/2019\/01\/jmr-cat.jpg\" alt=\"\" width=\"545\" height=\"97\" srcset=\"https:\/\/jmrpublicidad.com\/blog\/wp-content\/uploads\/2019\/01\/jmr-cat.jpg 545w, https:\/\/jmrpublicidad.com\/blog\/wp-content\/uploads\/2019\/01\/jmr-cat-300x53.jpg 300w\" sizes=\"(max-width: 545px) 100vw, 545px\" \/><\/p>\n<p>A\u00a0<strong>jmrpublicidad<\/strong>\u00a0posem a la seva disposici\u00f3 tot un desplegament de mitjans humans (personal qualificat) aix\u00ed com d&#8217;elements t\u00e8cnics especialitzats (material i maquin\u00e0ria d&#8217;\u00faltima generaci\u00f3) amb la finalitat de crear, produir i instal\u00b7lar qualsevol element publicitari en el medi exterior (tant per interiors com per exteriors), a uns costos realment competitius i en un timming adaptat a les seves necessitats.<\/p>\n<p>Agra\u00efm als nostres clients que comptin sempre amb <strong>jmrpublicidad<\/strong> per imprimir vinils (monom\u00e8ric, polim\u00e8ric, removible, microperforat, electrost\u00e0tic, fosa, transl\u00facid o especial), imprimir lones (frontlit, opaca, microperforada o per retroil\u00b7luminar), imprimir paper, imprimir materials r\u00edgids ( f\u00f3rex, dibond, foam, metacrilat, fusta, &#8230;), imprimir banderoles, imprimir banners \/ roll up o per subministrar vinil de tall (de massa polim\u00e8ric, removible o fosa) aix\u00ed com per fabricar tanques publicit\u00e0ries, fabricar tanques de xapa o de lames per a obra civil o p\u00fablica, fabricar cartells r\u00edgids de senyalitzaci\u00f3 provisional obra (de xapa, de lames, de polipropil\u00e8 o de forex), fabricar cartelleres d&#8217;obra o promoci\u00f3, fabricar monopals (de xapa a dues o tres cares, Backlight, etc.), fabricar caixes de llum, fabricar lletres corp\u00f2ries (acer, alumini o PVC, il\u00b7luminades o sense il\u00b7luminar), fabricar t\u00f2tems (xapa acer galvanitzat i \/ o alumini, il\u00b7luminat o sense il\u00b7luminar), produir tancaments en xapa grecada o llisa per a obra, produir plaques de alocubond, retolar interior i exteriorment oficines o punts de venda, retolar vehicles comercials o industrials, i molt mes &#8230;.[\/vc_column_text][\/vc_column][vc_column width=&#8221;1\/2&#8243;][vc_gallery interval=&#8221;3&#8243; images=&#8221;200,201,202,204,205,206,207,208,209&#8243; img_size=&#8221;large&#8221;][\/vc_column][\/vc_row]<\/p>\n<\/div>","protected":false},"excerpt":{"rendered":"<p>[vc_row full_width=&#8221;stretch_row_content_no_spaces&#8221; lvca_dark_bg=&#8221;true&#8221; css=&#8221;.vc_custom_1525347477624{background-position: center !important;background-repeat: no-repeat !important;background-size: cover !important;}&#8221; el_class=&#8221;nopadding&#8221;][vc_column el_class=&#8221;no-margin-bottom nopadding&#8221;][vc_column_text el_class=&#8221;nopadding&#8221;][\/vc_column_text][\/vc_column][\/vc_row][vc_row full_width=&#8221;stretch_row_content&#8221; css=&#8221;.vc_custom_1526297356673{background-image: url(https:\/\/jmrpublicidad.com\/blog\/wp-content\/uploads\/2018\/05\/bg-20aniversario.jpg?id=415) !important;background-position: center !important;background-repeat: no-repeat !important;background-size: cover !important;}&#8221;][vc_column][vc_row_inner][vc_column_inner width=&#8221;1\/3&#8243;][vc_column_text]Tanques\/Carterelles[\/vc_column_text][\/vc_column_inner][vc_column_inner width=&#8221;1\/3&#8243;][vc_column_text]Monopostes \/ Totems[\/vc_column_text][\/vc_column_inner][vc_column_inner width=&#8221;1\/3&#8243;][vc_column_text]Senyal\u00edstica\/Suports[\/vc_column_text][\/vc_column_inner][\/vc_row_inner][vc_row_inner][vc_column_inner width=&#8221;1\/3&#8243;][vc_column_text]Pancartes\/Lones[\/vc_column_text][\/vc_column_inner][vc_column_inner width=&#8221;1\/3&#8243;][vc_column_text]Plaques\/Plafons\/Cartells[\/vc_column_text][\/vc_column_inner][vc_column_inner width=&#8221;1\/3&#8243;][vc_column_text]R\u00f2tuls\/Lluminosos[\/vc_column_text][\/vc_column_inner][\/vc_row_inner][vc_row_inner][vc_column_inner width=&#8221;1\/3&#8243;][vc_column_text]Tancaments\/Perimetral[\/vc_column_text][\/vc_column_inner][vc_column_inner width=&#8221;1\/3&#8243;][vc_column_text] Rotulaci\u00f3 de Vehicles Embarcacions Esportives i&#8230;<\/p>\n","protected":false},"author":2,"featured_media":0,"parent":0,"menu_order":0,"comment_status":"closed","ping_status":"closed","template":"","meta":{"footnotes":""},"class_list":["post-563","page","type-page","status-publish","hentry"],"yoast_head":"<!-- This site is optimized with the Yoast SEO plugin v24.9 - https:\/\/yoast.com\/wordpress\/plugins\/seo\/ -->\n<title>Empresa - JMR Publicidad especializada en el medio exterior en gran formato<\/title>\n<meta name=\"robots\" content=\"index, follow, max-snippet:-1, max-image-preview:large, max-video-preview:-1\" \/>\n<link rel=\"canonical\" href=\"https:\/\/jmrpublicidad.com\/ca\/presentacion\/\" \/>\n<meta property=\"og:locale\" content=\"ca_ES\" \/>\n<meta property=\"og:type\" content=\"article\" \/>\n<meta property=\"og:title\" content=\"Empresa - JMR Publicidad especializada en el medio exterior en gran formato\" \/>\n<meta property=\"og:description\" content=\"[vc_row full_width=&#8221;stretch_row_content_no_spaces&#8221; lvca_dark_bg=&#8221;true&#8221; css=&#8221;.vc_custom_1525347477624{background-position: center !important;background-repeat: no-repeat !important;background-size: cover !important;}&#8221; el_class=&#8221;nopadding&#8221;][vc_column el_class=&#8221;no-margin-bottom nopadding&#8221;][vc_column_text el_class=&#8221;nopadding&#8221;][\/vc_column_text][\/vc_column][\/vc_row][vc_row full_width=&#8221;stretch_row_content&#8221; css=&#8221;.vc_custom_1526297356673{background-image: url(https:\/\/jmrpublicidad.com\/blog\/wp-content\/uploads\/2018\/05\/bg-20aniversario.jpg?id=415) !important;background-position: center !important;background-repeat: no-repeat !important;background-size: cover !important;}&#8221;][vc_column][vc_row_inner][vc_column_inner width=&#8221;1\/3&#8243;][vc_column_text]Tanques\/Carterelles[\/vc_column_text][\/vc_column_inner][vc_column_inner width=&#8221;1\/3&#8243;][vc_column_text]Monopostes \/ Totems[\/vc_column_text][\/vc_column_inner][vc_column_inner width=&#8221;1\/3&#8243;][vc_column_text]Senyal\u00edstica\/Suports[\/vc_column_text][\/vc_column_inner][\/vc_row_inner][vc_row_inner][vc_column_inner width=&#8221;1\/3&#8243;][vc_column_text]Pancartes\/Lones[\/vc_column_text][\/vc_column_inner][vc_column_inner width=&#8221;1\/3&#8243;][vc_column_text]Plaques\/Plafons\/Cartells[\/vc_column_text][\/vc_column_inner][vc_column_inner width=&#8221;1\/3&#8243;][vc_column_text]R\u00f2tuls\/Lluminosos[\/vc_column_text][\/vc_column_inner][\/vc_row_inner][vc_row_inner][vc_column_inner width=&#8221;1\/3&#8243;][vc_column_text]Tancaments\/Perimetral[\/vc_column_text][\/vc_column_inner][vc_column_inner width=&#8221;1\/3&#8243;][vc_column_text] Rotulaci\u00f3 de Vehicles Embarcacions Esportives i...\" \/>\n<meta property=\"og:url\" content=\"https:\/\/jmrpublicidad.com\/ca\/presentacion\/\" \/>\n<meta property=\"og:site_name\" content=\"JMR Publicidad especializada en el medio exterior en gran formato\" \/>\n<meta property=\"article:publisher\" content=\"https:\/\/www.facebook.com\/Jmrpublicidad\/\" \/>\n<meta property=\"article:modified_time\" content=\"2019-01-24T10:38:47+00:00\" \/>\n<meta property=\"og:image\" content=\"https:\/\/jmrpublicidad.com\/blog\/wp-content\/uploads\/2019\/01\/claim.jpg\" \/>\n\t<meta property=\"og:image:width\" content=\"5669\" \/>\n\t<meta property=\"og:image:height\" content=\"1008\" \/>\n\t<meta property=\"og:image:type\" content=\"image\/jpeg\" \/>\n<meta name=\"twitter:card\" content=\"summary_large_image\" \/>\n<meta name=\"twitter:label1\" content=\"Temps estimat de lectura\" \/>\n\t<meta name=\"twitter:data1\" content=\"4 minuts\" \/>\n<script type=\"application\/ld+json\" class=\"yoast-schema-graph\">{\"@context\":\"https:\/\/schema.org\",\"@graph\":[{\"@type\":\"WebPage\",\"@id\":\"https:\/\/jmrpublicidad.com\/ca\/presentacion\/\",\"url\":\"https:\/\/jmrpublicidad.com\/ca\/presentacion\/\",\"name\":\"Empresa - JMR Publicidad especializada en el medio exterior en gran formato\",\"isPartOf\":{\"@id\":\"https:\/\/jmrpublicidad.com\/#website\"},\"primaryImageOfPage\":{\"@id\":\"https:\/\/jmrpublicidad.com\/ca\/presentacion\/#primaryimage\"},\"image\":{\"@id\":\"https:\/\/jmrpublicidad.com\/ca\/presentacion\/#primaryimage\"},\"thumbnailUrl\":\"https:\/\/jmrpublicidad.com\/blog\/wp-content\/uploads\/2019\/01\/claim.jpg\",\"datePublished\":\"2018-03-26T07:00:39+00:00\",\"dateModified\":\"2019-01-24T10:38:47+00:00\",\"breadcrumb\":{\"@id\":\"https:\/\/jmrpublicidad.com\/ca\/presentacion\/#breadcrumb\"},\"inLanguage\":\"ca\",\"potentialAction\":[{\"@type\":\"ReadAction\",\"target\":[\"https:\/\/jmrpublicidad.com\/ca\/presentacion\/\"]}]},{\"@type\":\"ImageObject\",\"inLanguage\":\"ca\",\"@id\":\"https:\/\/jmrpublicidad.com\/ca\/presentacion\/#primaryimage\",\"url\":\"https:\/\/jmrpublicidad.com\/blog\/wp-content\/uploads\/2019\/01\/claim.jpg\",\"contentUrl\":\"https:\/\/jmrpublicidad.com\/blog\/wp-content\/uploads\/2019\/01\/claim.jpg\"},{\"@type\":\"BreadcrumbList\",\"@id\":\"https:\/\/jmrpublicidad.com\/ca\/presentacion\/#breadcrumb\",\"itemListElement\":[{\"@type\":\"ListItem\",\"position\":1,\"name\":\"Portada\",\"item\":\"https:\/\/jmrpublicidad.com\/ca\/presentacion\/\"},{\"@type\":\"ListItem\",\"position\":2,\"name\":\"Empresa\"}]},{\"@type\":\"WebSite\",\"@id\":\"https:\/\/jmrpublicidad.com\/#website\",\"url\":\"https:\/\/jmrpublicidad.com\/\",\"name\":\"JMR Publicidad especializada en el medio exterior en gran formato\",\"description\":\"\",\"publisher\":{\"@id\":\"https:\/\/jmrpublicidad.com\/#organization\"},\"potentialAction\":[{\"@type\":\"SearchAction\",\"target\":{\"@type\":\"EntryPoint\",\"urlTemplate\":\"https:\/\/jmrpublicidad.com\/?s={search_term_string}\"},\"query-input\":{\"@type\":\"PropertyValueSpecification\",\"valueRequired\":true,\"valueName\":\"search_term_string\"}}],\"inLanguage\":\"ca\"},{\"@type\":\"Organization\",\"@id\":\"https:\/\/jmrpublicidad.com\/#organization\",\"name\":\"JMR Publicidad\",\"url\":\"https:\/\/jmrpublicidad.com\/\",\"logo\":{\"@type\":\"ImageObject\",\"inLanguage\":\"ca\",\"@id\":\"https:\/\/jmrpublicidad.com\/#\/schema\/logo\/image\/\",\"url\":\"https:\/\/jmrpublicidad.com\/blog\/wp-content\/uploads\/2020\/03\/jmrpublicidad.png\",\"contentUrl\":\"https:\/\/jmrpublicidad.com\/blog\/wp-content\/uploads\/2020\/03\/jmrpublicidad.png\",\"width\":412,\"height\":115,\"caption\":\"JMR Publicidad\"},\"image\":{\"@id\":\"https:\/\/jmrpublicidad.com\/#\/schema\/logo\/image\/\"},\"sameAs\":[\"https:\/\/www.facebook.com\/Jmrpublicidad\/\"]}]}<\/script>\n<!-- \/ Yoast SEO plugin. -->","yoast_head_json":{"title":"Empresa - JMR Publicidad especializada en el medio exterior en gran formato","robots":{"index":"index","follow":"follow","max-snippet":"max-snippet:-1","max-image-preview":"max-image-preview:large","max-video-preview":"max-video-preview:-1"},"canonical":"https:\/\/jmrpublicidad.com\/ca\/presentacion\/","og_locale":"ca_ES","og_type":"article","og_title":"Empresa - JMR Publicidad especializada en el medio exterior en gran formato","og_description":"[vc_row full_width=&#8221;stretch_row_content_no_spaces&#8221; lvca_dark_bg=&#8221;true&#8221; css=&#8221;.vc_custom_1525347477624{background-position: center !important;background-repeat: no-repeat !important;background-size: cover !important;}&#8221; el_class=&#8221;nopadding&#8221;][vc_column el_class=&#8221;no-margin-bottom nopadding&#8221;][vc_column_text el_class=&#8221;nopadding&#8221;][\/vc_column_text][\/vc_column][\/vc_row][vc_row full_width=&#8221;stretch_row_content&#8221; css=&#8221;.vc_custom_1526297356673{background-image: url(https:\/\/jmrpublicidad.com\/blog\/wp-content\/uploads\/2018\/05\/bg-20aniversario.jpg?id=415) !important;background-position: center !important;background-repeat: no-repeat !important;background-size: cover !important;}&#8221;][vc_column][vc_row_inner][vc_column_inner width=&#8221;1\/3&#8243;][vc_column_text]Tanques\/Carterelles[\/vc_column_text][\/vc_column_inner][vc_column_inner width=&#8221;1\/3&#8243;][vc_column_text]Monopostes \/ Totems[\/vc_column_text][\/vc_column_inner][vc_column_inner width=&#8221;1\/3&#8243;][vc_column_text]Senyal\u00edstica\/Suports[\/vc_column_text][\/vc_column_inner][\/vc_row_inner][vc_row_inner][vc_column_inner width=&#8221;1\/3&#8243;][vc_column_text]Pancartes\/Lones[\/vc_column_text][\/vc_column_inner][vc_column_inner width=&#8221;1\/3&#8243;][vc_column_text]Plaques\/Plafons\/Cartells[\/vc_column_text][\/vc_column_inner][vc_column_inner width=&#8221;1\/3&#8243;][vc_column_text]R\u00f2tuls\/Lluminosos[\/vc_column_text][\/vc_column_inner][\/vc_row_inner][vc_row_inner][vc_column_inner width=&#8221;1\/3&#8243;][vc_column_text]Tancaments\/Perimetral[\/vc_column_text][\/vc_column_inner][vc_column_inner width=&#8221;1\/3&#8243;][vc_column_text] Rotulaci\u00f3 de Vehicles Embarcacions Esportives i...","og_url":"https:\/\/jmrpublicidad.com\/ca\/presentacion\/","og_site_name":"JMR Publicidad especializada en el medio exterior en gran formato","article_publisher":"https:\/\/www.facebook.com\/Jmrpublicidad\/","article_modified_time":"2019-01-24T10:38:47+00:00","og_image":[{"width":5669,"height":1008,"url":"https:\/\/jmrpublicidad.com\/blog\/wp-content\/uploads\/2019\/01\/claim.jpg","type":"image\/jpeg"}],"twitter_card":"summary_large_image","twitter_misc":{"Temps estimat de lectura":"4 minuts"},"schema":{"@context":"https:\/\/schema.org","@graph":[{"@type":"WebPage","@id":"https:\/\/jmrpublicidad.com\/ca\/presentacion\/","url":"https:\/\/jmrpublicidad.com\/ca\/presentacion\/","name":"Empresa - JMR Publicidad especializada en el medio exterior en gran formato","isPartOf":{"@id":"https:\/\/jmrpublicidad.com\/#website"},"primaryImageOfPage":{"@id":"https:\/\/jmrpublicidad.com\/ca\/presentacion\/#primaryimage"},"image":{"@id":"https:\/\/jmrpublicidad.com\/ca\/presentacion\/#primaryimage"},"thumbnailUrl":"https:\/\/jmrpublicidad.com\/blog\/wp-content\/uploads\/2019\/01\/claim.jpg","datePublished":"2018-03-26T07:00:39+00:00","dateModified":"2019-01-24T10:38:47+00:00","breadcrumb":{"@id":"https:\/\/jmrpublicidad.com\/ca\/presentacion\/#breadcrumb"},"inLanguage":"ca","potentialAction":[{"@type":"ReadAction","target":["https:\/\/jmrpublicidad.com\/ca\/presentacion\/"]}]},{"@type":"ImageObject","inLanguage":"ca","@id":"https:\/\/jmrpublicidad.com\/ca\/presentacion\/#primaryimage","url":"https:\/\/jmrpublicidad.com\/blog\/wp-content\/uploads\/2019\/01\/claim.jpg","contentUrl":"https:\/\/jmrpublicidad.com\/blog\/wp-content\/uploads\/2019\/01\/claim.jpg"},{"@type":"BreadcrumbList","@id":"https:\/\/jmrpublicidad.com\/ca\/presentacion\/#breadcrumb","itemListElement":[{"@type":"ListItem","position":1,"name":"Portada","item":"https:\/\/jmrpublicidad.com\/ca\/presentacion\/"},{"@type":"ListItem","position":2,"name":"Empresa"}]},{"@type":"WebSite","@id":"https:\/\/jmrpublicidad.com\/#website","url":"https:\/\/jmrpublicidad.com\/","name":"JMR Publicidad especializada en el medio exterior en gran formato","description":"","publisher":{"@id":"https:\/\/jmrpublicidad.com\/#organization"},"potentialAction":[{"@type":"SearchAction","target":{"@type":"EntryPoint","urlTemplate":"https:\/\/jmrpublicidad.com\/?s={search_term_string}"},"query-input":{"@type":"PropertyValueSpecification","valueRequired":true,"valueName":"search_term_string"}}],"inLanguage":"ca"},{"@type":"Organization","@id":"https:\/\/jmrpublicidad.com\/#organization","name":"JMR Publicidad","url":"https:\/\/jmrpublicidad.com\/","logo":{"@type":"ImageObject","inLanguage":"ca","@id":"https:\/\/jmrpublicidad.com\/#\/schema\/logo\/image\/","url":"https:\/\/jmrpublicidad.com\/blog\/wp-content\/uploads\/2020\/03\/jmrpublicidad.png","contentUrl":"https:\/\/jmrpublicidad.com\/blog\/wp-content\/uploads\/2020\/03\/jmrpublicidad.png","width":412,"height":115,"caption":"JMR Publicidad"},"image":{"@id":"https:\/\/jmrpublicidad.com\/#\/schema\/logo\/image\/"},"sameAs":["https:\/\/www.facebook.com\/Jmrpublicidad\/"]}]}},"_links":{"self":[{"href":"https:\/\/jmrpublicidad.com\/ca\/wp-json\/wp\/v2\/pages\/563"}],"collection":[{"href":"https:\/\/jmrpublicidad.com\/ca\/wp-json\/wp\/v2\/pages"}],"about":[{"href":"https:\/\/jmrpublicidad.com\/ca\/wp-json\/wp\/v2\/types\/page"}],"author":[{"embeddable":true,"href":"https:\/\/jmrpublicidad.com\/ca\/wp-json\/wp\/v2\/users\/2"}],"replies":[{"embeddable":true,"href":"https:\/\/jmrpublicidad.com\/ca\/wp-json\/wp\/v2\/comments?post=563"}],"version-history":[{"count":7,"href":"https:\/\/jmrpublicidad.com\/ca\/wp-json\/wp\/v2\/pages\/563\/revisions"}],"predecessor-version":[{"id":671,"href":"https:\/\/jmrpublicidad.com\/ca\/wp-json\/wp\/v2\/pages\/563\/revisions\/671"}],"wp:attachment":[{"href":"https:\/\/jmrpublicidad.com\/ca\/wp-json\/wp\/v2\/media?parent=563"}],"curies":[{"name":"wp","href":"https:\/\/api.w.org\/{rel}","templated":true}]}}