{"id":281,"date":"2018-03-27T11:04:03","date_gmt":"2018-03-27T11:04:03","guid":{"rendered":"https:\/\/jmrpublicidad.com\/blog\/politica-sobre-cookies\/"},"modified":"2018-03-27T11:09:27","modified_gmt":"2018-03-27T11:09:27","slug":"politica-sobre-cookies","status":"publish","type":"page","link":"https:\/\/jmrpublicidad.com\/ca\/politica-sobre-cookies\/","title":{"rendered":"Pol\u00edtica sobre cookies"},"content":{"rendered":"<h3>Qu\u00e8 s\u00f3n les cookies?<\/h3>\n<p>Una cookie \u00e9s un fitxer que es descarrega en el seu ordinador a l\u2019accedir a determinades p\u00e0gines web. Les cookies permeten a una p\u00e0gina web, entre altres coses, emmagatzemar i recuperar informaci\u00f3 sobre els h\u00e0bits de navegaci\u00f3 d\u2019un usuari o del seu equip i, depenent de la informaci\u00f3 que continguin i de la forma en qu\u00e8 utilitzi el seu equip, poden utilitzar-se per recon\u00e8ixer a l\u2019usuari.<\/p>\n<h3>Tipus de cookies<\/h3>\n<p>Segons qui sigui l\u2019entitat que gestioni el domini des d\u2019on s\u2019envien les cookies i tracti les dades que s\u2019obtinguin es poden distingir dos tipus: cookies pr\u00f2pies i cookies de tercers. Existeix tamb\u00e9 una segona classificaci\u00f3 segons el termini de temps que romanen emmagatzemades en el navegador del client, podent tractar-se de cookies de sessi\u00f3 o cookies persistents. Existeix una altra classificaci\u00f3 amb cinc tipus de cookies segons la finalitat per la qual es tractin les dades obtingudes: cookies t\u00e8cniques, cookies de personalitzaci\u00f3, cookies d\u2019an\u00e0lisi, cookies publicit\u00e0ries i cookies de publicitat comportamental.<\/p>\n<h3>A continuaci\u00f3 s\u2019identifiquen les cookies que estan sent utilitzades en aquest portal aix\u00ed com la seva tipologia i funci\u00f3:<\/h3>\n<p>A continuaci\u00f3 s\u2019identifiquen les cookies que estan sent utilitzades en aquest portal aix\u00ed com la seva tipologia i funci\u00f3:<\/p>\n<p><b>\u2022 Cookies d\u2019an\u00e0lisi:\u00a0<\/b>S\u00f3n aquelles que ben tractades per nosaltres o per tercers, ens permeten quantificar el nombre d\u2019usuaris i aix\u00ed realitzar el mesurament i an\u00e0lisi estad\u00edstica de la utilitzaci\u00f3 que fan els usuaris del servei ofert. Per a aix\u00f2 s\u2019analitza la seva navegaci\u00f3 a la nostra p\u00e0gina web amb la finalitat de millorar l\u2019oferta de productes o serveis que li oferim.<br \/>\nS\u2019utilitza Google Analytics, un servei d\u2019anal\u00edtica web desenvolupada per Google, que permet el mesurament i an\u00e0lisi de la navegaci\u00f3 a les p\u00e0gines web. En el seu navegador podr\u00e0 observar 4 cookies d\u2019aquest servei. Segons la tipologia anterior es tracta de cookies pr\u00f2pies, de sessi\u00f3 i d\u2019an\u00e0lisi. Pot trobar m\u00e9s informaci\u00f3 sobre aquest tema i inhabilitar l\u2019\u00fas d\u2019aquestes cookies\u00a0<a href=\"http:\/\/www.google.es\/intl\/es\/analytics\/privacyoverview.html\" target=\"_blank\" rel=\"noopener\">http:\/\/www.google.es\/intl\/es\/analytics\/privacyoverview.html<\/a>.<br \/>\nA trav\u00e9s de l\u2019anal\u00edtica web no s\u2019obt\u00e9 informaci\u00f3 sobre les seves dades personals . La informaci\u00f3 que s\u2019obt\u00e9 \u00e9s la relativa al nombre d\u2019usuaris que accedeixen a la web, el nombre de p\u00e0gines vistes, la freq\u00fc\u00e8ncia i repetici\u00f3 de les visites, la seva durada, el navegador utilitzat, l\u2019operador que presta el servei, l\u2019idioma, el terminal que utilitza, o la ciutat a la qual est\u00e0 assignada la seva adre\u00e7a IP. Informaci\u00f3 que possibilita un millor i m\u00e9s apropiat servei per part d\u2019aquest portal.<\/p>\n<p><b>\u2022 PHPSESSID:\u00a0<\/b>\u00c9s una cookie de tipus t\u00e8cnic necess\u00e0ria per a la correcta navegaci\u00f3 per les p\u00e0gines web.<\/p>\n<p><b>\u2022 cookies_policy:\u00a0<\/b>Finalment, es descarrega aquesta cookie de tipus t\u00e8cnic i de sessi\u00f3. Gestiona el consentiment de l\u2019usuari davant l\u2019\u00fas de les cookies a la p\u00e0gina web, amb l\u2019objecte d\u2019evitar l\u2019excessiva mol\u00e8stia que pugui suposar mostrar repetidament informaci\u00f3 sobre la pol\u00edtica de cookies en la part inferior de la web a aquelles persones que hagin acceptat la mateixa.<\/p>\n<h3>Acceptaci\u00f3 de la Pol\u00edtica de cookies<\/h3>\n<p><strong>JRM Publicidad<\/strong> mostra informaci\u00f3 sobre la seva Pol\u00edtica de cookies en la part inferior de qualsevol p\u00e0gina amb cada inici de sessi\u00f3.<\/p>\n<p>Davant aquesta informaci\u00f3 \u00e9s possible dur a terme les seg\u00fcents accions:<\/p>\n<p>\u2013 Acceptar cookies. No es tornar\u00e0 a visualitzar aquest av\u00eds en accedir a qualsevol p\u00e0gina del portal durant la present sessi\u00f3.<\/p>\n<p>\u2013 Modificar la seva configuraci\u00f3. Podr\u00e0 obtenir m\u00e9s informaci\u00f3 sobre qu\u00e8 s\u00f3n les cookies, con\u00e8ixer la Pol\u00edtica de cookies del Ministeri i modificar la configuraci\u00f3 de la seva navegaci\u00f3. Per\u00f2 aix\u00f2 no evitar\u00e0 que es mostri l\u2019av\u00eds sobre cookies en accedir a noves p\u00e0gines del portal.<\/p>\n<h3>Com modificar la configuraci\u00f3 de les cookies<\/h3>\n<p>Vost\u00e8 pot restringir, bloquejar o esborrar les cookies utilitzant el seu navegador. En cada navegador l\u2019operativa diferent, la funci\u00f3 d\u201dAjuda\u201d li mostrar\u00e0 com fer-ho.<\/p>\n<p><a href=\"http:\/\/windows.microsoft.com\/es-xl\/internet-explorer\/delete-manage-cookies#ie=ie-11\" target=\"_blank\" rel=\"noopener\">Internet Explorer<\/a><\/p>\n<p><a href=\"http:\/\/support.mozilla.org\/es\/kb\/Borrar%20cookies\" target=\"_blank\" rel=\"noopener\">FireFox<\/a><\/p>\n<p><a href=\"https:\/\/support.google.com\/chrome\/answer\/95647\" target=\"_blank\" rel=\"noopener\">Google Chrome<\/a><\/p>\n<p><a href=\"http:\/\/www.apple.com\/es\/privacy\/use-of-cookies\/\" target=\"_blank\" rel=\"noopener\">Safari<\/a><\/p>\n","protected":false},"excerpt":{"rendered":"<p>Qu\u00e8 s\u00f3n les cookies? Una cookie \u00e9s un fitxer que es descarrega en el seu ordinador a l\u2019accedir a determinades p\u00e0gines web. Les cookies permeten a una p\u00e0gina web, entre altres coses, emmagatzemar i recuperar informaci\u00f3 sobre els h\u00e0bits de&#8230;<\/p>\n","protected":false},"author":2,"featured_media":0,"parent":0,"menu_order":0,"comment_status":"closed","ping_status":"closed","template":"","meta":{"footnotes":""},"class_list":["post-281","page","type-page","status-publish","hentry"],"yoast_head":"<!-- This site is optimized with the Yoast SEO plugin v24.9 - https:\/\/yoast.com\/wordpress\/plugins\/seo\/ -->\n<title>Pol\u00edtica sobre cookies - JMR Publicidad especializada en el medio exterior en gran formato<\/title>\n<meta name=\"robots\" content=\"index, follow, max-snippet:-1, max-image-preview:large, max-video-preview:-1\" \/>\n<link rel=\"canonical\" href=\"https:\/\/jmrpublicidad.com\/ca\/politica-sobre-cookies\/\" \/>\n<meta property=\"og:locale\" content=\"ca_ES\" \/>\n<meta property=\"og:type\" content=\"article\" \/>\n<meta property=\"og:title\" content=\"Pol\u00edtica sobre cookies - JMR Publicidad especializada en el medio exterior en gran formato\" \/>\n<meta property=\"og:description\" content=\"Qu\u00e8 s\u00f3n les cookies? Una cookie \u00e9s un fitxer que es descarrega en el seu ordinador a l\u2019accedir a determinades p\u00e0gines web. Les cookies permeten a una p\u00e0gina web, entre altres coses, emmagatzemar i recuperar informaci\u00f3 sobre els h\u00e0bits de...\" \/>\n<meta property=\"og:url\" content=\"https:\/\/jmrpublicidad.com\/ca\/politica-sobre-cookies\/\" \/>\n<meta property=\"og:site_name\" content=\"JMR Publicidad especializada en el medio exterior en gran formato\" \/>\n<meta property=\"article:publisher\" content=\"https:\/\/www.facebook.com\/Jmrpublicidad\/\" \/>\n<meta property=\"article:modified_time\" content=\"2018-03-27T11:09:27+00:00\" \/>\n<meta name=\"twitter:card\" content=\"summary_large_image\" \/>\n<meta name=\"twitter:label1\" content=\"Temps estimat de lectura\" \/>\n\t<meta name=\"twitter:data1\" content=\"4 minuts\" \/>\n<script type=\"application\/ld+json\" class=\"yoast-schema-graph\">{\"@context\":\"https:\/\/schema.org\",\"@graph\":[{\"@type\":\"WebPage\",\"@id\":\"https:\/\/jmrpublicidad.com\/ca\/politica-sobre-cookies\/\",\"url\":\"https:\/\/jmrpublicidad.com\/ca\/politica-sobre-cookies\/\",\"name\":\"Pol\u00edtica sobre cookies - JMR Publicidad especializada en el medio exterior en gran formato\",\"isPartOf\":{\"@id\":\"https:\/\/jmrpublicidad.com\/#website\"},\"datePublished\":\"2018-03-27T11:04:03+00:00\",\"dateModified\":\"2018-03-27T11:09:27+00:00\",\"breadcrumb\":{\"@id\":\"https:\/\/jmrpublicidad.com\/ca\/politica-sobre-cookies\/#breadcrumb\"},\"inLanguage\":\"ca\",\"potentialAction\":[{\"@type\":\"ReadAction\",\"target\":[\"https:\/\/jmrpublicidad.com\/ca\/politica-sobre-cookies\/\"]}]},{\"@type\":\"BreadcrumbList\",\"@id\":\"https:\/\/jmrpublicidad.com\/ca\/politica-sobre-cookies\/#breadcrumb\",\"itemListElement\":[{\"@type\":\"ListItem\",\"position\":1,\"name\":\"Portada\",\"item\":\"https:\/\/jmrpublicidad.com\/ca\/presentacion\/\"},{\"@type\":\"ListItem\",\"position\":2,\"name\":\"Pol\u00edtica sobre cookies\"}]},{\"@type\":\"WebSite\",\"@id\":\"https:\/\/jmrpublicidad.com\/#website\",\"url\":\"https:\/\/jmrpublicidad.com\/\",\"name\":\"JMR Publicidad especializada en el medio exterior en gran formato\",\"description\":\"\",\"publisher\":{\"@id\":\"https:\/\/jmrpublicidad.com\/#organization\"},\"potentialAction\":[{\"@type\":\"SearchAction\",\"target\":{\"@type\":\"EntryPoint\",\"urlTemplate\":\"https:\/\/jmrpublicidad.com\/?s={search_term_string}\"},\"query-input\":{\"@type\":\"PropertyValueSpecification\",\"valueRequired\":true,\"valueName\":\"search_term_string\"}}],\"inLanguage\":\"ca\"},{\"@type\":\"Organization\",\"@id\":\"https:\/\/jmrpublicidad.com\/#organization\",\"name\":\"JMR Publicidad\",\"url\":\"https:\/\/jmrpublicidad.com\/\",\"logo\":{\"@type\":\"ImageObject\",\"inLanguage\":\"ca\",\"@id\":\"https:\/\/jmrpublicidad.com\/#\/schema\/logo\/image\/\",\"url\":\"https:\/\/jmrpublicidad.com\/blog\/wp-content\/uploads\/2020\/03\/jmrpublicidad.png\",\"contentUrl\":\"https:\/\/jmrpublicidad.com\/blog\/wp-content\/uploads\/2020\/03\/jmrpublicidad.png\",\"width\":412,\"height\":115,\"caption\":\"JMR Publicidad\"},\"image\":{\"@id\":\"https:\/\/jmrpublicidad.com\/#\/schema\/logo\/image\/\"},\"sameAs\":[\"https:\/\/www.facebook.com\/Jmrpublicidad\/\"]}]}<\/script>\n<!-- \/ Yoast SEO plugin. -->","yoast_head_json":{"title":"Pol\u00edtica sobre cookies - JMR Publicidad especializada en el medio exterior en gran formato","robots":{"index":"index","follow":"follow","max-snippet":"max-snippet:-1","max-image-preview":"max-image-preview:large","max-video-preview":"max-video-preview:-1"},"canonical":"https:\/\/jmrpublicidad.com\/ca\/politica-sobre-cookies\/","og_locale":"ca_ES","og_type":"article","og_title":"Pol\u00edtica sobre cookies - JMR Publicidad especializada en el medio exterior en gran formato","og_description":"Qu\u00e8 s\u00f3n les cookies? Una cookie \u00e9s un fitxer que es descarrega en el seu ordinador a l\u2019accedir a determinades p\u00e0gines web. Les cookies permeten a una p\u00e0gina web, entre altres coses, emmagatzemar i recuperar informaci\u00f3 sobre els h\u00e0bits de...","og_url":"https:\/\/jmrpublicidad.com\/ca\/politica-sobre-cookies\/","og_site_name":"JMR Publicidad especializada en el medio exterior en gran formato","article_publisher":"https:\/\/www.facebook.com\/Jmrpublicidad\/","article_modified_time":"2018-03-27T11:09:27+00:00","twitter_card":"summary_large_image","twitter_misc":{"Temps estimat de lectura":"4 minuts"},"schema":{"@context":"https:\/\/schema.org","@graph":[{"@type":"WebPage","@id":"https:\/\/jmrpublicidad.com\/ca\/politica-sobre-cookies\/","url":"https:\/\/jmrpublicidad.com\/ca\/politica-sobre-cookies\/","name":"Pol\u00edtica sobre cookies - JMR Publicidad especializada en el medio exterior en gran formato","isPartOf":{"@id":"https:\/\/jmrpublicidad.com\/#website"},"datePublished":"2018-03-27T11:04:03+00:00","dateModified":"2018-03-27T11:09:27+00:00","breadcrumb":{"@id":"https:\/\/jmrpublicidad.com\/ca\/politica-sobre-cookies\/#breadcrumb"},"inLanguage":"ca","potentialAction":[{"@type":"ReadAction","target":["https:\/\/jmrpublicidad.com\/ca\/politica-sobre-cookies\/"]}]},{"@type":"BreadcrumbList","@id":"https:\/\/jmrpublicidad.com\/ca\/politica-sobre-cookies\/#breadcrumb","itemListElement":[{"@type":"ListItem","position":1,"name":"Portada","item":"https:\/\/jmrpublicidad.com\/ca\/presentacion\/"},{"@type":"ListItem","position":2,"name":"Pol\u00edtica sobre cookies"}]},{"@type":"WebSite","@id":"https:\/\/jmrpublicidad.com\/#website","url":"https:\/\/jmrpublicidad.com\/","name":"JMR Publicidad especializada en el medio exterior en gran formato","description":"","publisher":{"@id":"https:\/\/jmrpublicidad.com\/#organization"},"potentialAction":[{"@type":"SearchAction","target":{"@type":"EntryPoint","urlTemplate":"https:\/\/jmrpublicidad.com\/?s={search_term_string}"},"query-input":{"@type":"PropertyValueSpecification","valueRequired":true,"valueName":"search_term_string"}}],"inLanguage":"ca"},{"@type":"Organization","@id":"https:\/\/jmrpublicidad.com\/#organization","name":"JMR Publicidad","url":"https:\/\/jmrpublicidad.com\/","logo":{"@type":"ImageObject","inLanguage":"ca","@id":"https:\/\/jmrpublicidad.com\/#\/schema\/logo\/image\/","url":"https:\/\/jmrpublicidad.com\/blog\/wp-content\/uploads\/2020\/03\/jmrpublicidad.png","contentUrl":"https:\/\/jmrpublicidad.com\/blog\/wp-content\/uploads\/2020\/03\/jmrpublicidad.png","width":412,"height":115,"caption":"JMR Publicidad"},"image":{"@id":"https:\/\/jmrpublicidad.com\/#\/schema\/logo\/image\/"},"sameAs":["https:\/\/www.facebook.com\/Jmrpublicidad\/"]}]}},"_links":{"self":[{"href":"https:\/\/jmrpublicidad.com\/ca\/wp-json\/wp\/v2\/pages\/281"}],"collection":[{"href":"https:\/\/jmrpublicidad.com\/ca\/wp-json\/wp\/v2\/pages"}],"about":[{"href":"https:\/\/jmrpublicidad.com\/ca\/wp-json\/wp\/v2\/types\/page"}],"author":[{"embeddable":true,"href":"https:\/\/jmrpublicidad.com\/ca\/wp-json\/wp\/v2\/users\/2"}],"replies":[{"embeddable":true,"href":"https:\/\/jmrpublicidad.com\/ca\/wp-json\/wp\/v2\/comments?post=281"}],"version-history":[{"count":1,"href":"https:\/\/jmrpublicidad.com\/ca\/wp-json\/wp\/v2\/pages\/281\/revisions"}],"predecessor-version":[{"id":282,"href":"https:\/\/jmrpublicidad.com\/ca\/wp-json\/wp\/v2\/pages\/281\/revisions\/282"}],"wp:attachment":[{"href":"https:\/\/jmrpublicidad.com\/ca\/wp-json\/wp\/v2\/media?parent=281"}],"curies":[{"name":"wp","href":"https:\/\/api.w.org\/{rel}","templated":true}]}}